{"id":86,"date":"2020-10-29T11:39:36","date_gmt":"2020-10-29T09:39:36","guid":{"rendered":"http:\/\/89.166.51.80\/~pohjoispaij\/ahtola\/?page_id=86"},"modified":"2021-04-27T15:43:42","modified_gmt":"2021-04-27T12:43:42","slug":"lupamaksut-ja-ohjeet","status":"publish","type":"page","link":"https:\/\/keiteleenkalatalousalue.fi\/syvalahti\/luvat\/lupamaksut-ja-ohjeet\/","title":{"rendered":"Lupamaksut ja ohjeet"},"content":{"rendered":"\n<h2 class=\"wp-block-heading\">Lupamaksut ja ohjeet<\/h2>\n\n\n\n<h4 class=\"wp-block-heading\">PYYDYSTEN MERKITSEMINEN<\/h4>\n\n\n\n<p>Pyydykset tulee merkit\u00e4 pyydysyksikk\u00f6\u00e4 vastaavalla m\u00e4\u00e4r\u00e4ll\u00e4 lupamerkkej\u00e4. Merkit tulee asettaa pinnalla olevaan kohoon tai lippumerkkiin tai talvella j\u00e4\u00e4n p\u00e4\u00e4ll\u00e4 n\u00e4kyv\u00e4\u00e4n keppiin.<br>HUOM! Vain 1,5 m:n lippusaloin merkitty pyydys on lainmukainen !<\/p>\n\n\n\n<p>Pyydysyksikk\u00f6arvot=merkkim\u00e4\u00e4r\u00e4t:<br>-nuotta 20 pyydysyksikk\u00f6\u00e4 = merkki\u00e4<br>-verkko yli 30x3m 4 pyydysyksikk\u00f6\u00e4 = merkki\u00e4<br>-verkko enint\u00e4\u00e4n 30x3m ja rys\u00e4 yli 1m 2 pyydysyksikk\u00f6\u00e4 = merkki\u00e4<br>-katiska,madesuppilo, rys\u00e4 enint\u00e4\u00e4n 1m 1 pyydysyksikk\u00f6 = merkki<\/p>\n\n\n\n<h4 class=\"wp-block-heading\">MAKSUT<\/h4>\n\n\n\n<p>Merkit<br>-osakkaat 1 \u20ac\/kpl<br>-ulkopuoliset 3 \u20ac\/kpl, enint\u00e4\u00e4n 6 kpl\/ruokakunta.<br><br>Viehemaksu ulkopuolisille 3 \u20ac. Lupa oikeuttaa k\u00e4ytt\u00e4m\u00e4\u00e4n kuutta (6) viehett\u00e4\/lupa. Osakkailla vierasviehekalastuslupa 20 \u20ac\/vieras\/kausi. Osakas mukana !<br><br>Huom! Vieraiden luvat oikeuttavat kalastamaan vain Keiteleest\u00e4.<br>Osakkailla ei erillist\u00e4 viehemaksua.<\/p>\n\n\n\n<h4 class=\"wp-block-heading\">METS\u00c4STYS<\/h4>\n\n\n\n<p>Vesilintujen mets\u00e4stys on sallittu vain osakkaille. Osakas saa tuoda mukanaan enint\u00e4\u00e4n kaksi vierasta kerrallaan, josta osakas maksaa 5 \u20ac\/vieras\/viikko. Tai 20 \u20ac\/vieras\/vesilintumets\u00e4styskausi. Osakas mukana mets\u00e4styksess\u00e4. Mets\u00e4stykselt\u00e4 on rauhoitettu 20.8-30.9 Syv\u00e4lahti, Lohilahti (Pukkisaaren etel\u00e4p\u00e4\u00e4t\u00e4 my\u00f6ten), Matilanvirta, H\u00e4rkinsalmi (Pynn\u00f6nsaari-Voudinsaari-H\u00e4rkinhiekka ja Pynn\u00f6nsaari-P\u00f6r\u00f6nkallio), Aittolahti, Lapinlahti Kuikkaniemen tasalta sek\u00e4 kokonaan Saralampi. Pienpetojen pyynti on kaikille vapaa.<br>HUOMIO Osakaskunnan j\u00e4sen voi luovuttaa kalastusoikeuden ulkopuoliselle henkil\u00f6lle, mutta siit\u00e4 on ilmoitettava kirjallisesti hoitokunnalle ja samalla osakas itse menett\u00e4\u00e4 kalastusoikeuden !<\/p>\n\n\n\n<h4 class=\"wp-block-heading\">HUOMIO<\/h4>\n\n\n\n<p>Osakaskunnan j\u00e4sen voi luovuttaa kalastusoikeuden ulkopuoliselle henkil\u00f6lle, mutta siit\u00e4 on<br>lmoitettava kirjallisesti hoitokunnalle ja samalla osakas itse menett\u00e4\u00e4 kalastusoikeuden !<\/p>\n","protected":false},"excerpt":{"rendered":"<p>Lupamaksut ja ohjeet PYYDYSTEN MERKITSEMINEN Pyydykset tulee merkit\u00e4 pyydysyksikk\u00f6\u00e4 vastaavalla m\u00e4\u00e4r\u00e4ll\u00e4 lupamerkkej\u00e4. Merkit tulee asettaa pinnalla olevaan kohoon tai lippumerkkiin tai talvella j\u00e4\u00e4n p\u00e4\u00e4ll\u00e4 n\u00e4kyv\u00e4\u00e4n keppiin.HUOM! Vain 1,5 m:n lippusaloin merkitty pyydys on lainmukainen ! Pyydysyksikk\u00f6arvot=merkkim\u00e4\u00e4r\u00e4t:-nuotta 20 pyydysyksikk\u00f6\u00e4 = merkki\u00e4-verkko yli 30x3m 4 pyydysyksikk\u00f6\u00e4 = merkki\u00e4-verkko enint\u00e4\u00e4n 30x3m ja rys\u00e4 yli 1m 2 pyydysyksikk\u00f6\u00e4 =<\/p>\n<p><a class=\"moretag\" href=\"https:\/\/keiteleenkalatalousalue.fi\/syvalahti\/luvat\/lupamaksut-ja-ohjeet\/\"> Lue lis\u00e4\u00e4 ><\/a><\/p>\n","protected":false},"author":1,"featured_media":0,"parent":45,"menu_order":0,"comment_status":"closed","ping_status":"closed","template":"basic-sivu.php","meta":{"_acf_changed":false,"footnotes":""},"class_list":["post-86","page","type-page","status-publish","hentry"],"acf":[],"yoast_head":"<!-- This site is optimized with the Yoast SEO plugin v27.4 - https:\/\/yoast.com\/product\/yoast-seo-wordpress\/ -->\n<title>Lupamaksut ja ohjeet - Syv\u00e4lahti - Pynn\u00f6nsaaren osakaskunta<\/title>\n<meta name=\"robots\" content=\"index, follow, max-snippet:-1, max-image-preview:large, max-video-preview:-1\" \/>\n<link rel=\"canonical\" href=\"https:\/\/keiteleenkalatalousalue.fi\/syvalahti\/luvat\/lupamaksut-ja-ohjeet\/\" \/>\n<meta property=\"og:locale\" content=\"fi_FI\" \/>\n<meta property=\"og:type\" content=\"article\" \/>\n<meta property=\"og:title\" content=\"Lupamaksut ja ohjeet - Syv\u00e4lahti - Pynn\u00f6nsaaren osakaskunta\" \/>\n<meta property=\"og:description\" content=\"Lupamaksut ja ohjeet PYYDYSTEN MERKITSEMINEN Pyydykset tulee merkit\u00e4 pyydysyksikk\u00f6\u00e4 vastaavalla m\u00e4\u00e4r\u00e4ll\u00e4 lupamerkkej\u00e4. Merkit tulee asettaa pinnalla olevaan kohoon tai lippumerkkiin tai talvella j\u00e4\u00e4n p\u00e4\u00e4ll\u00e4 n\u00e4kyv\u00e4\u00e4n keppiin.HUOM! Vain 1,5 m:n lippusaloin merkitty pyydys on lainmukainen ! Pyydysyksikk\u00f6arvot=merkkim\u00e4\u00e4r\u00e4t:-nuotta 20 pyydysyksikk\u00f6\u00e4 = merkki\u00e4-verkko yli 30x3m 4 pyydysyksikk\u00f6\u00e4 = merkki\u00e4-verkko enint\u00e4\u00e4n 30x3m ja rys\u00e4 yli 1m 2 pyydysyksikk\u00f6\u00e4 = Lue lis\u00e4\u00e4 &gt;\" \/>\n<meta property=\"og:url\" content=\"https:\/\/keiteleenkalatalousalue.fi\/syvalahti\/luvat\/lupamaksut-ja-ohjeet\/\" \/>\n<meta property=\"og:site_name\" content=\"Syv\u00e4lahti - Pynn\u00f6nsaaren osakaskunta\" \/>\n<meta property=\"article:modified_time\" content=\"2021-04-27T12:43:42+00:00\" \/>\n<meta name=\"twitter:card\" content=\"summary_large_image\" \/>\n<meta name=\"twitter:label1\" content=\"Arvioitu lukuaika\" \/>\n\t<meta name=\"twitter:data1\" content=\"1 minuutti\" \/>\n<script type=\"application\/ld+json\" class=\"yoast-schema-graph\">{\"@context\":\"https:\\\/\\\/schema.org\",\"@graph\":[{\"@type\":\"WebPage\",\"@id\":\"https:\\\/\\\/keiteleenkalatalousalue.fi\\\/syvalahti\\\/luvat\\\/lupamaksut-ja-ohjeet\\\/\",\"url\":\"https:\\\/\\\/keiteleenkalatalousalue.fi\\\/syvalahti\\\/luvat\\\/lupamaksut-ja-ohjeet\\\/\",\"name\":\"Lupamaksut ja ohjeet - Syv\u00e4lahti - Pynn\u00f6nsaaren osakaskunta\",\"isPartOf\":{\"@id\":\"https:\\\/\\\/keiteleenkalatalousalue.fi\\\/syvalahti\\\/#website\"},\"datePublished\":\"2020-10-29T09:39:36+00:00\",\"dateModified\":\"2021-04-27T12:43:42+00:00\",\"breadcrumb\":{\"@id\":\"https:\\\/\\\/keiteleenkalatalousalue.fi\\\/syvalahti\\\/luvat\\\/lupamaksut-ja-ohjeet\\\/#breadcrumb\"},\"inLanguage\":\"fi\",\"potentialAction\":[{\"@type\":\"ReadAction\",\"target\":[\"https:\\\/\\\/keiteleenkalatalousalue.fi\\\/syvalahti\\\/luvat\\\/lupamaksut-ja-ohjeet\\\/\"]}]},{\"@type\":\"BreadcrumbList\",\"@id\":\"https:\\\/\\\/keiteleenkalatalousalue.fi\\\/syvalahti\\\/luvat\\\/lupamaksut-ja-ohjeet\\\/#breadcrumb\",\"itemListElement\":[{\"@type\":\"ListItem\",\"position\":1,\"name\":\"Home\",\"item\":\"https:\\\/\\\/keiteleenkalatalousalue.fi\\\/syvalahti\\\/\"},{\"@type\":\"ListItem\",\"position\":2,\"name\":\"Yksityinen: Luvat\",\"item\":\"https:\\\/\\\/keiteleenkalatalousalue.fi\\\/syvalahti\\\/?page_id=45\"},{\"@type\":\"ListItem\",\"position\":3,\"name\":\"Lupamaksut ja ohjeet\"}]},{\"@type\":\"WebSite\",\"@id\":\"https:\\\/\\\/keiteleenkalatalousalue.fi\\\/syvalahti\\\/#website\",\"url\":\"https:\\\/\\\/keiteleenkalatalousalue.fi\\\/syvalahti\\\/\",\"name\":\"Syv\u00e4lahti - Pynn\u00f6nsaaren osakaskunta\",\"description\":\"\",\"potentialAction\":[{\"@type\":\"SearchAction\",\"target\":{\"@type\":\"EntryPoint\",\"urlTemplate\":\"https:\\\/\\\/keiteleenkalatalousalue.fi\\\/syvalahti\\\/?s={search_term_string}\"},\"query-input\":{\"@type\":\"PropertyValueSpecification\",\"valueRequired\":true,\"valueName\":\"search_term_string\"}}],\"inLanguage\":\"fi\"}]}<\/script>\n<!-- \/ Yoast SEO plugin. -->","yoast_head_json":{"title":"Lupamaksut ja ohjeet - Syv\u00e4lahti - Pynn\u00f6nsaaren osakaskunta","robots":{"index":"index","follow":"follow","max-snippet":"max-snippet:-1","max-image-preview":"max-image-preview:large","max-video-preview":"max-video-preview:-1"},"canonical":"https:\/\/keiteleenkalatalousalue.fi\/syvalahti\/luvat\/lupamaksut-ja-ohjeet\/","og_locale":"fi_FI","og_type":"article","og_title":"Lupamaksut ja ohjeet - Syv\u00e4lahti - Pynn\u00f6nsaaren osakaskunta","og_description":"Lupamaksut ja ohjeet PYYDYSTEN MERKITSEMINEN Pyydykset tulee merkit\u00e4 pyydysyksikk\u00f6\u00e4 vastaavalla m\u00e4\u00e4r\u00e4ll\u00e4 lupamerkkej\u00e4. Merkit tulee asettaa pinnalla olevaan kohoon tai lippumerkkiin tai talvella j\u00e4\u00e4n p\u00e4\u00e4ll\u00e4 n\u00e4kyv\u00e4\u00e4n keppiin.HUOM! Vain 1,5 m:n lippusaloin merkitty pyydys on lainmukainen ! Pyydysyksikk\u00f6arvot=merkkim\u00e4\u00e4r\u00e4t:-nuotta 20 pyydysyksikk\u00f6\u00e4 = merkki\u00e4-verkko yli 30x3m 4 pyydysyksikk\u00f6\u00e4 = merkki\u00e4-verkko enint\u00e4\u00e4n 30x3m ja rys\u00e4 yli 1m 2 pyydysyksikk\u00f6\u00e4 = Lue lis\u00e4\u00e4 >","og_url":"https:\/\/keiteleenkalatalousalue.fi\/syvalahti\/luvat\/lupamaksut-ja-ohjeet\/","og_site_name":"Syv\u00e4lahti - Pynn\u00f6nsaaren osakaskunta","article_modified_time":"2021-04-27T12:43:42+00:00","twitter_card":"summary_large_image","twitter_misc":{"Arvioitu lukuaika":"1 minuutti"},"schema":{"@context":"https:\/\/schema.org","@graph":[{"@type":"WebPage","@id":"https:\/\/keiteleenkalatalousalue.fi\/syvalahti\/luvat\/lupamaksut-ja-ohjeet\/","url":"https:\/\/keiteleenkalatalousalue.fi\/syvalahti\/luvat\/lupamaksut-ja-ohjeet\/","name":"Lupamaksut ja ohjeet - Syv\u00e4lahti - Pynn\u00f6nsaaren osakaskunta","isPartOf":{"@id":"https:\/\/keiteleenkalatalousalue.fi\/syvalahti\/#website"},"datePublished":"2020-10-29T09:39:36+00:00","dateModified":"2021-04-27T12:43:42+00:00","breadcrumb":{"@id":"https:\/\/keiteleenkalatalousalue.fi\/syvalahti\/luvat\/lupamaksut-ja-ohjeet\/#breadcrumb"},"inLanguage":"fi","potentialAction":[{"@type":"ReadAction","target":["https:\/\/keiteleenkalatalousalue.fi\/syvalahti\/luvat\/lupamaksut-ja-ohjeet\/"]}]},{"@type":"BreadcrumbList","@id":"https:\/\/keiteleenkalatalousalue.fi\/syvalahti\/luvat\/lupamaksut-ja-ohjeet\/#breadcrumb","itemListElement":[{"@type":"ListItem","position":1,"name":"Home","item":"https:\/\/keiteleenkalatalousalue.fi\/syvalahti\/"},{"@type":"ListItem","position":2,"name":"Yksityinen: Luvat","item":"https:\/\/keiteleenkalatalousalue.fi\/syvalahti\/?page_id=45"},{"@type":"ListItem","position":3,"name":"Lupamaksut ja ohjeet"}]},{"@type":"WebSite","@id":"https:\/\/keiteleenkalatalousalue.fi\/syvalahti\/#website","url":"https:\/\/keiteleenkalatalousalue.fi\/syvalahti\/","name":"Syv\u00e4lahti - Pynn\u00f6nsaaren osakaskunta","description":"","potentialAction":[{"@type":"SearchAction","target":{"@type":"EntryPoint","urlTemplate":"https:\/\/keiteleenkalatalousalue.fi\/syvalahti\/?s={search_term_string}"},"query-input":{"@type":"PropertyValueSpecification","valueRequired":true,"valueName":"search_term_string"}}],"inLanguage":"fi"}]}},"_links":{"self":[{"href":"https:\/\/keiteleenkalatalousalue.fi\/syvalahti\/wp-json\/wp\/v2\/pages\/86","targetHints":{"allow":["GET"]}}],"collection":[{"href":"https:\/\/keiteleenkalatalousalue.fi\/syvalahti\/wp-json\/wp\/v2\/pages"}],"about":[{"href":"https:\/\/keiteleenkalatalousalue.fi\/syvalahti\/wp-json\/wp\/v2\/types\/page"}],"author":[{"embeddable":true,"href":"https:\/\/keiteleenkalatalousalue.fi\/syvalahti\/wp-json\/wp\/v2\/users\/1"}],"replies":[{"embeddable":true,"href":"https:\/\/keiteleenkalatalousalue.fi\/syvalahti\/wp-json\/wp\/v2\/comments?post=86"}],"version-history":[{"count":2,"href":"https:\/\/keiteleenkalatalousalue.fi\/syvalahti\/wp-json\/wp\/v2\/pages\/86\/revisions"}],"predecessor-version":[{"id":256,"href":"https:\/\/keiteleenkalatalousalue.fi\/syvalahti\/wp-json\/wp\/v2\/pages\/86\/revisions\/256"}],"up":[{"embeddable":true,"href":"https:\/\/keiteleenkalatalousalue.fi\/syvalahti\/wp-json\/wp\/v2\/pages\/45"}],"wp:attachment":[{"href":"https:\/\/keiteleenkalatalousalue.fi\/syvalahti\/wp-json\/wp\/v2\/media?parent=86"}],"curies":[{"name":"wp","href":"https:\/\/api.w.org\/{rel}","templated":true}]}}