{"id":26,"date":"2020-10-29T08:31:59","date_gmt":"2020-10-29T08:31:59","guid":{"rendered":"http:\/\/89.166.51.80\/~pohjoispaij\/ahtola\/?page_id=26"},"modified":"2021-06-21T15:42:48","modified_gmt":"2021-06-21T12:42:48","slug":"tiedot","status":"publish","type":"page","link":"https:\/\/keiteleenkalatalousalue.fi\/syvalahti\/tiedot\/","title":{"rendered":"Tiedot"},"content":{"rendered":"\n<h2 class=\"wp-block-heading\">Yhteystiedot<\/h2>\n\n\n\n<p>Pj. Heikki Helaster\u00e4<br>J\u00e4nislahdentie 692<br>44280 SUMIAINEN<br>p. 0400 314 155<\/p>\n\n\n\n<p>Vpj. Matti Monthan&nbsp;<br>Syv\u00e4lahdentie 452&nbsp;<br>44260 Vihij\u00e4rvi<br>044 592 7395<br><br>J\u00e4senet:<br>Aapo Sorri&nbsp;<br>Aittolahdentie 42&nbsp;<br>44260 Vihij\u00e4rvi<br>040 716 3105<br><br>Esko Mikola&nbsp;<br>J\u00e4nislahdentie 555&nbsp;<br>44280 Sumiainen<br>050 304 6946<br><br>Matti Rissanen&nbsp;<br>Aittolahdentie 169&nbsp;<br>44260 Vihij\u00e4rvi<br>050 340 9706<\/p>\n\n\n\n<h2 class=\"wp-block-heading\">Sijainti<\/h2>\n\n\n\n<iframe loading=\"lazy\" width=\"640\" height=\"480\" frameborder=\"0\" scrolling=\"no\" marginheight=\"0\" marginwidth=\"0\" src=\"https:\/\/maps.google.fi\/maps\/ms?ie=UTF8&amp;hl=fi&amp;msa=0&amp;msid=107738130064611158473.00046b6cf845edd0ea39f&amp;ll=62.712888,25.914688&amp;spn=0.1511,0.439453&amp;z=11&amp;output=embed\"><\/iframe>\n","protected":false},"excerpt":{"rendered":"<p>Yhteystiedot Pj. Heikki Helaster\u00e4J\u00e4nislahdentie 69244280 SUMIAINENp. 0400 314 155 Vpj. Matti Monthan&nbsp;Syv\u00e4lahdentie 452&nbsp;44260 Vihij\u00e4rvi044 592 7395 J\u00e4senet:Aapo Sorri&nbsp;Aittolahdentie 42&nbsp;44260 Vihij\u00e4rvi040 716 3105 Esko Mikola&nbsp;J\u00e4nislahdentie 555&nbsp;44280 Sumiainen050 304 6946 Matti Rissanen&nbsp;Aittolahdentie 169&nbsp;44260 Vihij\u00e4rvi050 340 9706 Sijainti<\/p>\n","protected":false},"author":1,"featured_media":0,"parent":0,"menu_order":0,"comment_status":"closed","ping_status":"closed","template":"basic-sivu.php","meta":{"_acf_changed":false,"footnotes":""},"class_list":["post-26","page","type-page","status-publish","hentry"],"acf":[],"yoast_head":"<!-- This site is optimized with the Yoast SEO plugin v27.4 - https:\/\/yoast.com\/product\/yoast-seo-wordpress\/ -->\n<title>Tiedot - Syv\u00e4lahti - Pynn\u00f6nsaaren osakaskunta<\/title>\n<meta name=\"robots\" content=\"index, follow, max-snippet:-1, max-image-preview:large, max-video-preview:-1\" \/>\n<link rel=\"canonical\" href=\"https:\/\/keiteleenkalatalousalue.fi\/syvalahti\/tiedot\/\" \/>\n<meta property=\"og:locale\" content=\"fi_FI\" \/>\n<meta property=\"og:type\" content=\"article\" \/>\n<meta property=\"og:title\" content=\"Tiedot - Syv\u00e4lahti - Pynn\u00f6nsaaren osakaskunta\" \/>\n<meta property=\"og:description\" content=\"Yhteystiedot Pj. Heikki Helaster\u00e4J\u00e4nislahdentie 69244280 SUMIAINENp. 0400 314 155 Vpj. Matti Monthan&nbsp;Syv\u00e4lahdentie 452&nbsp;44260 Vihij\u00e4rvi044 592 7395 J\u00e4senet:Aapo Sorri&nbsp;Aittolahdentie 42&nbsp;44260 Vihij\u00e4rvi040 716 3105 Esko Mikola&nbsp;J\u00e4nislahdentie 555&nbsp;44280 Sumiainen050 304 6946 Matti Rissanen&nbsp;Aittolahdentie 169&nbsp;44260 Vihij\u00e4rvi050 340 9706 Sijainti\" \/>\n<meta property=\"og:url\" content=\"https:\/\/keiteleenkalatalousalue.fi\/syvalahti\/tiedot\/\" \/>\n<meta property=\"og:site_name\" content=\"Syv\u00e4lahti - Pynn\u00f6nsaaren osakaskunta\" \/>\n<meta property=\"article:modified_time\" content=\"2021-06-21T12:42:48+00:00\" \/>\n<meta name=\"twitter:card\" content=\"summary_large_image\" \/>\n<meta name=\"twitter:label1\" content=\"Arvioitu lukuaika\" \/>\n\t<meta name=\"twitter:data1\" content=\"1 minuutti\" \/>\n<script type=\"application\/ld+json\" class=\"yoast-schema-graph\">{\"@context\":\"https:\\\/\\\/schema.org\",\"@graph\":[{\"@type\":\"WebPage\",\"@id\":\"https:\\\/\\\/keiteleenkalatalousalue.fi\\\/syvalahti\\\/tiedot\\\/\",\"url\":\"https:\\\/\\\/keiteleenkalatalousalue.fi\\\/syvalahti\\\/tiedot\\\/\",\"name\":\"Tiedot - Syv\u00e4lahti - Pynn\u00f6nsaaren osakaskunta\",\"isPartOf\":{\"@id\":\"https:\\\/\\\/keiteleenkalatalousalue.fi\\\/syvalahti\\\/#website\"},\"datePublished\":\"2020-10-29T08:31:59+00:00\",\"dateModified\":\"2021-06-21T12:42:48+00:00\",\"breadcrumb\":{\"@id\":\"https:\\\/\\\/keiteleenkalatalousalue.fi\\\/syvalahti\\\/tiedot\\\/#breadcrumb\"},\"inLanguage\":\"fi\",\"potentialAction\":[{\"@type\":\"ReadAction\",\"target\":[\"https:\\\/\\\/keiteleenkalatalousalue.fi\\\/syvalahti\\\/tiedot\\\/\"]}]},{\"@type\":\"BreadcrumbList\",\"@id\":\"https:\\\/\\\/keiteleenkalatalousalue.fi\\\/syvalahti\\\/tiedot\\\/#breadcrumb\",\"itemListElement\":[{\"@type\":\"ListItem\",\"position\":1,\"name\":\"Home\",\"item\":\"https:\\\/\\\/keiteleenkalatalousalue.fi\\\/syvalahti\\\/\"},{\"@type\":\"ListItem\",\"position\":2,\"name\":\"Tiedot\"}]},{\"@type\":\"WebSite\",\"@id\":\"https:\\\/\\\/keiteleenkalatalousalue.fi\\\/syvalahti\\\/#website\",\"url\":\"https:\\\/\\\/keiteleenkalatalousalue.fi\\\/syvalahti\\\/\",\"name\":\"Syv\u00e4lahti - Pynn\u00f6nsaaren osakaskunta\",\"description\":\"\",\"potentialAction\":[{\"@type\":\"SearchAction\",\"target\":{\"@type\":\"EntryPoint\",\"urlTemplate\":\"https:\\\/\\\/keiteleenkalatalousalue.fi\\\/syvalahti\\\/?s={search_term_string}\"},\"query-input\":{\"@type\":\"PropertyValueSpecification\",\"valueRequired\":true,\"valueName\":\"search_term_string\"}}],\"inLanguage\":\"fi\"}]}<\/script>\n<!-- \/ Yoast SEO plugin. -->","yoast_head_json":{"title":"Tiedot - Syv\u00e4lahti - Pynn\u00f6nsaaren osakaskunta","robots":{"index":"index","follow":"follow","max-snippet":"max-snippet:-1","max-image-preview":"max-image-preview:large","max-video-preview":"max-video-preview:-1"},"canonical":"https:\/\/keiteleenkalatalousalue.fi\/syvalahti\/tiedot\/","og_locale":"fi_FI","og_type":"article","og_title":"Tiedot - Syv\u00e4lahti - Pynn\u00f6nsaaren osakaskunta","og_description":"Yhteystiedot Pj. Heikki Helaster\u00e4J\u00e4nislahdentie 69244280 SUMIAINENp. 0400 314 155 Vpj. Matti Monthan&nbsp;Syv\u00e4lahdentie 452&nbsp;44260 Vihij\u00e4rvi044 592 7395 J\u00e4senet:Aapo Sorri&nbsp;Aittolahdentie 42&nbsp;44260 Vihij\u00e4rvi040 716 3105 Esko Mikola&nbsp;J\u00e4nislahdentie 555&nbsp;44280 Sumiainen050 304 6946 Matti Rissanen&nbsp;Aittolahdentie 169&nbsp;44260 Vihij\u00e4rvi050 340 9706 Sijainti","og_url":"https:\/\/keiteleenkalatalousalue.fi\/syvalahti\/tiedot\/","og_site_name":"Syv\u00e4lahti - Pynn\u00f6nsaaren osakaskunta","article_modified_time":"2021-06-21T12:42:48+00:00","twitter_card":"summary_large_image","twitter_misc":{"Arvioitu lukuaika":"1 minuutti"},"schema":{"@context":"https:\/\/schema.org","@graph":[{"@type":"WebPage","@id":"https:\/\/keiteleenkalatalousalue.fi\/syvalahti\/tiedot\/","url":"https:\/\/keiteleenkalatalousalue.fi\/syvalahti\/tiedot\/","name":"Tiedot - Syv\u00e4lahti - Pynn\u00f6nsaaren osakaskunta","isPartOf":{"@id":"https:\/\/keiteleenkalatalousalue.fi\/syvalahti\/#website"},"datePublished":"2020-10-29T08:31:59+00:00","dateModified":"2021-06-21T12:42:48+00:00","breadcrumb":{"@id":"https:\/\/keiteleenkalatalousalue.fi\/syvalahti\/tiedot\/#breadcrumb"},"inLanguage":"fi","potentialAction":[{"@type":"ReadAction","target":["https:\/\/keiteleenkalatalousalue.fi\/syvalahti\/tiedot\/"]}]},{"@type":"BreadcrumbList","@id":"https:\/\/keiteleenkalatalousalue.fi\/syvalahti\/tiedot\/#breadcrumb","itemListElement":[{"@type":"ListItem","position":1,"name":"Home","item":"https:\/\/keiteleenkalatalousalue.fi\/syvalahti\/"},{"@type":"ListItem","position":2,"name":"Tiedot"}]},{"@type":"WebSite","@id":"https:\/\/keiteleenkalatalousalue.fi\/syvalahti\/#website","url":"https:\/\/keiteleenkalatalousalue.fi\/syvalahti\/","name":"Syv\u00e4lahti - Pynn\u00f6nsaaren osakaskunta","description":"","potentialAction":[{"@type":"SearchAction","target":{"@type":"EntryPoint","urlTemplate":"https:\/\/keiteleenkalatalousalue.fi\/syvalahti\/?s={search_term_string}"},"query-input":{"@type":"PropertyValueSpecification","valueRequired":true,"valueName":"search_term_string"}}],"inLanguage":"fi"}]}},"_links":{"self":[{"href":"https:\/\/keiteleenkalatalousalue.fi\/syvalahti\/wp-json\/wp\/v2\/pages\/26","targetHints":{"allow":["GET"]}}],"collection":[{"href":"https:\/\/keiteleenkalatalousalue.fi\/syvalahti\/wp-json\/wp\/v2\/pages"}],"about":[{"href":"https:\/\/keiteleenkalatalousalue.fi\/syvalahti\/wp-json\/wp\/v2\/types\/page"}],"author":[{"embeddable":true,"href":"https:\/\/keiteleenkalatalousalue.fi\/syvalahti\/wp-json\/wp\/v2\/users\/1"}],"replies":[{"embeddable":true,"href":"https:\/\/keiteleenkalatalousalue.fi\/syvalahti\/wp-json\/wp\/v2\/comments?post=26"}],"version-history":[{"count":3,"href":"https:\/\/keiteleenkalatalousalue.fi\/syvalahti\/wp-json\/wp\/v2\/pages\/26\/revisions"}],"predecessor-version":[{"id":260,"href":"https:\/\/keiteleenkalatalousalue.fi\/syvalahti\/wp-json\/wp\/v2\/pages\/26\/revisions\/260"}],"wp:attachment":[{"href":"https:\/\/keiteleenkalatalousalue.fi\/syvalahti\/wp-json\/wp\/v2\/media?parent=26"}],"curies":[{"name":"wp","href":"https:\/\/api.w.org\/{rel}","templated":true}]}}