{"id":26,"date":"2020-10-29T08:31:59","date_gmt":"2020-10-29T08:31:59","guid":{"rendered":"http:\/\/89.166.51.80\/~pohjoispaij\/ahtola\/?page_id=26"},"modified":"2021-06-21T15:21:36","modified_gmt":"2021-06-21T12:21:36","slug":"tiedot","status":"publish","type":"page","link":"https:\/\/keiteleenkalatalousalue.fi\/raiha\/tiedot\/","title":{"rendered":"Tiedot"},"content":{"rendered":"\n<h2 class=\"wp-block-heading\">Yhteystiedot<\/h2>\n\n\n\n<p>Esko Kovanen<br>Soskonniementie 122<br>44440 R\u00c4IH\u00c4<br>p. 050 400 6696<\/p>\n\n\n\n<h2 class=\"wp-block-heading\">Sijainti<\/h2>\n\n\n\n<iframe loading=\"lazy\" width=\"640\" height=\"480\" frameborder=\"0\" scrolling=\"no\" marginheight=\"0\" marginwidth=\"0\" src=\"https:\/\/maps.google.fi\/maps\/ms?ie=UTF8&amp;hl=fi&amp;msa=0&amp;msid=107738130064611158473.00046950e25a7a8739373&amp;ll=62.824428,25.771179&amp;spn=0.075265,0.219727&amp;z=12&amp;output=embed\"><\/iframe>\n","protected":false},"excerpt":{"rendered":"<p>Yhteystiedot Esko KovanenSoskonniementie 12244440 R\u00c4IH\u00c4p. 050 400 6696 Sijainti<\/p>\n","protected":false},"author":1,"featured_media":0,"parent":0,"menu_order":0,"comment_status":"closed","ping_status":"closed","template":"basic-sivu.php","meta":{"_acf_changed":false,"footnotes":""},"class_list":["post-26","page","type-page","status-publish","hentry"],"acf":[],"yoast_head":"<!-- This site is optimized with the Yoast SEO plugin v27.4 - https:\/\/yoast.com\/product\/yoast-seo-wordpress\/ -->\n<title>Tiedot - R\u00e4ih\u00e4n osakaskunta<\/title>\n<meta name=\"robots\" content=\"index, follow, max-snippet:-1, max-image-preview:large, max-video-preview:-1\" \/>\n<link rel=\"canonical\" href=\"https:\/\/keiteleenkalatalousalue.fi\/raiha\/tiedot\/\" \/>\n<meta property=\"og:locale\" content=\"fi_FI\" \/>\n<meta property=\"og:type\" content=\"article\" \/>\n<meta property=\"og:title\" content=\"Tiedot - R\u00e4ih\u00e4n osakaskunta\" \/>\n<meta property=\"og:description\" content=\"Yhteystiedot Esko KovanenSoskonniementie 12244440 R\u00c4IH\u00c4p. 050 400 6696 Sijainti\" \/>\n<meta property=\"og:url\" content=\"https:\/\/keiteleenkalatalousalue.fi\/raiha\/tiedot\/\" \/>\n<meta property=\"og:site_name\" content=\"R\u00e4ih\u00e4n osakaskunta\" \/>\n<meta property=\"article:modified_time\" content=\"2021-06-21T12:21:36+00:00\" \/>\n<meta name=\"twitter:card\" content=\"summary_large_image\" \/>\n<meta name=\"twitter:label1\" content=\"Arvioitu lukuaika\" \/>\n\t<meta name=\"twitter:data1\" content=\"1 minuutti\" \/>\n<script type=\"application\/ld+json\" class=\"yoast-schema-graph\">{\"@context\":\"https:\\\/\\\/schema.org\",\"@graph\":[{\"@type\":\"WebPage\",\"@id\":\"https:\\\/\\\/keiteleenkalatalousalue.fi\\\/raiha\\\/tiedot\\\/\",\"url\":\"https:\\\/\\\/keiteleenkalatalousalue.fi\\\/raiha\\\/tiedot\\\/\",\"name\":\"Tiedot - R\u00e4ih\u00e4n osakaskunta\",\"isPartOf\":{\"@id\":\"https:\\\/\\\/keiteleenkalatalousalue.fi\\\/raiha\\\/#website\"},\"datePublished\":\"2020-10-29T08:31:59+00:00\",\"dateModified\":\"2021-06-21T12:21:36+00:00\",\"breadcrumb\":{\"@id\":\"https:\\\/\\\/keiteleenkalatalousalue.fi\\\/raiha\\\/tiedot\\\/#breadcrumb\"},\"inLanguage\":\"fi\",\"potentialAction\":[{\"@type\":\"ReadAction\",\"target\":[\"https:\\\/\\\/keiteleenkalatalousalue.fi\\\/raiha\\\/tiedot\\\/\"]}]},{\"@type\":\"BreadcrumbList\",\"@id\":\"https:\\\/\\\/keiteleenkalatalousalue.fi\\\/raiha\\\/tiedot\\\/#breadcrumb\",\"itemListElement\":[{\"@type\":\"ListItem\",\"position\":1,\"name\":\"Home\",\"item\":\"https:\\\/\\\/keiteleenkalatalousalue.fi\\\/raiha\\\/\"},{\"@type\":\"ListItem\",\"position\":2,\"name\":\"Tiedot\"}]},{\"@type\":\"WebSite\",\"@id\":\"https:\\\/\\\/keiteleenkalatalousalue.fi\\\/raiha\\\/#website\",\"url\":\"https:\\\/\\\/keiteleenkalatalousalue.fi\\\/raiha\\\/\",\"name\":\"R\u00e4ih\u00e4n osakaskunta\",\"description\":\"\",\"potentialAction\":[{\"@type\":\"SearchAction\",\"target\":{\"@type\":\"EntryPoint\",\"urlTemplate\":\"https:\\\/\\\/keiteleenkalatalousalue.fi\\\/raiha\\\/?s={search_term_string}\"},\"query-input\":{\"@type\":\"PropertyValueSpecification\",\"valueRequired\":true,\"valueName\":\"search_term_string\"}}],\"inLanguage\":\"fi\"}]}<\/script>\n<!-- \/ Yoast SEO plugin. -->","yoast_head_json":{"title":"Tiedot - R\u00e4ih\u00e4n osakaskunta","robots":{"index":"index","follow":"follow","max-snippet":"max-snippet:-1","max-image-preview":"max-image-preview:large","max-video-preview":"max-video-preview:-1"},"canonical":"https:\/\/keiteleenkalatalousalue.fi\/raiha\/tiedot\/","og_locale":"fi_FI","og_type":"article","og_title":"Tiedot - R\u00e4ih\u00e4n osakaskunta","og_description":"Yhteystiedot Esko KovanenSoskonniementie 12244440 R\u00c4IH\u00c4p. 050 400 6696 Sijainti","og_url":"https:\/\/keiteleenkalatalousalue.fi\/raiha\/tiedot\/","og_site_name":"R\u00e4ih\u00e4n osakaskunta","article_modified_time":"2021-06-21T12:21:36+00:00","twitter_card":"summary_large_image","twitter_misc":{"Arvioitu lukuaika":"1 minuutti"},"schema":{"@context":"https:\/\/schema.org","@graph":[{"@type":"WebPage","@id":"https:\/\/keiteleenkalatalousalue.fi\/raiha\/tiedot\/","url":"https:\/\/keiteleenkalatalousalue.fi\/raiha\/tiedot\/","name":"Tiedot - R\u00e4ih\u00e4n osakaskunta","isPartOf":{"@id":"https:\/\/keiteleenkalatalousalue.fi\/raiha\/#website"},"datePublished":"2020-10-29T08:31:59+00:00","dateModified":"2021-06-21T12:21:36+00:00","breadcrumb":{"@id":"https:\/\/keiteleenkalatalousalue.fi\/raiha\/tiedot\/#breadcrumb"},"inLanguage":"fi","potentialAction":[{"@type":"ReadAction","target":["https:\/\/keiteleenkalatalousalue.fi\/raiha\/tiedot\/"]}]},{"@type":"BreadcrumbList","@id":"https:\/\/keiteleenkalatalousalue.fi\/raiha\/tiedot\/#breadcrumb","itemListElement":[{"@type":"ListItem","position":1,"name":"Home","item":"https:\/\/keiteleenkalatalousalue.fi\/raiha\/"},{"@type":"ListItem","position":2,"name":"Tiedot"}]},{"@type":"WebSite","@id":"https:\/\/keiteleenkalatalousalue.fi\/raiha\/#website","url":"https:\/\/keiteleenkalatalousalue.fi\/raiha\/","name":"R\u00e4ih\u00e4n osakaskunta","description":"","potentialAction":[{"@type":"SearchAction","target":{"@type":"EntryPoint","urlTemplate":"https:\/\/keiteleenkalatalousalue.fi\/raiha\/?s={search_term_string}"},"query-input":{"@type":"PropertyValueSpecification","valueRequired":true,"valueName":"search_term_string"}}],"inLanguage":"fi"}]}},"_links":{"self":[{"href":"https:\/\/keiteleenkalatalousalue.fi\/raiha\/wp-json\/wp\/v2\/pages\/26","targetHints":{"allow":["GET"]}}],"collection":[{"href":"https:\/\/keiteleenkalatalousalue.fi\/raiha\/wp-json\/wp\/v2\/pages"}],"about":[{"href":"https:\/\/keiteleenkalatalousalue.fi\/raiha\/wp-json\/wp\/v2\/types\/page"}],"author":[{"embeddable":true,"href":"https:\/\/keiteleenkalatalousalue.fi\/raiha\/wp-json\/wp\/v2\/users\/1"}],"replies":[{"embeddable":true,"href":"https:\/\/keiteleenkalatalousalue.fi\/raiha\/wp-json\/wp\/v2\/comments?post=26"}],"version-history":[{"count":3,"href":"https:\/\/keiteleenkalatalousalue.fi\/raiha\/wp-json\/wp\/v2\/pages\/26\/revisions"}],"predecessor-version":[{"id":256,"href":"https:\/\/keiteleenkalatalousalue.fi\/raiha\/wp-json\/wp\/v2\/pages\/26\/revisions\/256"}],"wp:attachment":[{"href":"https:\/\/keiteleenkalatalousalue.fi\/raiha\/wp-json\/wp\/v2\/media?parent=26"}],"curies":[{"name":"wp","href":"https:\/\/api.w.org\/{rel}","templated":true}]}}