{"id":49,"date":"2020-10-29T09:51:51","date_gmt":"2020-10-29T09:51:51","guid":{"rendered":"http:\/\/89.166.51.80\/~pohjoispaij\/ahtola\/?page_id=49"},"modified":"2023-04-18T21:04:23","modified_gmt":"2023-04-18T18:04:23","slug":"paatokset","status":"publish","type":"page","link":"https:\/\/keiteleenkalatalousalue.fi\/muurue\/paatokset\/","title":{"rendered":"P\u00e4\u00e4t\u00f6kset"},"content":{"rendered":"\n<h2 class=\"wp-block-heading\">Rajoitukset<\/h2>\n\n\n\n<p>Pyydysten merkitseminen:<\/p>\n\n\n\n<p>-Katiska isoilla kohoilla v\u00e4hint\u00e4\u00e4n 15 sentti\u00e4 veden p\u00e4\u00e4ll\u00e4<\/p>\n\n\n\n<p>-Verkko merkit\u00e4\u00e4n lipuin ja merkein sek\u00e4 nimi ja puhelinnumero, my\u00f6s katiskoihin<\/p>\n\n\n\n<p>Pyynti- ja pyydysrajoitukset:<\/p>\n\n\n\n<p>-Sorsa ja rapuluvat vain osakkaille<\/p>\n\n\n\n<p>-Valkeisj\u00e4rvess\u00e4 verkon pienin silm\u00e4koko 50 milli\u00e4 <\/p>\n\n\n\n<p>-Komussa ja Muurueessa verkon pienin silm\u00e4koko 55 milli\u00e4 <\/p>\n\n\n\n<p>Rauhoitusalueet:<\/p>\n\n\n\n<p>1. Tuliniemen k\u00e4rjest\u00e4 Myllyjoen suuhun<\/p>\n\n\n\n<p>2. Koivusalmen sillan molemmin puolin on verkkokalastus kielletty<\/p>\n\n\n\n<p>ALUEET MERKITTY LAPUIN<\/p>\n","protected":false},"excerpt":{"rendered":"<p>Rajoitukset Pyydysten merkitseminen: -Katiska isoilla kohoilla v\u00e4hint\u00e4\u00e4n 15 sentti\u00e4 veden p\u00e4\u00e4ll\u00e4 -Verkko merkit\u00e4\u00e4n lipuin ja merkein sek\u00e4 nimi ja puhelinnumero, my\u00f6s katiskoihin Pyynti- ja pyydysrajoitukset: -Sorsa ja rapuluvat vain osakkaille -Valkeisj\u00e4rvess\u00e4 verkon pienin silm\u00e4koko 50 milli\u00e4 -Komussa ja Muurueessa verkon pienin silm\u00e4koko 55 milli\u00e4 Rauhoitusalueet: 1. Tuliniemen k\u00e4rjest\u00e4 Myllyjoen suuhun 2. Koivusalmen sillan molemmin puolin<\/p>\n<p><a class=\"moretag\" href=\"https:\/\/keiteleenkalatalousalue.fi\/muurue\/paatokset\/\"> Lue lis\u00e4\u00e4 ><\/a><\/p>\n","protected":false},"author":1,"featured_media":0,"parent":0,"menu_order":0,"comment_status":"closed","ping_status":"closed","template":"basic-sivu.php","meta":{"_acf_changed":false,"footnotes":""},"class_list":["post-49","page","type-page","status-publish","hentry"],"acf":[],"yoast_head":"<!-- This site is optimized with the Yoast SEO plugin v27.1.1 - https:\/\/yoast.com\/product\/yoast-seo-wordpress\/ -->\n<title>P\u00e4\u00e4t\u00f6kset - Muurueen osakaskunta<\/title>\n<meta name=\"robots\" content=\"index, follow, max-snippet:-1, max-image-preview:large, max-video-preview:-1\" \/>\n<link rel=\"canonical\" href=\"https:\/\/keiteleenkalatalousalue.fi\/muurue\/paatokset\/\" \/>\n<meta property=\"og:locale\" content=\"fi_FI\" \/>\n<meta property=\"og:type\" content=\"article\" \/>\n<meta property=\"og:title\" content=\"P\u00e4\u00e4t\u00f6kset - Muurueen osakaskunta\" \/>\n<meta property=\"og:description\" content=\"Rajoitukset Pyydysten merkitseminen: -Katiska isoilla kohoilla v\u00e4hint\u00e4\u00e4n 15 sentti\u00e4 veden p\u00e4\u00e4ll\u00e4 -Verkko merkit\u00e4\u00e4n lipuin ja merkein sek\u00e4 nimi ja puhelinnumero, my\u00f6s katiskoihin Pyynti- ja pyydysrajoitukset: -Sorsa ja rapuluvat vain osakkaille -Valkeisj\u00e4rvess\u00e4 verkon pienin silm\u00e4koko 50 milli\u00e4 -Komussa ja Muurueessa verkon pienin silm\u00e4koko 55 milli\u00e4 Rauhoitusalueet: 1. Tuliniemen k\u00e4rjest\u00e4 Myllyjoen suuhun 2. Koivusalmen sillan molemmin puolin Lue lis\u00e4\u00e4 &gt;\" \/>\n<meta property=\"og:url\" content=\"https:\/\/keiteleenkalatalousalue.fi\/muurue\/paatokset\/\" \/>\n<meta property=\"og:site_name\" content=\"Muurueen osakaskunta\" \/>\n<meta property=\"article:modified_time\" content=\"2023-04-18T18:04:23+00:00\" \/>\n<meta name=\"twitter:card\" content=\"summary_large_image\" \/>\n<meta name=\"twitter:label1\" content=\"Arvioitu lukuaika\" \/>\n\t<meta name=\"twitter:data1\" content=\"1 minuutti\" \/>\n<script type=\"application\/ld+json\" class=\"yoast-schema-graph\">{\"@context\":\"https:\/\/schema.org\",\"@graph\":[{\"@type\":\"WebPage\",\"@id\":\"https:\/\/keiteleenkalatalousalue.fi\/muurue\/paatokset\/\",\"url\":\"https:\/\/keiteleenkalatalousalue.fi\/muurue\/paatokset\/\",\"name\":\"P\u00e4\u00e4t\u00f6kset - Muurueen osakaskunta\",\"isPartOf\":{\"@id\":\"https:\/\/keiteleenkalatalousalue.fi\/muurue\/#website\"},\"datePublished\":\"2020-10-29T09:51:51+00:00\",\"dateModified\":\"2023-04-18T18:04:23+00:00\",\"breadcrumb\":{\"@id\":\"https:\/\/keiteleenkalatalousalue.fi\/muurue\/paatokset\/#breadcrumb\"},\"inLanguage\":\"fi\",\"potentialAction\":[{\"@type\":\"ReadAction\",\"target\":[\"https:\/\/keiteleenkalatalousalue.fi\/muurue\/paatokset\/\"]}]},{\"@type\":\"BreadcrumbList\",\"@id\":\"https:\/\/keiteleenkalatalousalue.fi\/muurue\/paatokset\/#breadcrumb\",\"itemListElement\":[{\"@type\":\"ListItem\",\"position\":1,\"name\":\"Home\",\"item\":\"https:\/\/keiteleenkalatalousalue.fi\/muurue\/\"},{\"@type\":\"ListItem\",\"position\":2,\"name\":\"P\u00e4\u00e4t\u00f6kset\"}]},{\"@type\":\"WebSite\",\"@id\":\"https:\/\/keiteleenkalatalousalue.fi\/muurue\/#website\",\"url\":\"https:\/\/keiteleenkalatalousalue.fi\/muurue\/\",\"name\":\"Muurueen osakaskunta\",\"description\":\"\",\"potentialAction\":[{\"@type\":\"SearchAction\",\"target\":{\"@type\":\"EntryPoint\",\"urlTemplate\":\"https:\/\/keiteleenkalatalousalue.fi\/muurue\/?s={search_term_string}\"},\"query-input\":{\"@type\":\"PropertyValueSpecification\",\"valueRequired\":true,\"valueName\":\"search_term_string\"}}],\"inLanguage\":\"fi\"}]}<\/script>\n<!-- \/ Yoast SEO plugin. -->","yoast_head_json":{"title":"P\u00e4\u00e4t\u00f6kset - Muurueen osakaskunta","robots":{"index":"index","follow":"follow","max-snippet":"max-snippet:-1","max-image-preview":"max-image-preview:large","max-video-preview":"max-video-preview:-1"},"canonical":"https:\/\/keiteleenkalatalousalue.fi\/muurue\/paatokset\/","og_locale":"fi_FI","og_type":"article","og_title":"P\u00e4\u00e4t\u00f6kset - Muurueen osakaskunta","og_description":"Rajoitukset Pyydysten merkitseminen: -Katiska isoilla kohoilla v\u00e4hint\u00e4\u00e4n 15 sentti\u00e4 veden p\u00e4\u00e4ll\u00e4 -Verkko merkit\u00e4\u00e4n lipuin ja merkein sek\u00e4 nimi ja puhelinnumero, my\u00f6s katiskoihin Pyynti- ja pyydysrajoitukset: -Sorsa ja rapuluvat vain osakkaille -Valkeisj\u00e4rvess\u00e4 verkon pienin silm\u00e4koko 50 milli\u00e4 -Komussa ja Muurueessa verkon pienin silm\u00e4koko 55 milli\u00e4 Rauhoitusalueet: 1. Tuliniemen k\u00e4rjest\u00e4 Myllyjoen suuhun 2. Koivusalmen sillan molemmin puolin Lue lis\u00e4\u00e4 >","og_url":"https:\/\/keiteleenkalatalousalue.fi\/muurue\/paatokset\/","og_site_name":"Muurueen osakaskunta","article_modified_time":"2023-04-18T18:04:23+00:00","twitter_card":"summary_large_image","twitter_misc":{"Arvioitu lukuaika":"1 minuutti"},"schema":{"@context":"https:\/\/schema.org","@graph":[{"@type":"WebPage","@id":"https:\/\/keiteleenkalatalousalue.fi\/muurue\/paatokset\/","url":"https:\/\/keiteleenkalatalousalue.fi\/muurue\/paatokset\/","name":"P\u00e4\u00e4t\u00f6kset - Muurueen osakaskunta","isPartOf":{"@id":"https:\/\/keiteleenkalatalousalue.fi\/muurue\/#website"},"datePublished":"2020-10-29T09:51:51+00:00","dateModified":"2023-04-18T18:04:23+00:00","breadcrumb":{"@id":"https:\/\/keiteleenkalatalousalue.fi\/muurue\/paatokset\/#breadcrumb"},"inLanguage":"fi","potentialAction":[{"@type":"ReadAction","target":["https:\/\/keiteleenkalatalousalue.fi\/muurue\/paatokset\/"]}]},{"@type":"BreadcrumbList","@id":"https:\/\/keiteleenkalatalousalue.fi\/muurue\/paatokset\/#breadcrumb","itemListElement":[{"@type":"ListItem","position":1,"name":"Home","item":"https:\/\/keiteleenkalatalousalue.fi\/muurue\/"},{"@type":"ListItem","position":2,"name":"P\u00e4\u00e4t\u00f6kset"}]},{"@type":"WebSite","@id":"https:\/\/keiteleenkalatalousalue.fi\/muurue\/#website","url":"https:\/\/keiteleenkalatalousalue.fi\/muurue\/","name":"Muurueen osakaskunta","description":"","potentialAction":[{"@type":"SearchAction","target":{"@type":"EntryPoint","urlTemplate":"https:\/\/keiteleenkalatalousalue.fi\/muurue\/?s={search_term_string}"},"query-input":{"@type":"PropertyValueSpecification","valueRequired":true,"valueName":"search_term_string"}}],"inLanguage":"fi"}]}},"_links":{"self":[{"href":"https:\/\/keiteleenkalatalousalue.fi\/muurue\/wp-json\/wp\/v2\/pages\/49","targetHints":{"allow":["GET"]}}],"collection":[{"href":"https:\/\/keiteleenkalatalousalue.fi\/muurue\/wp-json\/wp\/v2\/pages"}],"about":[{"href":"https:\/\/keiteleenkalatalousalue.fi\/muurue\/wp-json\/wp\/v2\/types\/page"}],"author":[{"embeddable":true,"href":"https:\/\/keiteleenkalatalousalue.fi\/muurue\/wp-json\/wp\/v2\/users\/1"}],"replies":[{"embeddable":true,"href":"https:\/\/keiteleenkalatalousalue.fi\/muurue\/wp-json\/wp\/v2\/comments?post=49"}],"version-history":[{"count":3,"href":"https:\/\/keiteleenkalatalousalue.fi\/muurue\/wp-json\/wp\/v2\/pages\/49\/revisions"}],"predecessor-version":[{"id":289,"href":"https:\/\/keiteleenkalatalousalue.fi\/muurue\/wp-json\/wp\/v2\/pages\/49\/revisions\/289"}],"wp:attachment":[{"href":"https:\/\/keiteleenkalatalousalue.fi\/muurue\/wp-json\/wp\/v2\/media?parent=49"}],"curies":[{"name":"wp","href":"https:\/\/api.w.org\/{rel}","templated":true}]}}