{"id":49,"date":"2020-10-29T09:51:51","date_gmt":"2020-10-29T09:51:51","guid":{"rendered":"http:\/\/89.166.51.80\/~pohjoispaij\/ahtola\/?page_id=49"},"modified":"2024-04-02T19:09:37","modified_gmt":"2024-04-02T16:09:37","slug":"paatokset","status":"publish","type":"page","link":"https:\/\/keiteleenkalatalousalue.fi\/loko\/paatokset\/","title":{"rendered":"P\u00e4\u00e4t\u00f6kset"},"content":{"rendered":"\n<h2 class=\"wp-block-heading\">Rajoitukset<\/h2>\n\n\n\n<p><strong>Pyynti- ja pyydysrajoitukset sek\u00e4 rauhoitustavat<\/strong>:<\/p>\n\n\n\n<p>Lahnan kutupyynti (rantapyynti) on rajoitettu siten, ett\u00e4 kukin osakas saa pyyt\u00e4\u00e4 katiskoilla tai enint\u00e4\u00e4n kahdella(2) verkolla.<\/p>\n\n\n\n<p>L\u00f6k\u00f6njoki ja sen alasuulla oleva noin 5 hehtaarin alue (merkitty tauluilla) on rauhoitettu kaikelta pyynnilt\u00e4.<\/p>\n\n\n\n<p>Pyydysrajoitukset muuten osakkaille ja ulkopuolisille on 5 verkkoa \/ ruokakunta.&nbsp;<\/p>\n\n\n\n<p><strong>Mets\u00e4stysrajoitukset<\/strong>:<br>Vesilintujen mets\u00e4stys on sallittu Keiteleen puolella merkityll\u00e4 alueella vain&nbsp;osakkaille. L\u00f6yt\u00e4n\u00e4ll\u00e4 ja Korpisella saa mets\u00e4st\u00e4\u00e4.<\/p>\n","protected":false},"excerpt":{"rendered":"<p>Rajoitukset Pyynti- ja pyydysrajoitukset sek\u00e4 rauhoitustavat: Lahnan kutupyynti (rantapyynti) on rajoitettu siten, ett\u00e4 kukin osakas saa pyyt\u00e4\u00e4 katiskoilla tai enint\u00e4\u00e4n kahdella(2) verkolla. L\u00f6k\u00f6njoki ja sen alasuulla oleva noin 5 hehtaarin alue (merkitty tauluilla) on rauhoitettu kaikelta pyynnilt\u00e4. Pyydysrajoitukset muuten osakkaille ja ulkopuolisille on 5 verkkoa \/ ruokakunta.&nbsp; Mets\u00e4stysrajoitukset:Vesilintujen mets\u00e4stys on sallittu Keiteleen puolella merkityll\u00e4 alueella<\/p>\n<p><a class=\"moretag\" href=\"https:\/\/keiteleenkalatalousalue.fi\/loko\/paatokset\/\"> Lue lis\u00e4\u00e4 ><\/a><\/p>\n","protected":false},"author":1,"featured_media":0,"parent":0,"menu_order":0,"comment_status":"closed","ping_status":"closed","template":"basic-sivu.php","meta":{"_acf_changed":false,"footnotes":""},"class_list":["post-49","page","type-page","status-publish","hentry"],"acf":[],"yoast_head":"<!-- This site is optimized with the Yoast SEO plugin v27.4 - https:\/\/yoast.com\/product\/yoast-seo-wordpress\/ -->\n<title>P\u00e4\u00e4t\u00f6kset - L\u00f6k\u00f6n osakaskunta<\/title>\n<meta name=\"robots\" content=\"index, follow, max-snippet:-1, max-image-preview:large, max-video-preview:-1\" \/>\n<link rel=\"canonical\" href=\"https:\/\/keiteleenkalatalousalue.fi\/loko\/paatokset\/\" \/>\n<meta property=\"og:locale\" content=\"fi_FI\" \/>\n<meta property=\"og:type\" content=\"article\" \/>\n<meta property=\"og:title\" content=\"P\u00e4\u00e4t\u00f6kset - L\u00f6k\u00f6n osakaskunta\" \/>\n<meta property=\"og:description\" content=\"Rajoitukset Pyynti- ja pyydysrajoitukset sek\u00e4 rauhoitustavat: Lahnan kutupyynti (rantapyynti) on rajoitettu siten, ett\u00e4 kukin osakas saa pyyt\u00e4\u00e4 katiskoilla tai enint\u00e4\u00e4n kahdella(2) verkolla. L\u00f6k\u00f6njoki ja sen alasuulla oleva noin 5 hehtaarin alue (merkitty tauluilla) on rauhoitettu kaikelta pyynnilt\u00e4. Pyydysrajoitukset muuten osakkaille ja ulkopuolisille on 5 verkkoa \/ ruokakunta.&nbsp; Mets\u00e4stysrajoitukset:Vesilintujen mets\u00e4stys on sallittu Keiteleen puolella merkityll\u00e4 alueella Lue lis\u00e4\u00e4 &gt;\" \/>\n<meta property=\"og:url\" content=\"https:\/\/keiteleenkalatalousalue.fi\/loko\/paatokset\/\" \/>\n<meta property=\"og:site_name\" content=\"L\u00f6k\u00f6n osakaskunta\" \/>\n<meta property=\"article:modified_time\" content=\"2024-04-02T16:09:37+00:00\" \/>\n<meta name=\"twitter:card\" content=\"summary_large_image\" \/>\n<meta name=\"twitter:label1\" content=\"Arvioitu lukuaika\" \/>\n\t<meta name=\"twitter:data1\" content=\"1 minuutti\" \/>\n<script type=\"application\/ld+json\" class=\"yoast-schema-graph\">{\"@context\":\"https:\\\/\\\/schema.org\",\"@graph\":[{\"@type\":\"WebPage\",\"@id\":\"https:\\\/\\\/keiteleenkalatalousalue.fi\\\/loko\\\/paatokset\\\/\",\"url\":\"https:\\\/\\\/keiteleenkalatalousalue.fi\\\/loko\\\/paatokset\\\/\",\"name\":\"P\u00e4\u00e4t\u00f6kset - L\u00f6k\u00f6n osakaskunta\",\"isPartOf\":{\"@id\":\"https:\\\/\\\/keiteleenkalatalousalue.fi\\\/loko\\\/#website\"},\"datePublished\":\"2020-10-29T09:51:51+00:00\",\"dateModified\":\"2024-04-02T16:09:37+00:00\",\"breadcrumb\":{\"@id\":\"https:\\\/\\\/keiteleenkalatalousalue.fi\\\/loko\\\/paatokset\\\/#breadcrumb\"},\"inLanguage\":\"fi\",\"potentialAction\":[{\"@type\":\"ReadAction\",\"target\":[\"https:\\\/\\\/keiteleenkalatalousalue.fi\\\/loko\\\/paatokset\\\/\"]}]},{\"@type\":\"BreadcrumbList\",\"@id\":\"https:\\\/\\\/keiteleenkalatalousalue.fi\\\/loko\\\/paatokset\\\/#breadcrumb\",\"itemListElement\":[{\"@type\":\"ListItem\",\"position\":1,\"name\":\"Home\",\"item\":\"https:\\\/\\\/keiteleenkalatalousalue.fi\\\/loko\\\/\"},{\"@type\":\"ListItem\",\"position\":2,\"name\":\"P\u00e4\u00e4t\u00f6kset\"}]},{\"@type\":\"WebSite\",\"@id\":\"https:\\\/\\\/keiteleenkalatalousalue.fi\\\/loko\\\/#website\",\"url\":\"https:\\\/\\\/keiteleenkalatalousalue.fi\\\/loko\\\/\",\"name\":\"L\u00f6k\u00f6n osakaskunta\",\"description\":\"\",\"potentialAction\":[{\"@type\":\"SearchAction\",\"target\":{\"@type\":\"EntryPoint\",\"urlTemplate\":\"https:\\\/\\\/keiteleenkalatalousalue.fi\\\/loko\\\/?s={search_term_string}\"},\"query-input\":{\"@type\":\"PropertyValueSpecification\",\"valueRequired\":true,\"valueName\":\"search_term_string\"}}],\"inLanguage\":\"fi\"}]}<\/script>\n<!-- \/ Yoast SEO plugin. -->","yoast_head_json":{"title":"P\u00e4\u00e4t\u00f6kset - L\u00f6k\u00f6n osakaskunta","robots":{"index":"index","follow":"follow","max-snippet":"max-snippet:-1","max-image-preview":"max-image-preview:large","max-video-preview":"max-video-preview:-1"},"canonical":"https:\/\/keiteleenkalatalousalue.fi\/loko\/paatokset\/","og_locale":"fi_FI","og_type":"article","og_title":"P\u00e4\u00e4t\u00f6kset - L\u00f6k\u00f6n osakaskunta","og_description":"Rajoitukset Pyynti- ja pyydysrajoitukset sek\u00e4 rauhoitustavat: Lahnan kutupyynti (rantapyynti) on rajoitettu siten, ett\u00e4 kukin osakas saa pyyt\u00e4\u00e4 katiskoilla tai enint\u00e4\u00e4n kahdella(2) verkolla. L\u00f6k\u00f6njoki ja sen alasuulla oleva noin 5 hehtaarin alue (merkitty tauluilla) on rauhoitettu kaikelta pyynnilt\u00e4. Pyydysrajoitukset muuten osakkaille ja ulkopuolisille on 5 verkkoa \/ ruokakunta.&nbsp; Mets\u00e4stysrajoitukset:Vesilintujen mets\u00e4stys on sallittu Keiteleen puolella merkityll\u00e4 alueella Lue lis\u00e4\u00e4 >","og_url":"https:\/\/keiteleenkalatalousalue.fi\/loko\/paatokset\/","og_site_name":"L\u00f6k\u00f6n osakaskunta","article_modified_time":"2024-04-02T16:09:37+00:00","twitter_card":"summary_large_image","twitter_misc":{"Arvioitu lukuaika":"1 minuutti"},"schema":{"@context":"https:\/\/schema.org","@graph":[{"@type":"WebPage","@id":"https:\/\/keiteleenkalatalousalue.fi\/loko\/paatokset\/","url":"https:\/\/keiteleenkalatalousalue.fi\/loko\/paatokset\/","name":"P\u00e4\u00e4t\u00f6kset - L\u00f6k\u00f6n osakaskunta","isPartOf":{"@id":"https:\/\/keiteleenkalatalousalue.fi\/loko\/#website"},"datePublished":"2020-10-29T09:51:51+00:00","dateModified":"2024-04-02T16:09:37+00:00","breadcrumb":{"@id":"https:\/\/keiteleenkalatalousalue.fi\/loko\/paatokset\/#breadcrumb"},"inLanguage":"fi","potentialAction":[{"@type":"ReadAction","target":["https:\/\/keiteleenkalatalousalue.fi\/loko\/paatokset\/"]}]},{"@type":"BreadcrumbList","@id":"https:\/\/keiteleenkalatalousalue.fi\/loko\/paatokset\/#breadcrumb","itemListElement":[{"@type":"ListItem","position":1,"name":"Home","item":"https:\/\/keiteleenkalatalousalue.fi\/loko\/"},{"@type":"ListItem","position":2,"name":"P\u00e4\u00e4t\u00f6kset"}]},{"@type":"WebSite","@id":"https:\/\/keiteleenkalatalousalue.fi\/loko\/#website","url":"https:\/\/keiteleenkalatalousalue.fi\/loko\/","name":"L\u00f6k\u00f6n osakaskunta","description":"","potentialAction":[{"@type":"SearchAction","target":{"@type":"EntryPoint","urlTemplate":"https:\/\/keiteleenkalatalousalue.fi\/loko\/?s={search_term_string}"},"query-input":{"@type":"PropertyValueSpecification","valueRequired":true,"valueName":"search_term_string"}}],"inLanguage":"fi"}]}},"_links":{"self":[{"href":"https:\/\/keiteleenkalatalousalue.fi\/loko\/wp-json\/wp\/v2\/pages\/49","targetHints":{"allow":["GET"]}}],"collection":[{"href":"https:\/\/keiteleenkalatalousalue.fi\/loko\/wp-json\/wp\/v2\/pages"}],"about":[{"href":"https:\/\/keiteleenkalatalousalue.fi\/loko\/wp-json\/wp\/v2\/types\/page"}],"author":[{"embeddable":true,"href":"https:\/\/keiteleenkalatalousalue.fi\/loko\/wp-json\/wp\/v2\/users\/1"}],"replies":[{"embeddable":true,"href":"https:\/\/keiteleenkalatalousalue.fi\/loko\/wp-json\/wp\/v2\/comments?post=49"}],"version-history":[{"count":3,"href":"https:\/\/keiteleenkalatalousalue.fi\/loko\/wp-json\/wp\/v2\/pages\/49\/revisions"}],"predecessor-version":[{"id":309,"href":"https:\/\/keiteleenkalatalousalue.fi\/loko\/wp-json\/wp\/v2\/pages\/49\/revisions\/309"}],"wp:attachment":[{"href":"https:\/\/keiteleenkalatalousalue.fi\/loko\/wp-json\/wp\/v2\/media?parent=49"}],"curies":[{"name":"wp","href":"https:\/\/api.w.org\/{rel}","templated":true}]}}