{"id":86,"date":"2020-10-29T11:39:36","date_gmt":"2020-10-29T09:39:36","guid":{"rendered":"http:\/\/89.166.51.80\/~pohjoispaij\/ahtola\/?page_id=86"},"modified":"2021-04-27T14:06:03","modified_gmt":"2021-04-27T11:06:03","slug":"lupamaksut-ja-ohjeet","status":"publish","type":"page","link":"https:\/\/keiteleenkalatalousalue.fi\/listo\/luvat\/lupamaksut-ja-ohjeet\/","title":{"rendered":"Lupamaksut ja ohjeet"},"content":{"rendered":"\n<h2 class=\"wp-block-heading\">Lupamaksut ja ohjeet<\/h2>\n\n\n\n<p>Kalastuslupanumerot merkit\u00e4\u00e4n ostokuittiin. Pyydysmerkit ovat ruokakuntakohtaisia ja merkit kiinnitet\u00e4\u00e4n nimell\u00e4 varustettuun polaan, talvella avantokeppiin.&nbsp;<strong>Verkkojata on merkitt\u00e4v\u00e4 molemmista p\u00e4ist\u00e4 lain m\u00e4\u00e4r\u00e4\u00e4m\u00e4ll\u00e4 tavalla, ja pyydykseen tulee merkit\u00e4 pyydyksen asettajan nimi ja yhteystiedot.<\/strong><\/p>\n\n\n\n<p>Merkit ovat voimassa kalenterivuosittain.<\/p>\n\n\n\n<p>MERKKEJ\u00c4 MYYD\u00c4\u00c4N SEURAAVASTI:<\/p>\n\n\n\n<p>Osakkaille: 3\u20ac\/kpl<\/p>\n\n\n\n<p>Ulkopuolisille:&nbsp;6\u20ac\/kpl&nbsp;, verkko 3m x 30m&nbsp;1merkki, yli 3m x 30m&nbsp;2 merkki\u00e4<\/p>\n\n\n\n<p>Rys\u00e4t:&nbsp;Osakkaat rantarys\u00e4, alle 1m, 1 merkki. Rys\u00e4 alle 2m, 2 merkki\u00e4. Rys\u00e4 yli 2m, 4 merkki\u00e4. Merkin hinta: 3\u20ac<\/p>\n\n\n\n<p>Ulkopuoliset rantarys\u00e4, alle 1m, 1 merkki. Rys\u00e4 alle 2m, 2 merkki\u00e4. Rys\u00e4 yli 2m, 4 merkki\u00e4. Merkin hinta: 6\u20ac<\/p>\n\n\n\n<p>Avorys\u00e4\/paunetti: Osakkaat:&nbsp;30 merkki\u00e4&nbsp;90\u20ac<\/p>\n\n\n\n<p>Ulkopuoliset: 180\u20ac&nbsp;( 6\u20ac x 30 merkki\u00e4)<\/p>\n\n\n\n<p>Nuottamaksut:&nbsp;Osakkaat:&nbsp;3\u20ac x 50merkki\u00e4 = 150\u20ac<\/p>\n\n\n\n<p>Ulkopuoliset: 6\u20ac x 50 merkki\u00e4 = 300\u20ac<\/p>\n\n\n\n<p>Troolimaksut:&nbsp;Osakkaat:&nbsp;3\u20ac x 100 merkki\u00e4 = 300\u20ac<\/p>\n\n\n\n<p>Ulkopuoliset: 6\u20ac x 100 merkki\u00e4 = 600\u20ac<\/p>\n\n\n\n<p>Uistelu:&nbsp;Osakkaille vapaata<\/p>\n\n\n\n<p>Ulkopuoliset&nbsp;1 merkki, 6\u20ac ( 3 vapaa )<\/p>\n\n\n\n<p>Katiskapyynti:&nbsp;Kaikille vapaata<\/p>\n","protected":false},"excerpt":{"rendered":"<p>Lupamaksut ja ohjeet Kalastuslupanumerot merkit\u00e4\u00e4n ostokuittiin. Pyydysmerkit ovat ruokakuntakohtaisia ja merkit kiinnitet\u00e4\u00e4n nimell\u00e4 varustettuun polaan, talvella avantokeppiin.&nbsp;Verkkojata on merkitt\u00e4v\u00e4 molemmista p\u00e4ist\u00e4 lain m\u00e4\u00e4r\u00e4\u00e4m\u00e4ll\u00e4 tavalla, ja pyydykseen tulee merkit\u00e4 pyydyksen asettajan nimi ja yhteystiedot. Merkit ovat voimassa kalenterivuosittain. MERKKEJ\u00c4 MYYD\u00c4\u00c4N SEURAAVASTI: Osakkaille: 3\u20ac\/kpl Ulkopuolisille:&nbsp;6\u20ac\/kpl&nbsp;, verkko 3m x 30m&nbsp;1merkki, yli 3m x 30m&nbsp;2 merkki\u00e4 Rys\u00e4t:&nbsp;Osakkaat rantarys\u00e4, alle<\/p>\n<p><a class=\"moretag\" href=\"https:\/\/keiteleenkalatalousalue.fi\/listo\/luvat\/lupamaksut-ja-ohjeet\/\"> Lue lis\u00e4\u00e4 ><\/a><\/p>\n","protected":false},"author":1,"featured_media":0,"parent":45,"menu_order":0,"comment_status":"closed","ping_status":"closed","template":"basic-sivu.php","meta":{"_acf_changed":false,"footnotes":""},"class_list":["post-86","page","type-page","status-publish","hentry"],"acf":[],"yoast_head":"<!-- This site is optimized with the Yoast SEO plugin v27.4 - https:\/\/yoast.com\/product\/yoast-seo-wordpress\/ -->\n<title>Lupamaksut ja ohjeet - Liston osakaskunta<\/title>\n<meta name=\"robots\" content=\"index, follow, max-snippet:-1, max-image-preview:large, max-video-preview:-1\" \/>\n<link rel=\"canonical\" href=\"https:\/\/keiteleenkalatalousalue.fi\/listo\/luvat\/lupamaksut-ja-ohjeet\/\" \/>\n<meta property=\"og:locale\" content=\"fi_FI\" \/>\n<meta property=\"og:type\" content=\"article\" \/>\n<meta property=\"og:title\" content=\"Lupamaksut ja ohjeet - Liston osakaskunta\" \/>\n<meta property=\"og:description\" content=\"Lupamaksut ja ohjeet Kalastuslupanumerot merkit\u00e4\u00e4n ostokuittiin. Pyydysmerkit ovat ruokakuntakohtaisia ja merkit kiinnitet\u00e4\u00e4n nimell\u00e4 varustettuun polaan, talvella avantokeppiin.&nbsp;Verkkojata on merkitt\u00e4v\u00e4 molemmista p\u00e4ist\u00e4 lain m\u00e4\u00e4r\u00e4\u00e4m\u00e4ll\u00e4 tavalla, ja pyydykseen tulee merkit\u00e4 pyydyksen asettajan nimi ja yhteystiedot. Merkit ovat voimassa kalenterivuosittain. MERKKEJ\u00c4 MYYD\u00c4\u00c4N SEURAAVASTI: Osakkaille: 3\u20ac\/kpl Ulkopuolisille:&nbsp;6\u20ac\/kpl&nbsp;, verkko 3m x 30m&nbsp;1merkki, yli 3m x 30m&nbsp;2 merkki\u00e4 Rys\u00e4t:&nbsp;Osakkaat rantarys\u00e4, alle Lue lis\u00e4\u00e4 &gt;\" \/>\n<meta property=\"og:url\" content=\"https:\/\/keiteleenkalatalousalue.fi\/listo\/luvat\/lupamaksut-ja-ohjeet\/\" \/>\n<meta property=\"og:site_name\" content=\"Liston osakaskunta\" \/>\n<meta property=\"article:modified_time\" content=\"2021-04-27T11:06:03+00:00\" \/>\n<meta name=\"twitter:card\" content=\"summary_large_image\" \/>\n<meta name=\"twitter:label1\" content=\"Arvioitu lukuaika\" \/>\n\t<meta name=\"twitter:data1\" content=\"1 minuutti\" \/>\n<script type=\"application\/ld+json\" class=\"yoast-schema-graph\">{\"@context\":\"https:\\\/\\\/schema.org\",\"@graph\":[{\"@type\":\"WebPage\",\"@id\":\"https:\\\/\\\/keiteleenkalatalousalue.fi\\\/listo\\\/luvat\\\/lupamaksut-ja-ohjeet\\\/\",\"url\":\"https:\\\/\\\/keiteleenkalatalousalue.fi\\\/listo\\\/luvat\\\/lupamaksut-ja-ohjeet\\\/\",\"name\":\"Lupamaksut ja ohjeet - Liston osakaskunta\",\"isPartOf\":{\"@id\":\"https:\\\/\\\/keiteleenkalatalousalue.fi\\\/listo\\\/#website\"},\"datePublished\":\"2020-10-29T09:39:36+00:00\",\"dateModified\":\"2021-04-27T11:06:03+00:00\",\"breadcrumb\":{\"@id\":\"https:\\\/\\\/keiteleenkalatalousalue.fi\\\/listo\\\/luvat\\\/lupamaksut-ja-ohjeet\\\/#breadcrumb\"},\"inLanguage\":\"fi\",\"potentialAction\":[{\"@type\":\"ReadAction\",\"target\":[\"https:\\\/\\\/keiteleenkalatalousalue.fi\\\/listo\\\/luvat\\\/lupamaksut-ja-ohjeet\\\/\"]}]},{\"@type\":\"BreadcrumbList\",\"@id\":\"https:\\\/\\\/keiteleenkalatalousalue.fi\\\/listo\\\/luvat\\\/lupamaksut-ja-ohjeet\\\/#breadcrumb\",\"itemListElement\":[{\"@type\":\"ListItem\",\"position\":1,\"name\":\"Home\",\"item\":\"https:\\\/\\\/keiteleenkalatalousalue.fi\\\/listo\\\/\"},{\"@type\":\"ListItem\",\"position\":2,\"name\":\"Yksityinen: Luvat\",\"item\":\"https:\\\/\\\/keiteleenkalatalousalue.fi\\\/listo\\\/?page_id=45\"},{\"@type\":\"ListItem\",\"position\":3,\"name\":\"Lupamaksut ja ohjeet\"}]},{\"@type\":\"WebSite\",\"@id\":\"https:\\\/\\\/keiteleenkalatalousalue.fi\\\/listo\\\/#website\",\"url\":\"https:\\\/\\\/keiteleenkalatalousalue.fi\\\/listo\\\/\",\"name\":\"Liston osakaskunta\",\"description\":\"\",\"potentialAction\":[{\"@type\":\"SearchAction\",\"target\":{\"@type\":\"EntryPoint\",\"urlTemplate\":\"https:\\\/\\\/keiteleenkalatalousalue.fi\\\/listo\\\/?s={search_term_string}\"},\"query-input\":{\"@type\":\"PropertyValueSpecification\",\"valueRequired\":true,\"valueName\":\"search_term_string\"}}],\"inLanguage\":\"fi\"}]}<\/script>\n<!-- \/ Yoast SEO plugin. -->","yoast_head_json":{"title":"Lupamaksut ja ohjeet - Liston osakaskunta","robots":{"index":"index","follow":"follow","max-snippet":"max-snippet:-1","max-image-preview":"max-image-preview:large","max-video-preview":"max-video-preview:-1"},"canonical":"https:\/\/keiteleenkalatalousalue.fi\/listo\/luvat\/lupamaksut-ja-ohjeet\/","og_locale":"fi_FI","og_type":"article","og_title":"Lupamaksut ja ohjeet - Liston osakaskunta","og_description":"Lupamaksut ja ohjeet Kalastuslupanumerot merkit\u00e4\u00e4n ostokuittiin. Pyydysmerkit ovat ruokakuntakohtaisia ja merkit kiinnitet\u00e4\u00e4n nimell\u00e4 varustettuun polaan, talvella avantokeppiin.&nbsp;Verkkojata on merkitt\u00e4v\u00e4 molemmista p\u00e4ist\u00e4 lain m\u00e4\u00e4r\u00e4\u00e4m\u00e4ll\u00e4 tavalla, ja pyydykseen tulee merkit\u00e4 pyydyksen asettajan nimi ja yhteystiedot. Merkit ovat voimassa kalenterivuosittain. MERKKEJ\u00c4 MYYD\u00c4\u00c4N SEURAAVASTI: Osakkaille: 3\u20ac\/kpl Ulkopuolisille:&nbsp;6\u20ac\/kpl&nbsp;, verkko 3m x 30m&nbsp;1merkki, yli 3m x 30m&nbsp;2 merkki\u00e4 Rys\u00e4t:&nbsp;Osakkaat rantarys\u00e4, alle Lue lis\u00e4\u00e4 >","og_url":"https:\/\/keiteleenkalatalousalue.fi\/listo\/luvat\/lupamaksut-ja-ohjeet\/","og_site_name":"Liston osakaskunta","article_modified_time":"2021-04-27T11:06:03+00:00","twitter_card":"summary_large_image","twitter_misc":{"Arvioitu lukuaika":"1 minuutti"},"schema":{"@context":"https:\/\/schema.org","@graph":[{"@type":"WebPage","@id":"https:\/\/keiteleenkalatalousalue.fi\/listo\/luvat\/lupamaksut-ja-ohjeet\/","url":"https:\/\/keiteleenkalatalousalue.fi\/listo\/luvat\/lupamaksut-ja-ohjeet\/","name":"Lupamaksut ja ohjeet - Liston osakaskunta","isPartOf":{"@id":"https:\/\/keiteleenkalatalousalue.fi\/listo\/#website"},"datePublished":"2020-10-29T09:39:36+00:00","dateModified":"2021-04-27T11:06:03+00:00","breadcrumb":{"@id":"https:\/\/keiteleenkalatalousalue.fi\/listo\/luvat\/lupamaksut-ja-ohjeet\/#breadcrumb"},"inLanguage":"fi","potentialAction":[{"@type":"ReadAction","target":["https:\/\/keiteleenkalatalousalue.fi\/listo\/luvat\/lupamaksut-ja-ohjeet\/"]}]},{"@type":"BreadcrumbList","@id":"https:\/\/keiteleenkalatalousalue.fi\/listo\/luvat\/lupamaksut-ja-ohjeet\/#breadcrumb","itemListElement":[{"@type":"ListItem","position":1,"name":"Home","item":"https:\/\/keiteleenkalatalousalue.fi\/listo\/"},{"@type":"ListItem","position":2,"name":"Yksityinen: Luvat","item":"https:\/\/keiteleenkalatalousalue.fi\/listo\/?page_id=45"},{"@type":"ListItem","position":3,"name":"Lupamaksut ja ohjeet"}]},{"@type":"WebSite","@id":"https:\/\/keiteleenkalatalousalue.fi\/listo\/#website","url":"https:\/\/keiteleenkalatalousalue.fi\/listo\/","name":"Liston osakaskunta","description":"","potentialAction":[{"@type":"SearchAction","target":{"@type":"EntryPoint","urlTemplate":"https:\/\/keiteleenkalatalousalue.fi\/listo\/?s={search_term_string}"},"query-input":{"@type":"PropertyValueSpecification","valueRequired":true,"valueName":"search_term_string"}}],"inLanguage":"fi"}]}},"_links":{"self":[{"href":"https:\/\/keiteleenkalatalousalue.fi\/listo\/wp-json\/wp\/v2\/pages\/86","targetHints":{"allow":["GET"]}}],"collection":[{"href":"https:\/\/keiteleenkalatalousalue.fi\/listo\/wp-json\/wp\/v2\/pages"}],"about":[{"href":"https:\/\/keiteleenkalatalousalue.fi\/listo\/wp-json\/wp\/v2\/types\/page"}],"author":[{"embeddable":true,"href":"https:\/\/keiteleenkalatalousalue.fi\/listo\/wp-json\/wp\/v2\/users\/1"}],"replies":[{"embeddable":true,"href":"https:\/\/keiteleenkalatalousalue.fi\/listo\/wp-json\/wp\/v2\/comments?post=86"}],"version-history":[{"count":2,"href":"https:\/\/keiteleenkalatalousalue.fi\/listo\/wp-json\/wp\/v2\/pages\/86\/revisions"}],"predecessor-version":[{"id":256,"href":"https:\/\/keiteleenkalatalousalue.fi\/listo\/wp-json\/wp\/v2\/pages\/86\/revisions\/256"}],"up":[{"embeddable":true,"href":"https:\/\/keiteleenkalatalousalue.fi\/listo\/wp-json\/wp\/v2\/pages\/45"}],"wp:attachment":[{"href":"https:\/\/keiteleenkalatalousalue.fi\/listo\/wp-json\/wp\/v2\/media?parent=86"}],"curies":[{"name":"wp","href":"https:\/\/api.w.org\/{rel}","templated":true}]}}