{"id":49,"date":"2020-10-29T09:51:51","date_gmt":"2020-10-29T09:51:51","guid":{"rendered":"http:\/\/89.166.51.80\/~pohjoispaij\/ahtola\/?page_id=49"},"modified":"2025-04-22T14:19:24","modified_gmt":"2025-04-22T11:19:24","slug":"paatokset","status":"publish","type":"page","link":"https:\/\/keiteleenkalatalousalue.fi\/keiharinkoski\/paatokset\/","title":{"rendered":"S\u00e4\u00e4nn\u00f6t ja rajoitukset"},"content":{"rendered":"\n<h2 class=\"wp-block-heading\">Osakaskunnan rajoitukset:<\/h2>\n\n\n\n<ul class=\"wp-block-list\">\n<li>Rys\u00e4pyynti koskisel\u00e4ll\u00e4 kielletty<\/li>\n\n\n\n<li>Verkon solmuv\u00e4lit 31-49 mm on kielletty lukuun ottamatta alle 5 m syvyisi\u00e4 vesialueita lahtialueilla.<\/li>\n\n\n\n<li>Vuosikokouksen suositus: Ei k\u00e4ytett\u00e4isi alle 55 mm verkkoja.<\/li>\n\n\n\n<li>Koskialueen yl\u00e4juoksulla n. 100m ja alajuoksulla n. 250m rauhoitettu verkkopyynnilt\u00e4. Alueet merkitsee koskiosakaskunta.<\/li>\n\n\n\n<li>Koskisel\u00e4ll\u00e4 kaikki verkkokalastus kielletty 15.8.-15.11. ja muina aikoina alin sallittu solmuv\u00e4li 55 mm. (kieltoalue kartassa alla)<\/li>\n\n\n\n<li>Vesilintujen mets\u00e4stys osakkaille vapaa.Vierailijalle osakas voi lunastaa 20 \u20ac:n kausiluvan, mets\u00e4styksen tulee t\u00e4ll\u00f6in tapahtua osakkaan seurassa. Koskiselk\u00e4 rauhoitetaan vesilintujen mets\u00e4stykselt\u00e4. Pohjoisessa rajana Harjunniemen ranta \/ Kanasen laituri ja etel\u00e4ss\u00e4 Luotolansaaren silta.<\/li>\n\n\n\n<li>Huom: Muuruen Koivusalmen rauhoitus on poistettu!<\/li>\n<\/ul>\n\n\n\n<figure class=\"wp-block-image size-full is-resized\"><img loading=\"lazy\" decoding=\"async\" width=\"510\" height=\"740\" src=\"https:\/\/keiteleenkalatalousalue.fi\/keiharinkoski\/wp-content\/uploads\/sites\/12\/2025\/01\/kuva-4.png\" alt=\"\" class=\"wp-image-298\" style=\"width:400px\" srcset=\"https:\/\/keiteleenkalatalousalue.fi\/keiharinkoski\/wp-content\/uploads\/sites\/12\/2025\/01\/kuva-4.png 510w, https:\/\/keiteleenkalatalousalue.fi\/keiharinkoski\/wp-content\/uploads\/sites\/12\/2025\/01\/kuva-4-207x300.png 207w\" sizes=\"auto, (max-width: 510px) 100vw, 510px\" \/><figcaption class=\"wp-element-caption\">Koskisel\u00e4n verkkokalastusrajoitusalue (tummansininen alue).<\/figcaption><\/figure>\n\n\n\n<p>Valtakunnalliset ELY:n p\u00e4\u00e4t\u00f6ksell\u00e4 tehdyt kalastusrajoitukset l\u00f6yd\u00e4t my\u00f6s osoitteesta <a href=\"http:\/\/www.kalastusrajoitus.fi\">www.kalastusrajoitus.fi <\/a><\/p>\n","protected":false},"excerpt":{"rendered":"<p>Osakaskunnan rajoitukset: Valtakunnalliset ELY:n p\u00e4\u00e4t\u00f6ksell\u00e4 tehdyt kalastusrajoitukset l\u00f6yd\u00e4t my\u00f6s osoitteesta www.kalastusrajoitus.fi<\/p>\n","protected":false},"author":1,"featured_media":0,"parent":0,"menu_order":0,"comment_status":"closed","ping_status":"closed","template":"basic-sivu.php","meta":{"_acf_changed":false,"footnotes":""},"class_list":["post-49","page","type-page","status-publish","hentry"],"acf":[],"yoast_head":"<!-- This site is optimized with the Yoast SEO plugin v27.4 - https:\/\/yoast.com\/product\/yoast-seo-wordpress\/ -->\n<title>S\u00e4\u00e4nn\u00f6t ja rajoitukset - Keih\u00e4rinkosken osakaskunta<\/title>\n<meta name=\"robots\" content=\"index, follow, max-snippet:-1, max-image-preview:large, max-video-preview:-1\" \/>\n<link rel=\"canonical\" href=\"https:\/\/keiteleenkalatalousalue.fi\/keiharinkoski\/paatokset\/\" \/>\n<meta property=\"og:locale\" content=\"fi_FI\" \/>\n<meta property=\"og:type\" content=\"article\" \/>\n<meta property=\"og:title\" content=\"S\u00e4\u00e4nn\u00f6t ja rajoitukset - Keih\u00e4rinkosken osakaskunta\" \/>\n<meta property=\"og:description\" content=\"Osakaskunnan rajoitukset: Valtakunnalliset ELY:n p\u00e4\u00e4t\u00f6ksell\u00e4 tehdyt kalastusrajoitukset l\u00f6yd\u00e4t my\u00f6s osoitteesta www.kalastusrajoitus.fi\" \/>\n<meta property=\"og:url\" content=\"https:\/\/keiteleenkalatalousalue.fi\/keiharinkoski\/paatokset\/\" \/>\n<meta property=\"og:site_name\" content=\"Keih\u00e4rinkosken osakaskunta\" \/>\n<meta property=\"article:modified_time\" content=\"2025-04-22T11:19:24+00:00\" \/>\n<meta property=\"og:image\" content=\"https:\/\/keiteleenkalatalousalue.fi\/keiharinkoski\/wp-content\/uploads\/sites\/12\/2025\/01\/kuva-4.png\" \/>\n\t<meta property=\"og:image:width\" content=\"510\" \/>\n\t<meta property=\"og:image:height\" content=\"740\" \/>\n\t<meta property=\"og:image:type\" content=\"image\/png\" \/>\n<meta name=\"twitter:card\" content=\"summary_large_image\" \/>\n<meta name=\"twitter:label1\" content=\"Arvioitu lukuaika\" \/>\n\t<meta name=\"twitter:data1\" content=\"1 minuutti\" \/>\n<script type=\"application\/ld+json\" class=\"yoast-schema-graph\">{\"@context\":\"https:\\\/\\\/schema.org\",\"@graph\":[{\"@type\":\"WebPage\",\"@id\":\"https:\\\/\\\/keiteleenkalatalousalue.fi\\\/keiharinkoski\\\/paatokset\\\/\",\"url\":\"https:\\\/\\\/keiteleenkalatalousalue.fi\\\/keiharinkoski\\\/paatokset\\\/\",\"name\":\"S\u00e4\u00e4nn\u00f6t ja rajoitukset - Keih\u00e4rinkosken osakaskunta\",\"isPartOf\":{\"@id\":\"https:\\\/\\\/keiteleenkalatalousalue.fi\\\/keiharinkoski\\\/#website\"},\"primaryImageOfPage\":{\"@id\":\"https:\\\/\\\/keiteleenkalatalousalue.fi\\\/keiharinkoski\\\/paatokset\\\/#primaryimage\"},\"image\":{\"@id\":\"https:\\\/\\\/keiteleenkalatalousalue.fi\\\/keiharinkoski\\\/paatokset\\\/#primaryimage\"},\"thumbnailUrl\":\"https:\\\/\\\/keiteleenkalatalousalue.fi\\\/keiharinkoski\\\/wp-content\\\/uploads\\\/sites\\\/12\\\/2025\\\/01\\\/kuva-4.png\",\"datePublished\":\"2020-10-29T09:51:51+00:00\",\"dateModified\":\"2025-04-22T11:19:24+00:00\",\"breadcrumb\":{\"@id\":\"https:\\\/\\\/keiteleenkalatalousalue.fi\\\/keiharinkoski\\\/paatokset\\\/#breadcrumb\"},\"inLanguage\":\"fi\",\"potentialAction\":[{\"@type\":\"ReadAction\",\"target\":[\"https:\\\/\\\/keiteleenkalatalousalue.fi\\\/keiharinkoski\\\/paatokset\\\/\"]}]},{\"@type\":\"ImageObject\",\"inLanguage\":\"fi\",\"@id\":\"https:\\\/\\\/keiteleenkalatalousalue.fi\\\/keiharinkoski\\\/paatokset\\\/#primaryimage\",\"url\":\"https:\\\/\\\/keiteleenkalatalousalue.fi\\\/keiharinkoski\\\/wp-content\\\/uploads\\\/sites\\\/12\\\/2025\\\/01\\\/kuva-4.png\",\"contentUrl\":\"https:\\\/\\\/keiteleenkalatalousalue.fi\\\/keiharinkoski\\\/wp-content\\\/uploads\\\/sites\\\/12\\\/2025\\\/01\\\/kuva-4.png\",\"width\":510,\"height\":740},{\"@type\":\"BreadcrumbList\",\"@id\":\"https:\\\/\\\/keiteleenkalatalousalue.fi\\\/keiharinkoski\\\/paatokset\\\/#breadcrumb\",\"itemListElement\":[{\"@type\":\"ListItem\",\"position\":1,\"name\":\"Home\",\"item\":\"https:\\\/\\\/keiteleenkalatalousalue.fi\\\/keiharinkoski\\\/\"},{\"@type\":\"ListItem\",\"position\":2,\"name\":\"S\u00e4\u00e4nn\u00f6t ja rajoitukset\"}]},{\"@type\":\"WebSite\",\"@id\":\"https:\\\/\\\/keiteleenkalatalousalue.fi\\\/keiharinkoski\\\/#website\",\"url\":\"https:\\\/\\\/keiteleenkalatalousalue.fi\\\/keiharinkoski\\\/\",\"name\":\"Keih\u00e4rinkosken osakaskunta\",\"description\":\"\",\"potentialAction\":[{\"@type\":\"SearchAction\",\"target\":{\"@type\":\"EntryPoint\",\"urlTemplate\":\"https:\\\/\\\/keiteleenkalatalousalue.fi\\\/keiharinkoski\\\/?s={search_term_string}\"},\"query-input\":{\"@type\":\"PropertyValueSpecification\",\"valueRequired\":true,\"valueName\":\"search_term_string\"}}],\"inLanguage\":\"fi\"}]}<\/script>\n<!-- \/ Yoast SEO plugin. -->","yoast_head_json":{"title":"S\u00e4\u00e4nn\u00f6t ja rajoitukset - Keih\u00e4rinkosken osakaskunta","robots":{"index":"index","follow":"follow","max-snippet":"max-snippet:-1","max-image-preview":"max-image-preview:large","max-video-preview":"max-video-preview:-1"},"canonical":"https:\/\/keiteleenkalatalousalue.fi\/keiharinkoski\/paatokset\/","og_locale":"fi_FI","og_type":"article","og_title":"S\u00e4\u00e4nn\u00f6t ja rajoitukset - Keih\u00e4rinkosken osakaskunta","og_description":"Osakaskunnan rajoitukset: Valtakunnalliset ELY:n p\u00e4\u00e4t\u00f6ksell\u00e4 tehdyt kalastusrajoitukset l\u00f6yd\u00e4t my\u00f6s osoitteesta www.kalastusrajoitus.fi","og_url":"https:\/\/keiteleenkalatalousalue.fi\/keiharinkoski\/paatokset\/","og_site_name":"Keih\u00e4rinkosken osakaskunta","article_modified_time":"2025-04-22T11:19:24+00:00","og_image":[{"width":510,"height":740,"url":"https:\/\/keiteleenkalatalousalue.fi\/keiharinkoski\/wp-content\/uploads\/sites\/12\/2025\/01\/kuva-4.png","type":"image\/png"}],"twitter_card":"summary_large_image","twitter_misc":{"Arvioitu lukuaika":"1 minuutti"},"schema":{"@context":"https:\/\/schema.org","@graph":[{"@type":"WebPage","@id":"https:\/\/keiteleenkalatalousalue.fi\/keiharinkoski\/paatokset\/","url":"https:\/\/keiteleenkalatalousalue.fi\/keiharinkoski\/paatokset\/","name":"S\u00e4\u00e4nn\u00f6t ja rajoitukset - Keih\u00e4rinkosken osakaskunta","isPartOf":{"@id":"https:\/\/keiteleenkalatalousalue.fi\/keiharinkoski\/#website"},"primaryImageOfPage":{"@id":"https:\/\/keiteleenkalatalousalue.fi\/keiharinkoski\/paatokset\/#primaryimage"},"image":{"@id":"https:\/\/keiteleenkalatalousalue.fi\/keiharinkoski\/paatokset\/#primaryimage"},"thumbnailUrl":"https:\/\/keiteleenkalatalousalue.fi\/keiharinkoski\/wp-content\/uploads\/sites\/12\/2025\/01\/kuva-4.png","datePublished":"2020-10-29T09:51:51+00:00","dateModified":"2025-04-22T11:19:24+00:00","breadcrumb":{"@id":"https:\/\/keiteleenkalatalousalue.fi\/keiharinkoski\/paatokset\/#breadcrumb"},"inLanguage":"fi","potentialAction":[{"@type":"ReadAction","target":["https:\/\/keiteleenkalatalousalue.fi\/keiharinkoski\/paatokset\/"]}]},{"@type":"ImageObject","inLanguage":"fi","@id":"https:\/\/keiteleenkalatalousalue.fi\/keiharinkoski\/paatokset\/#primaryimage","url":"https:\/\/keiteleenkalatalousalue.fi\/keiharinkoski\/wp-content\/uploads\/sites\/12\/2025\/01\/kuva-4.png","contentUrl":"https:\/\/keiteleenkalatalousalue.fi\/keiharinkoski\/wp-content\/uploads\/sites\/12\/2025\/01\/kuva-4.png","width":510,"height":740},{"@type":"BreadcrumbList","@id":"https:\/\/keiteleenkalatalousalue.fi\/keiharinkoski\/paatokset\/#breadcrumb","itemListElement":[{"@type":"ListItem","position":1,"name":"Home","item":"https:\/\/keiteleenkalatalousalue.fi\/keiharinkoski\/"},{"@type":"ListItem","position":2,"name":"S\u00e4\u00e4nn\u00f6t ja rajoitukset"}]},{"@type":"WebSite","@id":"https:\/\/keiteleenkalatalousalue.fi\/keiharinkoski\/#website","url":"https:\/\/keiteleenkalatalousalue.fi\/keiharinkoski\/","name":"Keih\u00e4rinkosken osakaskunta","description":"","potentialAction":[{"@type":"SearchAction","target":{"@type":"EntryPoint","urlTemplate":"https:\/\/keiteleenkalatalousalue.fi\/keiharinkoski\/?s={search_term_string}"},"query-input":{"@type":"PropertyValueSpecification","valueRequired":true,"valueName":"search_term_string"}}],"inLanguage":"fi"}]}},"_links":{"self":[{"href":"https:\/\/keiteleenkalatalousalue.fi\/keiharinkoski\/wp-json\/wp\/v2\/pages\/49","targetHints":{"allow":["GET"]}}],"collection":[{"href":"https:\/\/keiteleenkalatalousalue.fi\/keiharinkoski\/wp-json\/wp\/v2\/pages"}],"about":[{"href":"https:\/\/keiteleenkalatalousalue.fi\/keiharinkoski\/wp-json\/wp\/v2\/types\/page"}],"author":[{"embeddable":true,"href":"https:\/\/keiteleenkalatalousalue.fi\/keiharinkoski\/wp-json\/wp\/v2\/users\/1"}],"replies":[{"embeddable":true,"href":"https:\/\/keiteleenkalatalousalue.fi\/keiharinkoski\/wp-json\/wp\/v2\/comments?post=49"}],"version-history":[{"count":7,"href":"https:\/\/keiteleenkalatalousalue.fi\/keiharinkoski\/wp-json\/wp\/v2\/pages\/49\/revisions"}],"predecessor-version":[{"id":329,"href":"https:\/\/keiteleenkalatalousalue.fi\/keiharinkoski\/wp-json\/wp\/v2\/pages\/49\/revisions\/329"}],"wp:attachment":[{"href":"https:\/\/keiteleenkalatalousalue.fi\/keiharinkoski\/wp-json\/wp\/v2\/media?parent=49"}],"curies":[{"name":"wp","href":"https:\/\/api.w.org\/{rel}","templated":true}]}}