{"id":223,"date":"2020-10-22T07:32:51","date_gmt":"2020-10-22T07:32:51","guid":{"rendered":"http:\/\/89.166.51.80\/~pohjoispaij\/ahtola\/?page_id=2"},"modified":"2026-03-09T09:41:45","modified_gmt":"2026-03-09T07:41:45","slug":"etusivu","status":"publish","type":"page","link":"https:\/\/keiteleenkalatalousalue.fi\/keiharinkoski\/","title":{"rendered":"Etusivu"},"content":{"rendered":"\n<h2 class=\"wp-block-heading\">Tervetuloa Keih\u00e4rinkosken&nbsp;osakaskuntaan<\/h2>\n\n\n\n<p>Osakaskunnan vesialueet sijaitsevat Keiteleess\u00e4, Muurueessa, Komuj\u00e4rvess\u00e4 sek\u00e4 osakaskunnan muissa lammissa, joissa ja j\u00e4rviss\u00e4 ja ne kattavat yhteens\u00e4 n. 2342 ha vesipinta-alaa.<\/p>\n\n\n\n<p><strong>Osakaskunnan vuosikokous 2026 pidet\u00e4\u00e4n 11.4. klo 14:00 alkaen Koskituvalla (Keih\u00e4rinkoskentie 750). Tervetuloa!<\/strong><\/p>\n\n\n\n<p><\/p>\n","protected":false},"excerpt":{"rendered":"<p>Tervetuloa Keih\u00e4rinkosken&nbsp;osakaskuntaan Osakaskunnan vesialueet sijaitsevat Keiteleess\u00e4, Muurueessa, Komuj\u00e4rvess\u00e4 sek\u00e4 osakaskunnan muissa lammissa, joissa ja j\u00e4rviss\u00e4 ja ne kattavat yhteens\u00e4 n. 2342 ha vesipinta-alaa. Osakaskunnan vuosikokous 2026 pidet\u00e4\u00e4n 11.4. klo 14:00 alkaen Koskituvalla (Keih\u00e4rinkoskentie 750). Tervetuloa!<\/p>\n","protected":false},"author":1,"featured_media":0,"parent":0,"menu_order":0,"comment_status":"closed","ping_status":"open","template":"","meta":{"_acf_changed":false,"footnotes":""},"class_list":["post-223","page","type-page","status-publish","hentry"],"acf":[],"yoast_head":"<!-- This site is optimized with the Yoast SEO plugin v27.1.1 - https:\/\/yoast.com\/product\/yoast-seo-wordpress\/ -->\n<title>Etusivu - Keih\u00e4rinkosken osakaskunta<\/title>\n<meta name=\"robots\" content=\"index, follow, max-snippet:-1, max-image-preview:large, max-video-preview:-1\" \/>\n<link rel=\"canonical\" href=\"https:\/\/keiteleenkalatalousalue.fi\/keiharinkoski\/\" \/>\n<meta property=\"og:locale\" content=\"fi_FI\" \/>\n<meta property=\"og:type\" content=\"article\" \/>\n<meta property=\"og:title\" content=\"Etusivu - Keih\u00e4rinkosken osakaskunta\" \/>\n<meta property=\"og:description\" content=\"Tervetuloa Keih\u00e4rinkosken&nbsp;osakaskuntaan Osakaskunnan vesialueet sijaitsevat Keiteleess\u00e4, Muurueessa, Komuj\u00e4rvess\u00e4 sek\u00e4 osakaskunnan muissa lammissa, joissa ja j\u00e4rviss\u00e4 ja ne kattavat yhteens\u00e4 n. 2342 ha vesipinta-alaa. Osakaskunnan vuosikokous 2026 pidet\u00e4\u00e4n 11.4. klo 14:00 alkaen Koskituvalla (Keih\u00e4rinkoskentie 750). Tervetuloa!\" \/>\n<meta property=\"og:url\" content=\"https:\/\/keiteleenkalatalousalue.fi\/keiharinkoski\/\" \/>\n<meta property=\"og:site_name\" content=\"Keih\u00e4rinkosken osakaskunta\" \/>\n<meta property=\"article:modified_time\" content=\"2026-03-09T07:41:45+00:00\" \/>\n<meta name=\"twitter:card\" content=\"summary_large_image\" \/>\n<meta name=\"twitter:label1\" content=\"Arvioitu lukuaika\" \/>\n\t<meta name=\"twitter:data1\" content=\"1 minuutti\" \/>\n<script type=\"application\/ld+json\" class=\"yoast-schema-graph\">{\"@context\":\"https:\/\/schema.org\",\"@graph\":[{\"@type\":\"WebPage\",\"@id\":\"https:\/\/keiteleenkalatalousalue.fi\/keiharinkoski\/\",\"url\":\"https:\/\/keiteleenkalatalousalue.fi\/keiharinkoski\/\",\"name\":\"Etusivu - Keih\u00e4rinkosken osakaskunta\",\"isPartOf\":{\"@id\":\"https:\/\/keiteleenkalatalousalue.fi\/keiharinkoski\/#website\"},\"datePublished\":\"2020-10-22T07:32:51+00:00\",\"dateModified\":\"2026-03-09T07:41:45+00:00\",\"breadcrumb\":{\"@id\":\"https:\/\/keiteleenkalatalousalue.fi\/keiharinkoski\/#breadcrumb\"},\"inLanguage\":\"fi\",\"potentialAction\":[{\"@type\":\"ReadAction\",\"target\":[\"https:\/\/keiteleenkalatalousalue.fi\/keiharinkoski\/\"]}]},{\"@type\":\"BreadcrumbList\",\"@id\":\"https:\/\/keiteleenkalatalousalue.fi\/keiharinkoski\/#breadcrumb\",\"itemListElement\":[{\"@type\":\"ListItem\",\"position\":1,\"name\":\"Home\",\"item\":\"https:\/\/keiteleenkalatalousalue.fi\/keiharinkoski\/\"},{\"@type\":\"ListItem\",\"position\":2,\"name\":\"Etusivu\"}]},{\"@type\":\"WebSite\",\"@id\":\"https:\/\/keiteleenkalatalousalue.fi\/keiharinkoski\/#website\",\"url\":\"https:\/\/keiteleenkalatalousalue.fi\/keiharinkoski\/\",\"name\":\"Keih\u00e4rinkosken osakaskunta\",\"description\":\"\",\"potentialAction\":[{\"@type\":\"SearchAction\",\"target\":{\"@type\":\"EntryPoint\",\"urlTemplate\":\"https:\/\/keiteleenkalatalousalue.fi\/keiharinkoski\/?s={search_term_string}\"},\"query-input\":{\"@type\":\"PropertyValueSpecification\",\"valueRequired\":true,\"valueName\":\"search_term_string\"}}],\"inLanguage\":\"fi\"}]}<\/script>\n<!-- \/ Yoast SEO plugin. -->","yoast_head_json":{"title":"Etusivu - Keih\u00e4rinkosken osakaskunta","robots":{"index":"index","follow":"follow","max-snippet":"max-snippet:-1","max-image-preview":"max-image-preview:large","max-video-preview":"max-video-preview:-1"},"canonical":"https:\/\/keiteleenkalatalousalue.fi\/keiharinkoski\/","og_locale":"fi_FI","og_type":"article","og_title":"Etusivu - Keih\u00e4rinkosken osakaskunta","og_description":"Tervetuloa Keih\u00e4rinkosken&nbsp;osakaskuntaan Osakaskunnan vesialueet sijaitsevat Keiteleess\u00e4, Muurueessa, Komuj\u00e4rvess\u00e4 sek\u00e4 osakaskunnan muissa lammissa, joissa ja j\u00e4rviss\u00e4 ja ne kattavat yhteens\u00e4 n. 2342 ha vesipinta-alaa. Osakaskunnan vuosikokous 2026 pidet\u00e4\u00e4n 11.4. klo 14:00 alkaen Koskituvalla (Keih\u00e4rinkoskentie 750). Tervetuloa!","og_url":"https:\/\/keiteleenkalatalousalue.fi\/keiharinkoski\/","og_site_name":"Keih\u00e4rinkosken osakaskunta","article_modified_time":"2026-03-09T07:41:45+00:00","twitter_card":"summary_large_image","twitter_misc":{"Arvioitu lukuaika":"1 minuutti"},"schema":{"@context":"https:\/\/schema.org","@graph":[{"@type":"WebPage","@id":"https:\/\/keiteleenkalatalousalue.fi\/keiharinkoski\/","url":"https:\/\/keiteleenkalatalousalue.fi\/keiharinkoski\/","name":"Etusivu - Keih\u00e4rinkosken osakaskunta","isPartOf":{"@id":"https:\/\/keiteleenkalatalousalue.fi\/keiharinkoski\/#website"},"datePublished":"2020-10-22T07:32:51+00:00","dateModified":"2026-03-09T07:41:45+00:00","breadcrumb":{"@id":"https:\/\/keiteleenkalatalousalue.fi\/keiharinkoski\/#breadcrumb"},"inLanguage":"fi","potentialAction":[{"@type":"ReadAction","target":["https:\/\/keiteleenkalatalousalue.fi\/keiharinkoski\/"]}]},{"@type":"BreadcrumbList","@id":"https:\/\/keiteleenkalatalousalue.fi\/keiharinkoski\/#breadcrumb","itemListElement":[{"@type":"ListItem","position":1,"name":"Home","item":"https:\/\/keiteleenkalatalousalue.fi\/keiharinkoski\/"},{"@type":"ListItem","position":2,"name":"Etusivu"}]},{"@type":"WebSite","@id":"https:\/\/keiteleenkalatalousalue.fi\/keiharinkoski\/#website","url":"https:\/\/keiteleenkalatalousalue.fi\/keiharinkoski\/","name":"Keih\u00e4rinkosken osakaskunta","description":"","potentialAction":[{"@type":"SearchAction","target":{"@type":"EntryPoint","urlTemplate":"https:\/\/keiteleenkalatalousalue.fi\/keiharinkoski\/?s={search_term_string}"},"query-input":{"@type":"PropertyValueSpecification","valueRequired":true,"valueName":"search_term_string"}}],"inLanguage":"fi"}]}},"_links":{"self":[{"href":"https:\/\/keiteleenkalatalousalue.fi\/keiharinkoski\/wp-json\/wp\/v2\/pages\/223","targetHints":{"allow":["GET"]}}],"collection":[{"href":"https:\/\/keiteleenkalatalousalue.fi\/keiharinkoski\/wp-json\/wp\/v2\/pages"}],"about":[{"href":"https:\/\/keiteleenkalatalousalue.fi\/keiharinkoski\/wp-json\/wp\/v2\/types\/page"}],"author":[{"embeddable":true,"href":"https:\/\/keiteleenkalatalousalue.fi\/keiharinkoski\/wp-json\/wp\/v2\/users\/1"}],"replies":[{"embeddable":true,"href":"https:\/\/keiteleenkalatalousalue.fi\/keiharinkoski\/wp-json\/wp\/v2\/comments?post=223"}],"version-history":[{"count":6,"href":"https:\/\/keiteleenkalatalousalue.fi\/keiharinkoski\/wp-json\/wp\/v2\/pages\/223\/revisions"}],"predecessor-version":[{"id":331,"href":"https:\/\/keiteleenkalatalousalue.fi\/keiharinkoski\/wp-json\/wp\/v2\/pages\/223\/revisions\/331"}],"wp:attachment":[{"href":"https:\/\/keiteleenkalatalousalue.fi\/keiharinkoski\/wp-json\/wp\/v2\/media?parent=223"}],"curies":[{"name":"wp","href":"https:\/\/api.w.org\/{rel}","templated":true}]}}