{"id":158,"date":"2020-10-29T12:25:46","date_gmt":"2020-10-29T10:25:46","guid":{"rendered":"http:\/\/89.166.51.80\/~pohjoispaij\/ahtola\/?page_id=158"},"modified":"2026-04-20T09:12:49","modified_gmt":"2026-04-20T06:12:49","slug":"vuosikokous","status":"publish","type":"page","link":"https:\/\/keiteleenkalatalousalue.fi\/keiharinkoski\/hallinto\/vuosikokous\/","title":{"rendered":"Vuosikokous"},"content":{"rendered":"\n<h2 class=\"wp-block-heading\">Vuosikokous<\/h2>\n\n\n\n<p>Osakaskunnan vuosikokouksen p\u00f6yt\u00e4kirja:<\/p>\n\n\n\n<div data-wp-interactive=\"core\/file\" class=\"wp-block-file\"><object data-wp-bind--hidden=\"!state.hasPdfPreview\" hidden class=\"wp-block-file__embed\" data=\"https:\/\/keiteleenkalatalousalue.fi\/keiharinkoski\/wp-content\/uploads\/sites\/12\/2026\/04\/Poytakirja-2026.pdf\" type=\"application\/pdf\" style=\"width:100%;height:600px\" aria-label=\"Tiedoston P\u00f6yt\u00e4kirja 2026 upotus.\"><\/object><a id=\"wp-block-file--media-c0f1f54a-a318-44d9-94ad-e5200f498f8a\" href=\"https:\/\/keiteleenkalatalousalue.fi\/keiharinkoski\/wp-content\/uploads\/sites\/12\/2026\/04\/Poytakirja-2026.pdf\">P\u00f6yt\u00e4kirja 2026<\/a><a href=\"https:\/\/keiteleenkalatalousalue.fi\/keiharinkoski\/wp-content\/uploads\/sites\/12\/2026\/04\/Poytakirja-2026.pdf\" class=\"wp-block-file__button wp-element-button\" download aria-describedby=\"wp-block-file--media-c0f1f54a-a318-44d9-94ad-e5200f498f8a\">Lataa<\/a><\/div>\n","protected":false},"excerpt":{"rendered":"<p>Vuosikokous Osakaskunnan vuosikokouksen p\u00f6yt\u00e4kirja:<\/p>\n","protected":false},"author":1,"featured_media":0,"parent":32,"menu_order":0,"comment_status":"closed","ping_status":"closed","template":"basic-sivu.php","meta":{"_acf_changed":false,"footnotes":""},"class_list":["post-158","page","type-page","status-publish","hentry"],"acf":[],"yoast_head":"<!-- This site is optimized with the Yoast SEO plugin v27.4 - https:\/\/yoast.com\/product\/yoast-seo-wordpress\/ -->\n<title>Vuosikokous - Keih\u00e4rinkosken osakaskunta<\/title>\n<meta name=\"robots\" content=\"index, follow, max-snippet:-1, max-image-preview:large, max-video-preview:-1\" \/>\n<link rel=\"canonical\" href=\"https:\/\/keiteleenkalatalousalue.fi\/keiharinkoski\/hallinto\/vuosikokous\/\" \/>\n<meta property=\"og:locale\" content=\"fi_FI\" \/>\n<meta property=\"og:type\" content=\"article\" \/>\n<meta property=\"og:title\" content=\"Vuosikokous - Keih\u00e4rinkosken osakaskunta\" \/>\n<meta property=\"og:description\" content=\"Vuosikokous Osakaskunnan vuosikokouksen p\u00f6yt\u00e4kirja:\" \/>\n<meta property=\"og:url\" content=\"https:\/\/keiteleenkalatalousalue.fi\/keiharinkoski\/hallinto\/vuosikokous\/\" \/>\n<meta property=\"og:site_name\" content=\"Keih\u00e4rinkosken osakaskunta\" \/>\n<meta property=\"article:modified_time\" content=\"2026-04-20T06:12:49+00:00\" \/>\n<meta name=\"twitter:card\" content=\"summary_large_image\" \/>\n<meta name=\"twitter:label1\" content=\"Arvioitu lukuaika\" \/>\n\t<meta name=\"twitter:data1\" content=\"1 minuutti\" \/>\n<script type=\"application\/ld+json\" class=\"yoast-schema-graph\">{\"@context\":\"https:\\\/\\\/schema.org\",\"@graph\":[{\"@type\":\"WebPage\",\"@id\":\"https:\\\/\\\/keiteleenkalatalousalue.fi\\\/keiharinkoski\\\/hallinto\\\/vuosikokous\\\/\",\"url\":\"https:\\\/\\\/keiteleenkalatalousalue.fi\\\/keiharinkoski\\\/hallinto\\\/vuosikokous\\\/\",\"name\":\"Vuosikokous - Keih\u00e4rinkosken osakaskunta\",\"isPartOf\":{\"@id\":\"https:\\\/\\\/keiteleenkalatalousalue.fi\\\/keiharinkoski\\\/#website\"},\"datePublished\":\"2020-10-29T10:25:46+00:00\",\"dateModified\":\"2026-04-20T06:12:49+00:00\",\"breadcrumb\":{\"@id\":\"https:\\\/\\\/keiteleenkalatalousalue.fi\\\/keiharinkoski\\\/hallinto\\\/vuosikokous\\\/#breadcrumb\"},\"inLanguage\":\"fi\",\"potentialAction\":[{\"@type\":\"ReadAction\",\"target\":[\"https:\\\/\\\/keiteleenkalatalousalue.fi\\\/keiharinkoski\\\/hallinto\\\/vuosikokous\\\/\"]}]},{\"@type\":\"BreadcrumbList\",\"@id\":\"https:\\\/\\\/keiteleenkalatalousalue.fi\\\/keiharinkoski\\\/hallinto\\\/vuosikokous\\\/#breadcrumb\",\"itemListElement\":[{\"@type\":\"ListItem\",\"position\":1,\"name\":\"Home\",\"item\":\"https:\\\/\\\/keiteleenkalatalousalue.fi\\\/keiharinkoski\\\/\"},{\"@type\":\"ListItem\",\"position\":2,\"name\":\"Hallinto\",\"item\":\"https:\\\/\\\/keiteleenkalatalousalue.fi\\\/keiharinkoski\\\/hallinto\\\/\"},{\"@type\":\"ListItem\",\"position\":3,\"name\":\"Vuosikokous\"}]},{\"@type\":\"WebSite\",\"@id\":\"https:\\\/\\\/keiteleenkalatalousalue.fi\\\/keiharinkoski\\\/#website\",\"url\":\"https:\\\/\\\/keiteleenkalatalousalue.fi\\\/keiharinkoski\\\/\",\"name\":\"Keih\u00e4rinkosken osakaskunta\",\"description\":\"\",\"potentialAction\":[{\"@type\":\"SearchAction\",\"target\":{\"@type\":\"EntryPoint\",\"urlTemplate\":\"https:\\\/\\\/keiteleenkalatalousalue.fi\\\/keiharinkoski\\\/?s={search_term_string}\"},\"query-input\":{\"@type\":\"PropertyValueSpecification\",\"valueRequired\":true,\"valueName\":\"search_term_string\"}}],\"inLanguage\":\"fi\"}]}<\/script>\n<!-- \/ Yoast SEO plugin. -->","yoast_head_json":{"title":"Vuosikokous - Keih\u00e4rinkosken osakaskunta","robots":{"index":"index","follow":"follow","max-snippet":"max-snippet:-1","max-image-preview":"max-image-preview:large","max-video-preview":"max-video-preview:-1"},"canonical":"https:\/\/keiteleenkalatalousalue.fi\/keiharinkoski\/hallinto\/vuosikokous\/","og_locale":"fi_FI","og_type":"article","og_title":"Vuosikokous - Keih\u00e4rinkosken osakaskunta","og_description":"Vuosikokous Osakaskunnan vuosikokouksen p\u00f6yt\u00e4kirja:","og_url":"https:\/\/keiteleenkalatalousalue.fi\/keiharinkoski\/hallinto\/vuosikokous\/","og_site_name":"Keih\u00e4rinkosken osakaskunta","article_modified_time":"2026-04-20T06:12:49+00:00","twitter_card":"summary_large_image","twitter_misc":{"Arvioitu lukuaika":"1 minuutti"},"schema":{"@context":"https:\/\/schema.org","@graph":[{"@type":"WebPage","@id":"https:\/\/keiteleenkalatalousalue.fi\/keiharinkoski\/hallinto\/vuosikokous\/","url":"https:\/\/keiteleenkalatalousalue.fi\/keiharinkoski\/hallinto\/vuosikokous\/","name":"Vuosikokous - Keih\u00e4rinkosken osakaskunta","isPartOf":{"@id":"https:\/\/keiteleenkalatalousalue.fi\/keiharinkoski\/#website"},"datePublished":"2020-10-29T10:25:46+00:00","dateModified":"2026-04-20T06:12:49+00:00","breadcrumb":{"@id":"https:\/\/keiteleenkalatalousalue.fi\/keiharinkoski\/hallinto\/vuosikokous\/#breadcrumb"},"inLanguage":"fi","potentialAction":[{"@type":"ReadAction","target":["https:\/\/keiteleenkalatalousalue.fi\/keiharinkoski\/hallinto\/vuosikokous\/"]}]},{"@type":"BreadcrumbList","@id":"https:\/\/keiteleenkalatalousalue.fi\/keiharinkoski\/hallinto\/vuosikokous\/#breadcrumb","itemListElement":[{"@type":"ListItem","position":1,"name":"Home","item":"https:\/\/keiteleenkalatalousalue.fi\/keiharinkoski\/"},{"@type":"ListItem","position":2,"name":"Hallinto","item":"https:\/\/keiteleenkalatalousalue.fi\/keiharinkoski\/hallinto\/"},{"@type":"ListItem","position":3,"name":"Vuosikokous"}]},{"@type":"WebSite","@id":"https:\/\/keiteleenkalatalousalue.fi\/keiharinkoski\/#website","url":"https:\/\/keiteleenkalatalousalue.fi\/keiharinkoski\/","name":"Keih\u00e4rinkosken osakaskunta","description":"","potentialAction":[{"@type":"SearchAction","target":{"@type":"EntryPoint","urlTemplate":"https:\/\/keiteleenkalatalousalue.fi\/keiharinkoski\/?s={search_term_string}"},"query-input":{"@type":"PropertyValueSpecification","valueRequired":true,"valueName":"search_term_string"}}],"inLanguage":"fi"}]}},"_links":{"self":[{"href":"https:\/\/keiteleenkalatalousalue.fi\/keiharinkoski\/wp-json\/wp\/v2\/pages\/158","targetHints":{"allow":["GET"]}}],"collection":[{"href":"https:\/\/keiteleenkalatalousalue.fi\/keiharinkoski\/wp-json\/wp\/v2\/pages"}],"about":[{"href":"https:\/\/keiteleenkalatalousalue.fi\/keiharinkoski\/wp-json\/wp\/v2\/types\/page"}],"author":[{"embeddable":true,"href":"https:\/\/keiteleenkalatalousalue.fi\/keiharinkoski\/wp-json\/wp\/v2\/users\/1"}],"replies":[{"embeddable":true,"href":"https:\/\/keiteleenkalatalousalue.fi\/keiharinkoski\/wp-json\/wp\/v2\/comments?post=158"}],"version-history":[{"count":5,"href":"https:\/\/keiteleenkalatalousalue.fi\/keiharinkoski\/wp-json\/wp\/v2\/pages\/158\/revisions"}],"predecessor-version":[{"id":335,"href":"https:\/\/keiteleenkalatalousalue.fi\/keiharinkoski\/wp-json\/wp\/v2\/pages\/158\/revisions\/335"}],"up":[{"embeddable":true,"href":"https:\/\/keiteleenkalatalousalue.fi\/keiharinkoski\/wp-json\/wp\/v2\/pages\/32"}],"wp:attachment":[{"href":"https:\/\/keiteleenkalatalousalue.fi\/keiharinkoski\/wp-json\/wp\/v2\/media?parent=158"}],"curies":[{"name":"wp","href":"https:\/\/api.w.org\/{rel}","templated":true}]}}