{"id":86,"date":"2020-10-29T11:39:36","date_gmt":"2020-10-29T09:39:36","guid":{"rendered":"http:\/\/89.166.51.80\/~pohjoispaij\/ahtola\/?page_id=86"},"modified":"2025-02-26T11:46:43","modified_gmt":"2025-02-26T09:46:43","slug":"lupamaksut-ja-ohjeet","status":"publish","type":"page","link":"https:\/\/keiteleenkalatalousalue.fi\/kautto\/luvat\/lupamaksut-ja-ohjeet\/","title":{"rendered":"Lupamaksut ja ohjeet"},"content":{"rendered":"\n<h2 class=\"wp-block-heading\">Lupamaksut ja ohjeet<\/h2>\n\n\n\n<p><strong>Kauton osakaskunnan lupaohje 202<\/strong>5<\/p>\n\n\n\n<p><strong>Pyydysmerkit ja hinnat:<\/strong><\/p>\n\n\n\n<p>Verkko: osakas 4e, ulkopuolinen 6e (max 8kpl, ammattikalastukseen: max 30kpl)<\/p>\n\n\n\n<p>1 merkki= 30m pitk\u00e4 verkko (korkeutta ei ole rajoitettu)<\/p>\n\n\n\n<p>Katiska: 2e\/kpl<\/p>\n\n\n\n<p>kalatupa: 4e\/kpl<\/p>\n\n\n\n<p>Koukut: 20kpl\/10e<\/p>\n\n\n\n<p>Rapumerta: Osakkaille vapaa.<\/p>\n\n\n\n<p>Nuotta: 50e osakas, ulkopuolinen 100e (kausilupa)<\/p>\n\n\n\n<p>Rys\u00e4t: Luokkirys\u00e4t: 5e\/kpl, Rys\u00e4t 1-3m: 50e\/kpl (osakas 25e\/kpl), Rys\u00e4t yli 3m: 100e\/kpl (osakas 50e\/kpl) Luvat ovat kausilupia.<\/p>\n\n\n\n<p>Uistelulupa: 10e, ei vaparajoitusta ja voimassa vain Kauton osakaskunnan alueella (kausilupa).<\/p>\n\n\n\n<p>Vesilintujen mets\u00e4styslupa 10e\/kpl ulkopuolinen, osakkaalle vapaa. oikeuttaa mets\u00e4st\u00e4m\u00e4\u00e4n vain osakkaan kanssa (kausilupa). Lupa maksetaan Kauton osakaskunnan pankkitilille ennen mets\u00e4styst\u00e4: <strong>FI65 5438 8940 0107 25<\/strong>.<\/p>\n\n\n\n<p><strong>Pyydysten merkitsemisess\u00e4 on noudatettava kalastuslaissa mainittuja m\u00e4\u00e4r\u00e4yksi\u00e4.<\/strong><\/p>\n\n\n\n<p><strong>Rajoitukset:<\/strong><\/p>\n\n\n\n<p><strong>Verkkokalastus: <\/strong>Talvipyynniss\u00e4 verkon silm\u00e4koko v\u00e4hint\u00e4\u00e4n 55mm koko osakaskunnan alueella. Avovesikaudella pyyrinlahdessa pienin sallittu silm\u00e4koko 50mm, Ukonsel\u00e4ll\u00e4 ja H\u00e4rkinsel\u00e4ll\u00e4 ei silm\u00e4kokorajoituksia avovesikaudella. Loka-Marraskuussa yli 15m vesialueella suositellaan k\u00e4ytett\u00e4v\u00e4ksi yli 55mm verkkoja.<\/p>\n\n\n\n<p>Siltasalmen sillan molemmat puolet 100 metri\u00e4 rauhoitettu verkkokalastukselta avovesikaudella.<\/p>\n\n\n\n<p>Kyt\u00e4nsalon ja Majasaaren v\u00e4linen kapea salmi rauhoitettu verkkopyynnilt\u00e4 l\u00e4pi kauden.<\/p>\n\n\n\n<p>Illaanj\u00e4rvi max 3 verkkoa, silm\u00e4koko v\u00e4hint\u00e4\u00e4n 45mm.<\/p>\n\n\n\n<p>Lupien myynti Ostaluvat.fi verkkokaupassa.<\/p>\n\n\n\n<p>Lis\u00e4tietoja antavat tarvittaessa: <strong>Timo Vainiontaus p.0405745610 ja Toni Rautiainen p.0445333380<\/strong><\/p>\n","protected":false},"excerpt":{"rendered":"<p>Lupamaksut ja ohjeet Kauton osakaskunnan lupaohje 2025 Pyydysmerkit ja hinnat: Verkko: osakas 4e, ulkopuolinen 6e (max 8kpl, ammattikalastukseen: max 30kpl) 1 merkki= 30m pitk\u00e4 verkko (korkeutta ei ole rajoitettu) Katiska: 2e\/kpl kalatupa: 4e\/kpl Koukut: 20kpl\/10e Rapumerta: Osakkaille vapaa. Nuotta: 50e osakas, ulkopuolinen 100e (kausilupa) Rys\u00e4t: Luokkirys\u00e4t: 5e\/kpl, Rys\u00e4t 1-3m: 50e\/kpl (osakas 25e\/kpl), Rys\u00e4t yli 3m:<\/p>\n<p><a class=\"moretag\" href=\"https:\/\/keiteleenkalatalousalue.fi\/kautto\/luvat\/lupamaksut-ja-ohjeet\/\"> Lue lis\u00e4\u00e4 ><\/a><\/p>\n","protected":false},"author":1,"featured_media":0,"parent":45,"menu_order":0,"comment_status":"closed","ping_status":"closed","template":"basic-sivu.php","meta":{"_acf_changed":false,"footnotes":""},"class_list":["post-86","page","type-page","status-publish","hentry"],"acf":[],"yoast_head":"<!-- This site is optimized with the Yoast SEO plugin v27.4 - https:\/\/yoast.com\/product\/yoast-seo-wordpress\/ -->\n<title>Lupamaksut ja ohjeet - Kauton osakaskunta %<\/title>\n<meta name=\"description\" content=\"Kauton osakaskunnan lupaohje 2024Pyydysmerkit ja hinnat:Verkko: osakas 4e, ulkopuolinen 6e (max 8kpl, ammattikalastukseen: max 30kpl) 1 merkki= 30m pitk\u00e4 verkko (korkeutta ei ole rajoitettu)Katiska: 2e\/kplkalatupa: 4e\/kplKoukut: 20kpl\/10eRapumerta: Osakkaille vapaa.Nuotta: 50e osakas, ulkopuolinen 100e (kausilupa)Rys\u00e4t: Luokkirys\u00e4t: 5e\/kpl, Rys\u00e4t 1-3m: 50e\/kpl, Rys\u00e4t yli 3m: 100e\/kpl (Kausilupia)Uistelulupa: 10e, ei vaparajoitusta ja voimassa vain Kauton osakaskunnan alueella (kausilupa).Vesilintujen mets\u00e4styslupa 10e\/kpl ulkopuolinen, osakkaalle vapaa. oikeuttaa mets\u00e4st\u00e4m\u00e4\u00e4n vain osakkaan kanssa (kausilupa). Lupa maksetaan Kauton osakaskunnan pankkitilille ennen mets\u00e4styst\u00e4: FI65 5438 8940 0107 25.Pyydysten merkitsemisess\u00e4 on noudatettava kalastuslaissa mainittuja m\u00e4\u00e4r\u00e4yksi\u00e4.Rajoitukset:Verkkokalastus: Talvipyynniss\u00e4 verkon silm\u00e4koko v\u00e4hint\u00e4\u00e4n 55mm koko osakaskunnan alueella. Avovesikaudella pyyrinlahdessa pienin sallittu silm\u00e4koko 50mm, Ukonsel\u00e4ll\u00e4 ja H\u00e4rkinsel\u00e4ll\u00e4 ei silm\u00e4kokorajoituksia avovesikaudella. Loka-Marraskuussa yli 15m vesialueella suositellaan k\u00e4ytett\u00e4v\u00e4ksi yli 55mm verkkoja.Siltasalmen sillan molemmat puolet 100 metri\u00e4 rauhoitettu verkkokalastukselta avovesikaudella. Kyt\u00e4nsalon ja Majasaaren v\u00e4linen kapea salmi rauhoitettu verkkopyynnilt\u00e4 l\u00e4pi kauden.Illaanj\u00e4rvi max 3 verkkoa, silm\u00e4koko v\u00e4hint\u00e4\u00e4n 45mm.Lis\u00e4tietoja antavat tarvittaessa: Timo Vainiontaus p.0405745610 ja Toni Rautiainen p.0445333380\" \/>\n<meta name=\"robots\" content=\"index, follow, max-snippet:-1, max-image-preview:large, max-video-preview:-1\" \/>\n<link rel=\"canonical\" href=\"https:\/\/keiteleenkalatalousalue.fi\/kautto\/luvat\/lupamaksut-ja-ohjeet\/\" \/>\n<meta property=\"og:locale\" content=\"fi_FI\" \/>\n<meta property=\"og:type\" content=\"article\" \/>\n<meta property=\"og:title\" content=\"Lupamaksut ja ohjeet - Kauton osakaskunta %\" \/>\n<meta property=\"og:description\" content=\"Kauton osakaskunnan lupaohje 2024Pyydysmerkit ja hinnat:Verkko: osakas 4e, ulkopuolinen 6e (max 8kpl, ammattikalastukseen: max 30kpl) 1 merkki= 30m pitk\u00e4 verkko (korkeutta ei ole rajoitettu)Katiska: 2e\/kplkalatupa: 4e\/kplKoukut: 20kpl\/10eRapumerta: Osakkaille vapaa.Nuotta: 50e osakas, ulkopuolinen 100e (kausilupa)Rys\u00e4t: Luokkirys\u00e4t: 5e\/kpl, Rys\u00e4t 1-3m: 50e\/kpl, Rys\u00e4t yli 3m: 100e\/kpl (Kausilupia)Uistelulupa: 10e, ei vaparajoitusta ja voimassa vain Kauton osakaskunnan alueella (kausilupa).Vesilintujen mets\u00e4styslupa 10e\/kpl ulkopuolinen, osakkaalle vapaa. oikeuttaa mets\u00e4st\u00e4m\u00e4\u00e4n vain osakkaan kanssa (kausilupa). Lupa maksetaan Kauton osakaskunnan pankkitilille ennen mets\u00e4styst\u00e4: FI65 5438 8940 0107 25.Pyydysten merkitsemisess\u00e4 on noudatettava kalastuslaissa mainittuja m\u00e4\u00e4r\u00e4yksi\u00e4.Rajoitukset:Verkkokalastus: Talvipyynniss\u00e4 verkon silm\u00e4koko v\u00e4hint\u00e4\u00e4n 55mm koko osakaskunnan alueella. Avovesikaudella pyyrinlahdessa pienin sallittu silm\u00e4koko 50mm, Ukonsel\u00e4ll\u00e4 ja H\u00e4rkinsel\u00e4ll\u00e4 ei silm\u00e4kokorajoituksia avovesikaudella. Loka-Marraskuussa yli 15m vesialueella suositellaan k\u00e4ytett\u00e4v\u00e4ksi yli 55mm verkkoja.Siltasalmen sillan molemmat puolet 100 metri\u00e4 rauhoitettu verkkokalastukselta avovesikaudella. Kyt\u00e4nsalon ja Majasaaren v\u00e4linen kapea salmi rauhoitettu verkkopyynnilt\u00e4 l\u00e4pi kauden.Illaanj\u00e4rvi max 3 verkkoa, silm\u00e4koko v\u00e4hint\u00e4\u00e4n 45mm.Lis\u00e4tietoja antavat tarvittaessa: Timo Vainiontaus p.0405745610 ja Toni Rautiainen p.0445333380\" \/>\n<meta property=\"og:url\" content=\"https:\/\/keiteleenkalatalousalue.fi\/kautto\/luvat\/lupamaksut-ja-ohjeet\/\" \/>\n<meta property=\"og:site_name\" content=\"Kauton osakaskunta\" \/>\n<meta property=\"article:modified_time\" content=\"2025-02-26T09:46:43+00:00\" \/>\n<meta name=\"twitter:card\" content=\"summary_large_image\" \/>\n<meta name=\"twitter:label1\" content=\"Arvioitu lukuaika\" \/>\n\t<meta name=\"twitter:data1\" content=\"2 minuuttia\" \/>\n<script type=\"application\/ld+json\" class=\"yoast-schema-graph\">{\"@context\":\"https:\\\/\\\/schema.org\",\"@graph\":[{\"@type\":\"WebPage\",\"@id\":\"https:\\\/\\\/keiteleenkalatalousalue.fi\\\/kautto\\\/luvat\\\/lupamaksut-ja-ohjeet\\\/\",\"url\":\"https:\\\/\\\/keiteleenkalatalousalue.fi\\\/kautto\\\/luvat\\\/lupamaksut-ja-ohjeet\\\/\",\"name\":\"Lupamaksut ja ohjeet - Kauton osakaskunta %\",\"isPartOf\":{\"@id\":\"https:\\\/\\\/keiteleenkalatalousalue.fi\\\/kautto\\\/#website\"},\"datePublished\":\"2020-10-29T09:39:36+00:00\",\"dateModified\":\"2025-02-26T09:46:43+00:00\",\"description\":\"Kauton osakaskunnan lupaohje 2024Pyydysmerkit ja hinnat:Verkko: osakas 4e, ulkopuolinen 6e (max 8kpl, ammattikalastukseen: max 30kpl) 1 merkki= 30m pitk\u00e4 verkko (korkeutta ei ole rajoitettu)Katiska: 2e\\\/kplkalatupa: 4e\\\/kplKoukut: 20kpl\\\/10eRapumerta: Osakkaille vapaa.Nuotta: 50e osakas, ulkopuolinen 100e (kausilupa)Rys\u00e4t: Luokkirys\u00e4t: 5e\\\/kpl, Rys\u00e4t 1-3m: 50e\\\/kpl, Rys\u00e4t yli 3m: 100e\\\/kpl (Kausilupia)Uistelulupa: 10e, ei vaparajoitusta ja voimassa vain Kauton osakaskunnan alueella (kausilupa).Vesilintujen mets\u00e4styslupa 10e\\\/kpl ulkopuolinen, osakkaalle vapaa. oikeuttaa mets\u00e4st\u00e4m\u00e4\u00e4n vain osakkaan kanssa (kausilupa). Lupa maksetaan Kauton osakaskunnan pankkitilille ennen mets\u00e4styst\u00e4: FI65 5438 8940 0107 25.Pyydysten merkitsemisess\u00e4 on noudatettava kalastuslaissa mainittuja m\u00e4\u00e4r\u00e4yksi\u00e4.Rajoitukset:Verkkokalastus: Talvipyynniss\u00e4 verkon silm\u00e4koko v\u00e4hint\u00e4\u00e4n 55mm koko osakaskunnan alueella. Avovesikaudella pyyrinlahdessa pienin sallittu silm\u00e4koko 50mm, Ukonsel\u00e4ll\u00e4 ja H\u00e4rkinsel\u00e4ll\u00e4 ei silm\u00e4kokorajoituksia avovesikaudella. Loka-Marraskuussa yli 15m vesialueella suositellaan k\u00e4ytett\u00e4v\u00e4ksi yli 55mm verkkoja.Siltasalmen sillan molemmat puolet 100 metri\u00e4 rauhoitettu verkkokalastukselta avovesikaudella. Kyt\u00e4nsalon ja Majasaaren v\u00e4linen kapea salmi rauhoitettu verkkopyynnilt\u00e4 l\u00e4pi kauden.Illaanj\u00e4rvi max 3 verkkoa, silm\u00e4koko v\u00e4hint\u00e4\u00e4n 45mm.Lis\u00e4tietoja antavat tarvittaessa: Timo Vainiontaus p.0405745610 ja Toni Rautiainen p.0445333380\",\"breadcrumb\":{\"@id\":\"https:\\\/\\\/keiteleenkalatalousalue.fi\\\/kautto\\\/luvat\\\/lupamaksut-ja-ohjeet\\\/#breadcrumb\"},\"inLanguage\":\"fi\",\"potentialAction\":[{\"@type\":\"ReadAction\",\"target\":[\"https:\\\/\\\/keiteleenkalatalousalue.fi\\\/kautto\\\/luvat\\\/lupamaksut-ja-ohjeet\\\/\"]}]},{\"@type\":\"BreadcrumbList\",\"@id\":\"https:\\\/\\\/keiteleenkalatalousalue.fi\\\/kautto\\\/luvat\\\/lupamaksut-ja-ohjeet\\\/#breadcrumb\",\"itemListElement\":[{\"@type\":\"ListItem\",\"position\":1,\"name\":\"Home\",\"item\":\"https:\\\/\\\/keiteleenkalatalousalue.fi\\\/kautto\\\/\"},{\"@type\":\"ListItem\",\"position\":2,\"name\":\"Yksityinen: Luvat\",\"item\":\"https:\\\/\\\/keiteleenkalatalousalue.fi\\\/kautto\\\/?page_id=45\"},{\"@type\":\"ListItem\",\"position\":3,\"name\":\"Lupamaksut ja ohjeet\"}]},{\"@type\":\"WebSite\",\"@id\":\"https:\\\/\\\/keiteleenkalatalousalue.fi\\\/kautto\\\/#website\",\"url\":\"https:\\\/\\\/keiteleenkalatalousalue.fi\\\/kautto\\\/\",\"name\":\"Kauton osakaskunta\",\"description\":\"\",\"potentialAction\":[{\"@type\":\"SearchAction\",\"target\":{\"@type\":\"EntryPoint\",\"urlTemplate\":\"https:\\\/\\\/keiteleenkalatalousalue.fi\\\/kautto\\\/?s={search_term_string}\"},\"query-input\":{\"@type\":\"PropertyValueSpecification\",\"valueRequired\":true,\"valueName\":\"search_term_string\"}}],\"inLanguage\":\"fi\"}]}<\/script>\n<!-- \/ Yoast SEO plugin. -->","yoast_head_json":{"title":"Lupamaksut ja ohjeet - Kauton osakaskunta %","description":"Kauton osakaskunnan lupaohje 2024Pyydysmerkit ja hinnat:Verkko: osakas 4e, ulkopuolinen 6e (max 8kpl, ammattikalastukseen: max 30kpl) 1 merkki= 30m pitk\u00e4 verkko (korkeutta ei ole rajoitettu)Katiska: 2e\/kplkalatupa: 4e\/kplKoukut: 20kpl\/10eRapumerta: Osakkaille vapaa.Nuotta: 50e osakas, ulkopuolinen 100e (kausilupa)Rys\u00e4t: Luokkirys\u00e4t: 5e\/kpl, Rys\u00e4t 1-3m: 50e\/kpl, Rys\u00e4t yli 3m: 100e\/kpl (Kausilupia)Uistelulupa: 10e, ei vaparajoitusta ja voimassa vain Kauton osakaskunnan alueella (kausilupa).Vesilintujen mets\u00e4styslupa 10e\/kpl ulkopuolinen, osakkaalle vapaa. oikeuttaa mets\u00e4st\u00e4m\u00e4\u00e4n vain osakkaan kanssa (kausilupa). Lupa maksetaan Kauton osakaskunnan pankkitilille ennen mets\u00e4styst\u00e4: FI65 5438 8940 0107 25.Pyydysten merkitsemisess\u00e4 on noudatettava kalastuslaissa mainittuja m\u00e4\u00e4r\u00e4yksi\u00e4.Rajoitukset:Verkkokalastus: Talvipyynniss\u00e4 verkon silm\u00e4koko v\u00e4hint\u00e4\u00e4n 55mm koko osakaskunnan alueella. Avovesikaudella pyyrinlahdessa pienin sallittu silm\u00e4koko 50mm, Ukonsel\u00e4ll\u00e4 ja H\u00e4rkinsel\u00e4ll\u00e4 ei silm\u00e4kokorajoituksia avovesikaudella. Loka-Marraskuussa yli 15m vesialueella suositellaan k\u00e4ytett\u00e4v\u00e4ksi yli 55mm verkkoja.Siltasalmen sillan molemmat puolet 100 metri\u00e4 rauhoitettu verkkokalastukselta avovesikaudella. Kyt\u00e4nsalon ja Majasaaren v\u00e4linen kapea salmi rauhoitettu verkkopyynnilt\u00e4 l\u00e4pi kauden.Illaanj\u00e4rvi max 3 verkkoa, silm\u00e4koko v\u00e4hint\u00e4\u00e4n 45mm.Lis\u00e4tietoja antavat tarvittaessa: Timo Vainiontaus p.0405745610 ja Toni Rautiainen p.0445333380","robots":{"index":"index","follow":"follow","max-snippet":"max-snippet:-1","max-image-preview":"max-image-preview:large","max-video-preview":"max-video-preview:-1"},"canonical":"https:\/\/keiteleenkalatalousalue.fi\/kautto\/luvat\/lupamaksut-ja-ohjeet\/","og_locale":"fi_FI","og_type":"article","og_title":"Lupamaksut ja ohjeet - Kauton osakaskunta %","og_description":"Kauton osakaskunnan lupaohje 2024Pyydysmerkit ja hinnat:Verkko: osakas 4e, ulkopuolinen 6e (max 8kpl, ammattikalastukseen: max 30kpl) 1 merkki= 30m pitk\u00e4 verkko (korkeutta ei ole rajoitettu)Katiska: 2e\/kplkalatupa: 4e\/kplKoukut: 20kpl\/10eRapumerta: Osakkaille vapaa.Nuotta: 50e osakas, ulkopuolinen 100e (kausilupa)Rys\u00e4t: Luokkirys\u00e4t: 5e\/kpl, Rys\u00e4t 1-3m: 50e\/kpl, Rys\u00e4t yli 3m: 100e\/kpl (Kausilupia)Uistelulupa: 10e, ei vaparajoitusta ja voimassa vain Kauton osakaskunnan alueella (kausilupa).Vesilintujen mets\u00e4styslupa 10e\/kpl ulkopuolinen, osakkaalle vapaa. oikeuttaa mets\u00e4st\u00e4m\u00e4\u00e4n vain osakkaan kanssa (kausilupa). Lupa maksetaan Kauton osakaskunnan pankkitilille ennen mets\u00e4styst\u00e4: FI65 5438 8940 0107 25.Pyydysten merkitsemisess\u00e4 on noudatettava kalastuslaissa mainittuja m\u00e4\u00e4r\u00e4yksi\u00e4.Rajoitukset:Verkkokalastus: Talvipyynniss\u00e4 verkon silm\u00e4koko v\u00e4hint\u00e4\u00e4n 55mm koko osakaskunnan alueella. Avovesikaudella pyyrinlahdessa pienin sallittu silm\u00e4koko 50mm, Ukonsel\u00e4ll\u00e4 ja H\u00e4rkinsel\u00e4ll\u00e4 ei silm\u00e4kokorajoituksia avovesikaudella. Loka-Marraskuussa yli 15m vesialueella suositellaan k\u00e4ytett\u00e4v\u00e4ksi yli 55mm verkkoja.Siltasalmen sillan molemmat puolet 100 metri\u00e4 rauhoitettu verkkokalastukselta avovesikaudella. Kyt\u00e4nsalon ja Majasaaren v\u00e4linen kapea salmi rauhoitettu verkkopyynnilt\u00e4 l\u00e4pi kauden.Illaanj\u00e4rvi max 3 verkkoa, silm\u00e4koko v\u00e4hint\u00e4\u00e4n 45mm.Lis\u00e4tietoja antavat tarvittaessa: Timo Vainiontaus p.0405745610 ja Toni Rautiainen p.0445333380","og_url":"https:\/\/keiteleenkalatalousalue.fi\/kautto\/luvat\/lupamaksut-ja-ohjeet\/","og_site_name":"Kauton osakaskunta","article_modified_time":"2025-02-26T09:46:43+00:00","twitter_card":"summary_large_image","twitter_misc":{"Arvioitu lukuaika":"2 minuuttia"},"schema":{"@context":"https:\/\/schema.org","@graph":[{"@type":"WebPage","@id":"https:\/\/keiteleenkalatalousalue.fi\/kautto\/luvat\/lupamaksut-ja-ohjeet\/","url":"https:\/\/keiteleenkalatalousalue.fi\/kautto\/luvat\/lupamaksut-ja-ohjeet\/","name":"Lupamaksut ja ohjeet - Kauton osakaskunta %","isPartOf":{"@id":"https:\/\/keiteleenkalatalousalue.fi\/kautto\/#website"},"datePublished":"2020-10-29T09:39:36+00:00","dateModified":"2025-02-26T09:46:43+00:00","description":"Kauton osakaskunnan lupaohje 2024Pyydysmerkit ja hinnat:Verkko: osakas 4e, ulkopuolinen 6e (max 8kpl, ammattikalastukseen: max 30kpl) 1 merkki= 30m pitk\u00e4 verkko (korkeutta ei ole rajoitettu)Katiska: 2e\/kplkalatupa: 4e\/kplKoukut: 20kpl\/10eRapumerta: Osakkaille vapaa.Nuotta: 50e osakas, ulkopuolinen 100e (kausilupa)Rys\u00e4t: Luokkirys\u00e4t: 5e\/kpl, Rys\u00e4t 1-3m: 50e\/kpl, Rys\u00e4t yli 3m: 100e\/kpl (Kausilupia)Uistelulupa: 10e, ei vaparajoitusta ja voimassa vain Kauton osakaskunnan alueella (kausilupa).Vesilintujen mets\u00e4styslupa 10e\/kpl ulkopuolinen, osakkaalle vapaa. oikeuttaa mets\u00e4st\u00e4m\u00e4\u00e4n vain osakkaan kanssa (kausilupa). Lupa maksetaan Kauton osakaskunnan pankkitilille ennen mets\u00e4styst\u00e4: FI65 5438 8940 0107 25.Pyydysten merkitsemisess\u00e4 on noudatettava kalastuslaissa mainittuja m\u00e4\u00e4r\u00e4yksi\u00e4.Rajoitukset:Verkkokalastus: Talvipyynniss\u00e4 verkon silm\u00e4koko v\u00e4hint\u00e4\u00e4n 55mm koko osakaskunnan alueella. Avovesikaudella pyyrinlahdessa pienin sallittu silm\u00e4koko 50mm, Ukonsel\u00e4ll\u00e4 ja H\u00e4rkinsel\u00e4ll\u00e4 ei silm\u00e4kokorajoituksia avovesikaudella. Loka-Marraskuussa yli 15m vesialueella suositellaan k\u00e4ytett\u00e4v\u00e4ksi yli 55mm verkkoja.Siltasalmen sillan molemmat puolet 100 metri\u00e4 rauhoitettu verkkokalastukselta avovesikaudella. Kyt\u00e4nsalon ja Majasaaren v\u00e4linen kapea salmi rauhoitettu verkkopyynnilt\u00e4 l\u00e4pi kauden.Illaanj\u00e4rvi max 3 verkkoa, silm\u00e4koko v\u00e4hint\u00e4\u00e4n 45mm.Lis\u00e4tietoja antavat tarvittaessa: Timo Vainiontaus p.0405745610 ja Toni Rautiainen p.0445333380","breadcrumb":{"@id":"https:\/\/keiteleenkalatalousalue.fi\/kautto\/luvat\/lupamaksut-ja-ohjeet\/#breadcrumb"},"inLanguage":"fi","potentialAction":[{"@type":"ReadAction","target":["https:\/\/keiteleenkalatalousalue.fi\/kautto\/luvat\/lupamaksut-ja-ohjeet\/"]}]},{"@type":"BreadcrumbList","@id":"https:\/\/keiteleenkalatalousalue.fi\/kautto\/luvat\/lupamaksut-ja-ohjeet\/#breadcrumb","itemListElement":[{"@type":"ListItem","position":1,"name":"Home","item":"https:\/\/keiteleenkalatalousalue.fi\/kautto\/"},{"@type":"ListItem","position":2,"name":"Yksityinen: Luvat","item":"https:\/\/keiteleenkalatalousalue.fi\/kautto\/?page_id=45"},{"@type":"ListItem","position":3,"name":"Lupamaksut ja ohjeet"}]},{"@type":"WebSite","@id":"https:\/\/keiteleenkalatalousalue.fi\/kautto\/#website","url":"https:\/\/keiteleenkalatalousalue.fi\/kautto\/","name":"Kauton osakaskunta","description":"","potentialAction":[{"@type":"SearchAction","target":{"@type":"EntryPoint","urlTemplate":"https:\/\/keiteleenkalatalousalue.fi\/kautto\/?s={search_term_string}"},"query-input":{"@type":"PropertyValueSpecification","valueRequired":true,"valueName":"search_term_string"}}],"inLanguage":"fi"}]}},"_links":{"self":[{"href":"https:\/\/keiteleenkalatalousalue.fi\/kautto\/wp-json\/wp\/v2\/pages\/86","targetHints":{"allow":["GET"]}}],"collection":[{"href":"https:\/\/keiteleenkalatalousalue.fi\/kautto\/wp-json\/wp\/v2\/pages"}],"about":[{"href":"https:\/\/keiteleenkalatalousalue.fi\/kautto\/wp-json\/wp\/v2\/types\/page"}],"author":[{"embeddable":true,"href":"https:\/\/keiteleenkalatalousalue.fi\/kautto\/wp-json\/wp\/v2\/users\/1"}],"replies":[{"embeddable":true,"href":"https:\/\/keiteleenkalatalousalue.fi\/kautto\/wp-json\/wp\/v2\/comments?post=86"}],"version-history":[{"count":7,"href":"https:\/\/keiteleenkalatalousalue.fi\/kautto\/wp-json\/wp\/v2\/pages\/86\/revisions"}],"predecessor-version":[{"id":309,"href":"https:\/\/keiteleenkalatalousalue.fi\/kautto\/wp-json\/wp\/v2\/pages\/86\/revisions\/309"}],"up":[{"embeddable":true,"href":"https:\/\/keiteleenkalatalousalue.fi\/kautto\/wp-json\/wp\/v2\/pages\/45"}],"wp:attachment":[{"href":"https:\/\/keiteleenkalatalousalue.fi\/kautto\/wp-json\/wp\/v2\/media?parent=86"}],"curies":[{"name":"wp","href":"https:\/\/api.w.org\/{rel}","templated":true}]}}