{"id":90,"date":"2020-10-29T11:42:18","date_gmt":"2020-10-29T09:42:18","guid":{"rendered":"http:\/\/89.166.51.80\/~pohjoispaij\/ahtola\/?page_id=90"},"modified":"2022-12-11T10:13:56","modified_gmt":"2022-12-11T08:13:56","slug":"luvanmyyjat-ja-lupakartta","status":"publish","type":"page","link":"https:\/\/keiteleenkalatalousalue.fi\/kautianniemi\/luvat\/luvanmyyjat-ja-lupakartta\/","title":{"rendered":"Luvanmyyj\u00e4t ja lupakartta"},"content":{"rendered":"\n<h2 class=\"wp-block-heading\">Luvanmyyj\u00e4t <\/h2>\n\n\n\n<p>Osakaskunnan luvanmyynti siirtyy nettiin 01.01.2023.<\/p>\n\n\n\n<p>Luvat voi lunastaa osoitteesta Ostaluvat.fi <\/p>\n\n\n\n<p>Rekister\u00f6idy ostoluvat palveluun. Osakas ilmoita kiinteist\u00f6rekisteri numeron.<\/p>\n\n\n\n<p>luvat voimassa kalenterivuoden.<\/p>\n\n\n\n<p>Pyydysmerkit tulevat postissa annettuun osoitteeseen. <\/p>\n\n\n\n<p>t\u00e4m\u00e4 palvelu on kalatalouskeskuksen yll\u00e4pit\u00e4m\u00e4.<\/p>\n\n\n\n<p>Hyv\u00e4\u00e4 kalavuotta toivoo kautianniemen osakaskunta.<\/p>\n\n\n\n<p>lis\u00e4tietoja saa osakaskunnan esimiehelt\u00e4 ja vara esimiehelt\u00e4.<\/p>\n\n\n\n<h2 class=\"wp-block-heading\">Lupakartta<\/h2>\n","protected":false},"excerpt":{"rendered":"<p>Luvanmyyj\u00e4t Osakaskunnan luvanmyynti siirtyy nettiin 01.01.2023. Luvat voi lunastaa osoitteesta Ostaluvat.fi Rekister\u00f6idy ostoluvat palveluun. Osakas ilmoita kiinteist\u00f6rekisteri numeron. luvat voimassa kalenterivuoden. Pyydysmerkit tulevat postissa annettuun osoitteeseen. t\u00e4m\u00e4 palvelu on kalatalouskeskuksen yll\u00e4pit\u00e4m\u00e4. Hyv\u00e4\u00e4 kalavuotta toivoo kautianniemen osakaskunta. lis\u00e4tietoja saa osakaskunnan esimiehelt\u00e4 ja vara esimiehelt\u00e4. Lupakartta<\/p>\n","protected":false},"author":1,"featured_media":0,"parent":45,"menu_order":0,"comment_status":"closed","ping_status":"closed","template":"basic-sivu.php","meta":{"_acf_changed":false,"footnotes":""},"class_list":["post-90","page","type-page","status-publish","hentry"],"acf":[],"yoast_head":"<!-- This site is optimized with the Yoast SEO plugin v27.4 - https:\/\/yoast.com\/product\/yoast-seo-wordpress\/ -->\n<title>Luvanmyyj\u00e4t ja lupakartta - Kautianniemen osakaskunta<\/title>\n<meta name=\"robots\" content=\"index, follow, max-snippet:-1, max-image-preview:large, max-video-preview:-1\" \/>\n<link rel=\"canonical\" href=\"https:\/\/keiteleenkalatalousalue.fi\/kautianniemi\/luvat\/luvanmyyjat-ja-lupakartta\/\" \/>\n<meta property=\"og:locale\" content=\"fi_FI\" \/>\n<meta property=\"og:type\" content=\"article\" \/>\n<meta property=\"og:title\" content=\"Luvanmyyj\u00e4t ja lupakartta - Kautianniemen osakaskunta\" \/>\n<meta property=\"og:description\" content=\"Luvanmyyj\u00e4t Osakaskunnan luvanmyynti siirtyy nettiin 01.01.2023. Luvat voi lunastaa osoitteesta Ostaluvat.fi Rekister\u00f6idy ostoluvat palveluun. Osakas ilmoita kiinteist\u00f6rekisteri numeron. luvat voimassa kalenterivuoden. Pyydysmerkit tulevat postissa annettuun osoitteeseen. t\u00e4m\u00e4 palvelu on kalatalouskeskuksen yll\u00e4pit\u00e4m\u00e4. Hyv\u00e4\u00e4 kalavuotta toivoo kautianniemen osakaskunta. lis\u00e4tietoja saa osakaskunnan esimiehelt\u00e4 ja vara esimiehelt\u00e4. Lupakartta\" \/>\n<meta property=\"og:url\" content=\"https:\/\/keiteleenkalatalousalue.fi\/kautianniemi\/luvat\/luvanmyyjat-ja-lupakartta\/\" \/>\n<meta property=\"og:site_name\" content=\"Kautianniemen osakaskunta\" \/>\n<meta property=\"article:modified_time\" content=\"2022-12-11T08:13:56+00:00\" \/>\n<meta name=\"twitter:card\" content=\"summary_large_image\" \/>\n<meta name=\"twitter:label1\" content=\"Arvioitu lukuaika\" \/>\n\t<meta name=\"twitter:data1\" content=\"1 minuutti\" \/>\n<script type=\"application\/ld+json\" class=\"yoast-schema-graph\">{\"@context\":\"https:\\\/\\\/schema.org\",\"@graph\":[{\"@type\":\"WebPage\",\"@id\":\"https:\\\/\\\/keiteleenkalatalousalue.fi\\\/kautianniemi\\\/luvat\\\/luvanmyyjat-ja-lupakartta\\\/\",\"url\":\"https:\\\/\\\/keiteleenkalatalousalue.fi\\\/kautianniemi\\\/luvat\\\/luvanmyyjat-ja-lupakartta\\\/\",\"name\":\"Luvanmyyj\u00e4t ja lupakartta - Kautianniemen osakaskunta\",\"isPartOf\":{\"@id\":\"https:\\\/\\\/keiteleenkalatalousalue.fi\\\/kautianniemi\\\/#website\"},\"datePublished\":\"2020-10-29T09:42:18+00:00\",\"dateModified\":\"2022-12-11T08:13:56+00:00\",\"breadcrumb\":{\"@id\":\"https:\\\/\\\/keiteleenkalatalousalue.fi\\\/kautianniemi\\\/luvat\\\/luvanmyyjat-ja-lupakartta\\\/#breadcrumb\"},\"inLanguage\":\"fi\",\"potentialAction\":[{\"@type\":\"ReadAction\",\"target\":[\"https:\\\/\\\/keiteleenkalatalousalue.fi\\\/kautianniemi\\\/luvat\\\/luvanmyyjat-ja-lupakartta\\\/\"]}]},{\"@type\":\"BreadcrumbList\",\"@id\":\"https:\\\/\\\/keiteleenkalatalousalue.fi\\\/kautianniemi\\\/luvat\\\/luvanmyyjat-ja-lupakartta\\\/#breadcrumb\",\"itemListElement\":[{\"@type\":\"ListItem\",\"position\":1,\"name\":\"Home\",\"item\":\"https:\\\/\\\/keiteleenkalatalousalue.fi\\\/kautianniemi\\\/\"},{\"@type\":\"ListItem\",\"position\":2,\"name\":\"Yksityinen: Luvat\",\"item\":\"https:\\\/\\\/keiteleenkalatalousalue.fi\\\/kautianniemi\\\/?page_id=45\"},{\"@type\":\"ListItem\",\"position\":3,\"name\":\"Luvanmyyj\u00e4t ja lupakartta\"}]},{\"@type\":\"WebSite\",\"@id\":\"https:\\\/\\\/keiteleenkalatalousalue.fi\\\/kautianniemi\\\/#website\",\"url\":\"https:\\\/\\\/keiteleenkalatalousalue.fi\\\/kautianniemi\\\/\",\"name\":\"Kautianniemen osakaskunta\",\"description\":\"\",\"potentialAction\":[{\"@type\":\"SearchAction\",\"target\":{\"@type\":\"EntryPoint\",\"urlTemplate\":\"https:\\\/\\\/keiteleenkalatalousalue.fi\\\/kautianniemi\\\/?s={search_term_string}\"},\"query-input\":{\"@type\":\"PropertyValueSpecification\",\"valueRequired\":true,\"valueName\":\"search_term_string\"}}],\"inLanguage\":\"fi\"}]}<\/script>\n<!-- \/ Yoast SEO plugin. -->","yoast_head_json":{"title":"Luvanmyyj\u00e4t ja lupakartta - Kautianniemen osakaskunta","robots":{"index":"index","follow":"follow","max-snippet":"max-snippet:-1","max-image-preview":"max-image-preview:large","max-video-preview":"max-video-preview:-1"},"canonical":"https:\/\/keiteleenkalatalousalue.fi\/kautianniemi\/luvat\/luvanmyyjat-ja-lupakartta\/","og_locale":"fi_FI","og_type":"article","og_title":"Luvanmyyj\u00e4t ja lupakartta - Kautianniemen osakaskunta","og_description":"Luvanmyyj\u00e4t Osakaskunnan luvanmyynti siirtyy nettiin 01.01.2023. Luvat voi lunastaa osoitteesta Ostaluvat.fi Rekister\u00f6idy ostoluvat palveluun. Osakas ilmoita kiinteist\u00f6rekisteri numeron. luvat voimassa kalenterivuoden. Pyydysmerkit tulevat postissa annettuun osoitteeseen. t\u00e4m\u00e4 palvelu on kalatalouskeskuksen yll\u00e4pit\u00e4m\u00e4. Hyv\u00e4\u00e4 kalavuotta toivoo kautianniemen osakaskunta. lis\u00e4tietoja saa osakaskunnan esimiehelt\u00e4 ja vara esimiehelt\u00e4. Lupakartta","og_url":"https:\/\/keiteleenkalatalousalue.fi\/kautianniemi\/luvat\/luvanmyyjat-ja-lupakartta\/","og_site_name":"Kautianniemen osakaskunta","article_modified_time":"2022-12-11T08:13:56+00:00","twitter_card":"summary_large_image","twitter_misc":{"Arvioitu lukuaika":"1 minuutti"},"schema":{"@context":"https:\/\/schema.org","@graph":[{"@type":"WebPage","@id":"https:\/\/keiteleenkalatalousalue.fi\/kautianniemi\/luvat\/luvanmyyjat-ja-lupakartta\/","url":"https:\/\/keiteleenkalatalousalue.fi\/kautianniemi\/luvat\/luvanmyyjat-ja-lupakartta\/","name":"Luvanmyyj\u00e4t ja lupakartta - Kautianniemen osakaskunta","isPartOf":{"@id":"https:\/\/keiteleenkalatalousalue.fi\/kautianniemi\/#website"},"datePublished":"2020-10-29T09:42:18+00:00","dateModified":"2022-12-11T08:13:56+00:00","breadcrumb":{"@id":"https:\/\/keiteleenkalatalousalue.fi\/kautianniemi\/luvat\/luvanmyyjat-ja-lupakartta\/#breadcrumb"},"inLanguage":"fi","potentialAction":[{"@type":"ReadAction","target":["https:\/\/keiteleenkalatalousalue.fi\/kautianniemi\/luvat\/luvanmyyjat-ja-lupakartta\/"]}]},{"@type":"BreadcrumbList","@id":"https:\/\/keiteleenkalatalousalue.fi\/kautianniemi\/luvat\/luvanmyyjat-ja-lupakartta\/#breadcrumb","itemListElement":[{"@type":"ListItem","position":1,"name":"Home","item":"https:\/\/keiteleenkalatalousalue.fi\/kautianniemi\/"},{"@type":"ListItem","position":2,"name":"Yksityinen: Luvat","item":"https:\/\/keiteleenkalatalousalue.fi\/kautianniemi\/?page_id=45"},{"@type":"ListItem","position":3,"name":"Luvanmyyj\u00e4t ja lupakartta"}]},{"@type":"WebSite","@id":"https:\/\/keiteleenkalatalousalue.fi\/kautianniemi\/#website","url":"https:\/\/keiteleenkalatalousalue.fi\/kautianniemi\/","name":"Kautianniemen osakaskunta","description":"","potentialAction":[{"@type":"SearchAction","target":{"@type":"EntryPoint","urlTemplate":"https:\/\/keiteleenkalatalousalue.fi\/kautianniemi\/?s={search_term_string}"},"query-input":{"@type":"PropertyValueSpecification","valueRequired":true,"valueName":"search_term_string"}}],"inLanguage":"fi"}]}},"_links":{"self":[{"href":"https:\/\/keiteleenkalatalousalue.fi\/kautianniemi\/wp-json\/wp\/v2\/pages\/90","targetHints":{"allow":["GET"]}}],"collection":[{"href":"https:\/\/keiteleenkalatalousalue.fi\/kautianniemi\/wp-json\/wp\/v2\/pages"}],"about":[{"href":"https:\/\/keiteleenkalatalousalue.fi\/kautianniemi\/wp-json\/wp\/v2\/types\/page"}],"author":[{"embeddable":true,"href":"https:\/\/keiteleenkalatalousalue.fi\/kautianniemi\/wp-json\/wp\/v2\/users\/1"}],"replies":[{"embeddable":true,"href":"https:\/\/keiteleenkalatalousalue.fi\/kautianniemi\/wp-json\/wp\/v2\/comments?post=90"}],"version-history":[{"count":7,"href":"https:\/\/keiteleenkalatalousalue.fi\/kautianniemi\/wp-json\/wp\/v2\/pages\/90\/revisions"}],"predecessor-version":[{"id":314,"href":"https:\/\/keiteleenkalatalousalue.fi\/kautianniemi\/wp-json\/wp\/v2\/pages\/90\/revisions\/314"}],"up":[{"embeddable":true,"href":"https:\/\/keiteleenkalatalousalue.fi\/kautianniemi\/wp-json\/wp\/v2\/pages\/45"}],"wp:attachment":[{"href":"https:\/\/keiteleenkalatalousalue.fi\/kautianniemi\/wp-json\/wp\/v2\/media?parent=90"}],"curies":[{"name":"wp","href":"https:\/\/api.w.org\/{rel}","templated":true}]}}