{"id":86,"date":"2020-10-29T11:39:36","date_gmt":"2020-10-29T09:39:36","guid":{"rendered":"http:\/\/89.166.51.80\/~pohjoispaij\/ahtola\/?page_id=86"},"modified":"2026-03-01T06:56:04","modified_gmt":"2026-03-01T04:56:04","slug":"lupamaksut-ja-ohjeet","status":"publish","type":"page","link":"https:\/\/keiteleenkalatalousalue.fi\/kautianniemi\/luvat\/lupamaksut-ja-ohjeet\/","title":{"rendered":"Lupamaksut ja ohjeet"},"content":{"rendered":"\n<h2 class=\"wp-block-heading\">Lupamaksut ja ohjeet<\/h2>\n\n\n\n<p>Osakkaan verkkomerkki 20kpl\/8\u20ackpl<\/p>\n\n\n\n<p>Ei osakkaan verkkomerkki 5kpl\/12\u20ackpl<\/p>\n\n\n\n<p>Tuulastuslupa 7\u20ac\/kausi<\/p>\n\n\n\n<p>Osakkaan uistelulupa 4\u20ackausi<\/p>\n\n\n\n<p>Ei osakkaan uistelulupa 7\u20ac\/kausi<\/p>\n\n\n\n<p>Katiskamerkki 5\u20ac\/kpl,saa pit\u00e4\u00e4 verkkomerkill\u00e4<\/p>\n\n\n\n<p>Ei osakkan katiska merkki 3kpl\/7\u20ackpl<\/p>\n\n\n\n<p><\/p>\n\n\n\n<p>Rapumerta katiskamerkill\u00e4<\/p>\n\n\n\n<p>Rys\u00e4n ja pitk\u00e4 siiman(100 koukkua) saa pit\u00e4\u00e4 verkkomerkill\u00e4<\/p>\n\n\n\n<p>Pyydyksiin nimi ja puhelinnumero<\/p>\n\n\n\n<p><\/p>\n\n\n\n<p>Ohjeet:<\/p>\n\n\n\n<p>1:ll\u00e4 verkkomerkill\u00e4 voidaan pit\u00e4\u00e4 verkkoa jonka mitat ovat 30metri\u00e4 pituus ja 3metri\u00e4 korkeus. Jos verkko on kookkaampi tarvitaan useampi verkkomerkki.<\/p>\n\n\n\n<p>Merkkej\u00e4 ja lupia ostettaessa kuittiin merkitt\u00e4v\u00e4 puhelinnumero.<\/p>\n\n\n\n<p>Talvella silm\u00e4kokorajoitus on 55mm, kes\u00e4ll\u00e4 ei silm\u00e4kokorajoitusta.<\/p>\n\n\n\n<p>Avovedest\u00e4 verkolla pyydett\u00e4ess\u00e4 1,2 metri\u00e4 pinnalla n\u00e4kyv\u00e4 lippukoho molempiin p\u00e4ihin. Rantapyynniss\u00e4 lippukoho syv\u00e4n p\u00e4\u00e4h\u00e4n rantap\u00e4\u00e4h\u00e4n k\u00e4y polo tai kanisteri. Katiskoihin, mertoihin, koukkuihin ja sumppuihin voi k\u00e4ytt\u00e4\u00e4 kohoksi kanisteria tai muuta selke\u00e4sti erottuvaa poloa.<\/p>\n\n\n\n<p>Talviverkkojen verkkomerkit laitetaan merkkikeppeihin, kepeiss\u00e4 pit\u00e4\u00e4 olla my\u00f6s heijastinnauha.<\/p>\n\n\n\n<p>Kun pyynniss\u00e4 olevat pyydykset poistetaan, my\u00f6s kohot on poistettava pyydyspaikkoja ei varata omaan k\u00e4ytt\u00f6\u00f6n.<\/p>\n","protected":false},"excerpt":{"rendered":"<p>Lupamaksut ja ohjeet Osakkaan verkkomerkki 20kpl\/8\u20ackpl Ei osakkaan verkkomerkki 5kpl\/12\u20ackpl Tuulastuslupa 7\u20ac\/kausi Osakkaan uistelulupa 4\u20ackausi Ei osakkaan uistelulupa 7\u20ac\/kausi Katiskamerkki 5\u20ac\/kpl,saa pit\u00e4\u00e4 verkkomerkill\u00e4 Ei osakkan katiska merkki 3kpl\/7\u20ackpl Rapumerta katiskamerkill\u00e4 Rys\u00e4n ja pitk\u00e4 siiman(100 koukkua) saa pit\u00e4\u00e4 verkkomerkill\u00e4 Pyydyksiin nimi ja puhelinnumero Ohjeet: 1:ll\u00e4 verkkomerkill\u00e4 voidaan pit\u00e4\u00e4 verkkoa jonka mitat ovat 30metri\u00e4 pituus ja 3metri\u00e4<\/p>\n<p><a class=\"moretag\" href=\"https:\/\/keiteleenkalatalousalue.fi\/kautianniemi\/luvat\/lupamaksut-ja-ohjeet\/\"> Lue lis\u00e4\u00e4 ><\/a><\/p>\n","protected":false},"author":1,"featured_media":0,"parent":45,"menu_order":0,"comment_status":"closed","ping_status":"closed","template":"basic-sivu.php","meta":{"_acf_changed":false,"footnotes":""},"class_list":["post-86","page","type-page","status-publish","hentry"],"acf":[],"yoast_head":"<!-- This site is optimized with the Yoast SEO plugin v27.4 - https:\/\/yoast.com\/product\/yoast-seo-wordpress\/ -->\n<title>Lupamaksut ja ohjeet - Kautianniemen osakaskunta<\/title>\n<meta name=\"robots\" content=\"index, follow, max-snippet:-1, max-image-preview:large, max-video-preview:-1\" \/>\n<link rel=\"canonical\" href=\"https:\/\/keiteleenkalatalousalue.fi\/kautianniemi\/luvat\/lupamaksut-ja-ohjeet\/\" \/>\n<meta property=\"og:locale\" content=\"fi_FI\" \/>\n<meta property=\"og:type\" content=\"article\" \/>\n<meta property=\"og:title\" content=\"Lupamaksut ja ohjeet - Kautianniemen osakaskunta\" \/>\n<meta property=\"og:description\" content=\"Lupamaksut ja ohjeet Osakkaan verkkomerkki 20kpl\/8\u20ackpl Ei osakkaan verkkomerkki 5kpl\/12\u20ackpl Tuulastuslupa 7\u20ac\/kausi Osakkaan uistelulupa 4\u20ackausi Ei osakkaan uistelulupa 7\u20ac\/kausi Katiskamerkki 5\u20ac\/kpl,saa pit\u00e4\u00e4 verkkomerkill\u00e4 Ei osakkan katiska merkki 3kpl\/7\u20ackpl Rapumerta katiskamerkill\u00e4 Rys\u00e4n ja pitk\u00e4 siiman(100 koukkua) saa pit\u00e4\u00e4 verkkomerkill\u00e4 Pyydyksiin nimi ja puhelinnumero Ohjeet: 1:ll\u00e4 verkkomerkill\u00e4 voidaan pit\u00e4\u00e4 verkkoa jonka mitat ovat 30metri\u00e4 pituus ja 3metri\u00e4 Lue lis\u00e4\u00e4 &gt;\" \/>\n<meta property=\"og:url\" content=\"https:\/\/keiteleenkalatalousalue.fi\/kautianniemi\/luvat\/lupamaksut-ja-ohjeet\/\" \/>\n<meta property=\"og:site_name\" content=\"Kautianniemen osakaskunta\" \/>\n<meta property=\"article:modified_time\" content=\"2026-03-01T04:56:04+00:00\" \/>\n<meta name=\"twitter:card\" content=\"summary_large_image\" \/>\n<meta name=\"twitter:label1\" content=\"Arvioitu lukuaika\" \/>\n\t<meta name=\"twitter:data1\" content=\"1 minuutti\" \/>\n<script type=\"application\/ld+json\" class=\"yoast-schema-graph\">{\"@context\":\"https:\\\/\\\/schema.org\",\"@graph\":[{\"@type\":\"WebPage\",\"@id\":\"https:\\\/\\\/keiteleenkalatalousalue.fi\\\/kautianniemi\\\/luvat\\\/lupamaksut-ja-ohjeet\\\/\",\"url\":\"https:\\\/\\\/keiteleenkalatalousalue.fi\\\/kautianniemi\\\/luvat\\\/lupamaksut-ja-ohjeet\\\/\",\"name\":\"Lupamaksut ja ohjeet - Kautianniemen osakaskunta\",\"isPartOf\":{\"@id\":\"https:\\\/\\\/keiteleenkalatalousalue.fi\\\/kautianniemi\\\/#website\"},\"datePublished\":\"2020-10-29T09:39:36+00:00\",\"dateModified\":\"2026-03-01T04:56:04+00:00\",\"breadcrumb\":{\"@id\":\"https:\\\/\\\/keiteleenkalatalousalue.fi\\\/kautianniemi\\\/luvat\\\/lupamaksut-ja-ohjeet\\\/#breadcrumb\"},\"inLanguage\":\"fi\",\"potentialAction\":[{\"@type\":\"ReadAction\",\"target\":[\"https:\\\/\\\/keiteleenkalatalousalue.fi\\\/kautianniemi\\\/luvat\\\/lupamaksut-ja-ohjeet\\\/\"]}]},{\"@type\":\"BreadcrumbList\",\"@id\":\"https:\\\/\\\/keiteleenkalatalousalue.fi\\\/kautianniemi\\\/luvat\\\/lupamaksut-ja-ohjeet\\\/#breadcrumb\",\"itemListElement\":[{\"@type\":\"ListItem\",\"position\":1,\"name\":\"Home\",\"item\":\"https:\\\/\\\/keiteleenkalatalousalue.fi\\\/kautianniemi\\\/\"},{\"@type\":\"ListItem\",\"position\":2,\"name\":\"Yksityinen: Luvat\",\"item\":\"https:\\\/\\\/keiteleenkalatalousalue.fi\\\/kautianniemi\\\/?page_id=45\"},{\"@type\":\"ListItem\",\"position\":3,\"name\":\"Lupamaksut ja ohjeet\"}]},{\"@type\":\"WebSite\",\"@id\":\"https:\\\/\\\/keiteleenkalatalousalue.fi\\\/kautianniemi\\\/#website\",\"url\":\"https:\\\/\\\/keiteleenkalatalousalue.fi\\\/kautianniemi\\\/\",\"name\":\"Kautianniemen osakaskunta\",\"description\":\"\",\"potentialAction\":[{\"@type\":\"SearchAction\",\"target\":{\"@type\":\"EntryPoint\",\"urlTemplate\":\"https:\\\/\\\/keiteleenkalatalousalue.fi\\\/kautianniemi\\\/?s={search_term_string}\"},\"query-input\":{\"@type\":\"PropertyValueSpecification\",\"valueRequired\":true,\"valueName\":\"search_term_string\"}}],\"inLanguage\":\"fi\"}]}<\/script>\n<!-- \/ Yoast SEO plugin. -->","yoast_head_json":{"title":"Lupamaksut ja ohjeet - Kautianniemen osakaskunta","robots":{"index":"index","follow":"follow","max-snippet":"max-snippet:-1","max-image-preview":"max-image-preview:large","max-video-preview":"max-video-preview:-1"},"canonical":"https:\/\/keiteleenkalatalousalue.fi\/kautianniemi\/luvat\/lupamaksut-ja-ohjeet\/","og_locale":"fi_FI","og_type":"article","og_title":"Lupamaksut ja ohjeet - Kautianniemen osakaskunta","og_description":"Lupamaksut ja ohjeet Osakkaan verkkomerkki 20kpl\/8\u20ackpl Ei osakkaan verkkomerkki 5kpl\/12\u20ackpl Tuulastuslupa 7\u20ac\/kausi Osakkaan uistelulupa 4\u20ackausi Ei osakkaan uistelulupa 7\u20ac\/kausi Katiskamerkki 5\u20ac\/kpl,saa pit\u00e4\u00e4 verkkomerkill\u00e4 Ei osakkan katiska merkki 3kpl\/7\u20ackpl Rapumerta katiskamerkill\u00e4 Rys\u00e4n ja pitk\u00e4 siiman(100 koukkua) saa pit\u00e4\u00e4 verkkomerkill\u00e4 Pyydyksiin nimi ja puhelinnumero Ohjeet: 1:ll\u00e4 verkkomerkill\u00e4 voidaan pit\u00e4\u00e4 verkkoa jonka mitat ovat 30metri\u00e4 pituus ja 3metri\u00e4 Lue lis\u00e4\u00e4 >","og_url":"https:\/\/keiteleenkalatalousalue.fi\/kautianniemi\/luvat\/lupamaksut-ja-ohjeet\/","og_site_name":"Kautianniemen osakaskunta","article_modified_time":"2026-03-01T04:56:04+00:00","twitter_card":"summary_large_image","twitter_misc":{"Arvioitu lukuaika":"1 minuutti"},"schema":{"@context":"https:\/\/schema.org","@graph":[{"@type":"WebPage","@id":"https:\/\/keiteleenkalatalousalue.fi\/kautianniemi\/luvat\/lupamaksut-ja-ohjeet\/","url":"https:\/\/keiteleenkalatalousalue.fi\/kautianniemi\/luvat\/lupamaksut-ja-ohjeet\/","name":"Lupamaksut ja ohjeet - Kautianniemen osakaskunta","isPartOf":{"@id":"https:\/\/keiteleenkalatalousalue.fi\/kautianniemi\/#website"},"datePublished":"2020-10-29T09:39:36+00:00","dateModified":"2026-03-01T04:56:04+00:00","breadcrumb":{"@id":"https:\/\/keiteleenkalatalousalue.fi\/kautianniemi\/luvat\/lupamaksut-ja-ohjeet\/#breadcrumb"},"inLanguage":"fi","potentialAction":[{"@type":"ReadAction","target":["https:\/\/keiteleenkalatalousalue.fi\/kautianniemi\/luvat\/lupamaksut-ja-ohjeet\/"]}]},{"@type":"BreadcrumbList","@id":"https:\/\/keiteleenkalatalousalue.fi\/kautianniemi\/luvat\/lupamaksut-ja-ohjeet\/#breadcrumb","itemListElement":[{"@type":"ListItem","position":1,"name":"Home","item":"https:\/\/keiteleenkalatalousalue.fi\/kautianniemi\/"},{"@type":"ListItem","position":2,"name":"Yksityinen: Luvat","item":"https:\/\/keiteleenkalatalousalue.fi\/kautianniemi\/?page_id=45"},{"@type":"ListItem","position":3,"name":"Lupamaksut ja ohjeet"}]},{"@type":"WebSite","@id":"https:\/\/keiteleenkalatalousalue.fi\/kautianniemi\/#website","url":"https:\/\/keiteleenkalatalousalue.fi\/kautianniemi\/","name":"Kautianniemen osakaskunta","description":"","potentialAction":[{"@type":"SearchAction","target":{"@type":"EntryPoint","urlTemplate":"https:\/\/keiteleenkalatalousalue.fi\/kautianniemi\/?s={search_term_string}"},"query-input":{"@type":"PropertyValueSpecification","valueRequired":true,"valueName":"search_term_string"}}],"inLanguage":"fi"}]}},"_links":{"self":[{"href":"https:\/\/keiteleenkalatalousalue.fi\/kautianniemi\/wp-json\/wp\/v2\/pages\/86","targetHints":{"allow":["GET"]}}],"collection":[{"href":"https:\/\/keiteleenkalatalousalue.fi\/kautianniemi\/wp-json\/wp\/v2\/pages"}],"about":[{"href":"https:\/\/keiteleenkalatalousalue.fi\/kautianniemi\/wp-json\/wp\/v2\/types\/page"}],"author":[{"embeddable":true,"href":"https:\/\/keiteleenkalatalousalue.fi\/kautianniemi\/wp-json\/wp\/v2\/users\/1"}],"replies":[{"embeddable":true,"href":"https:\/\/keiteleenkalatalousalue.fi\/kautianniemi\/wp-json\/wp\/v2\/comments?post=86"}],"version-history":[{"count":9,"href":"https:\/\/keiteleenkalatalousalue.fi\/kautianniemi\/wp-json\/wp\/v2\/pages\/86\/revisions"}],"predecessor-version":[{"id":346,"href":"https:\/\/keiteleenkalatalousalue.fi\/kautianniemi\/wp-json\/wp\/v2\/pages\/86\/revisions\/346"}],"up":[{"embeddable":true,"href":"https:\/\/keiteleenkalatalousalue.fi\/kautianniemi\/wp-json\/wp\/v2\/pages\/45"}],"wp:attachment":[{"href":"https:\/\/keiteleenkalatalousalue.fi\/kautianniemi\/wp-json\/wp\/v2\/media?parent=86"}],"curies":[{"name":"wp","href":"https:\/\/api.w.org\/{rel}","templated":true}]}}