{"id":86,"date":"2020-10-29T11:39:36","date_gmt":"2020-10-29T09:39:36","guid":{"rendered":"http:\/\/89.166.51.80\/~pohjoispaij\/ahtola\/?page_id=86"},"modified":"2025-01-10T09:15:18","modified_gmt":"2025-01-10T07:15:18","slug":"lupamaksut-ja-ohjeet","status":"publish","type":"page","link":"https:\/\/keiteleenkalatalousalue.fi\/kalaniemi\/luvat\/lupamaksut-ja-ohjeet\/","title":{"rendered":"Lupamaksut ja ohjeet"},"content":{"rendered":"\n<h2 class=\"wp-block-heading\">Lupamaksut ja ohjeet<\/h2>\n\n\n\n<p>Osakkaille ja osakaskunnan alueella vakituisesti asuville myyd\u00e4\u00e4n 10 verkkomerkki\u00e4 a\/6e\/ kpl<\/p>\n\n\n\n<p>Verkkomerkki oikeuttaa yhteen 30 m pitk\u00e4\u00e4n 3 m korkeaan verkkoon, jos verkko on pitempi ja korkeampi tarvitaan lis\u00e4merkit.<\/p>\n\n\n\n<p>Katiskamerkkej\u00e4 ilman rajoitusta osakkaille 2e\/kpl.<\/p>\n\n\n\n<p>Nuottalupa vakituisesti asuvalle osakkaille 20e.<br>Kalastuslupia myyd\u00e4\u00e4n vain osakkaille ja kyl\u00e4ss\u00e4 vakituisesti asuville.<\/p>\n\n\n\n<p>Rantarys\u00e4\u00e4 ja pitk\u00e4siimaa saa pit\u00e4\u00e4 verkkomerkill\u00e4. Uistelu on kaikille osakkaille ja kyl\u00e4ss\u00e4 asuville ilmaista osakaskunnan alueella.<br>Verkonsilm\u00e4kokorajoitus talvella 55 mm. lis\u00e4ksi selk\u00e4vesill\u00e4 ja syv\u00e4nteiss\u00e4 kes\u00e4kuun ajan on 55 mm istutusten vuoksi.<\/p>\n\n\n\n<p>Verkkoon vaaditaan lippukoho molempiin p\u00e4ihin.<\/p>\n\n\n\n<p>Kun pyynniss\u00e4 olevat pyydykset poistetaan, my\u00f6s kohot on poistettava pyydyspaikkoja ei varata omaan k\u00e4ytt\u00f6\u00f6n.<\/p>\n\n\n\n<p>Rauhoitusalueita. Kajaman ja Hakojokien suut verkkokalastukselta siten, ettei kalojen p\u00e4\u00e4sy jokiin estyy. Sek\u00e4 Havusalmen sulavesi kev\u00e4\u00e4ll\u00e4 (linnut).<\/p>\n\n\n\n<p>Osakaskunnan vesialueella tapahtuva mets\u00e4stys, ja ravustus ovat sallittuja osakkaille ja kyl\u00e4ss\u00e4 asuville.<\/p>\n\n\n\n<p>Osakaskunnan vesialueen kartta on n\u00e4ht\u00e4vill\u00e4 merkkien myyj\u00e4ll\u00e4.<\/p>\n","protected":false},"excerpt":{"rendered":"<p>Lupamaksut ja ohjeet Osakkaille ja osakaskunnan alueella vakituisesti asuville myyd\u00e4\u00e4n 10 verkkomerkki\u00e4 a\/6e\/ kpl Verkkomerkki oikeuttaa yhteen 30 m pitk\u00e4\u00e4n 3 m korkeaan verkkoon, jos verkko on pitempi ja korkeampi tarvitaan lis\u00e4merkit. Katiskamerkkej\u00e4 ilman rajoitusta osakkaille 2e\/kpl. Nuottalupa vakituisesti asuvalle osakkaille 20e.Kalastuslupia myyd\u00e4\u00e4n vain osakkaille ja kyl\u00e4ss\u00e4 vakituisesti asuville. Rantarys\u00e4\u00e4 ja pitk\u00e4siimaa saa pit\u00e4\u00e4 verkkomerkill\u00e4.<\/p>\n<p><a class=\"moretag\" href=\"https:\/\/keiteleenkalatalousalue.fi\/kalaniemi\/luvat\/lupamaksut-ja-ohjeet\/\"> Lue lis\u00e4\u00e4 ><\/a><\/p>\n","protected":false},"author":1,"featured_media":0,"parent":45,"menu_order":0,"comment_status":"closed","ping_status":"closed","template":"basic-sivu.php","meta":{"_acf_changed":false,"footnotes":""},"class_list":["post-86","page","type-page","status-publish","hentry"],"acf":[],"yoast_head":"<!-- This site is optimized with the Yoast SEO plugin v27.4 - https:\/\/yoast.com\/product\/yoast-seo-wordpress\/ -->\n<title>Lupamaksut ja ohjeet - Kalaniemen osakaskunta<\/title>\n<meta name=\"robots\" content=\"index, follow, max-snippet:-1, max-image-preview:large, max-video-preview:-1\" \/>\n<link rel=\"canonical\" href=\"https:\/\/keiteleenkalatalousalue.fi\/kalaniemi\/luvat\/lupamaksut-ja-ohjeet\/\" \/>\n<meta property=\"og:locale\" content=\"fi_FI\" \/>\n<meta property=\"og:type\" content=\"article\" \/>\n<meta property=\"og:title\" content=\"Lupamaksut ja ohjeet - Kalaniemen osakaskunta\" \/>\n<meta property=\"og:description\" content=\"Lupamaksut ja ohjeet Osakkaille ja osakaskunnan alueella vakituisesti asuville myyd\u00e4\u00e4n 10 verkkomerkki\u00e4 a\/6e\/ kpl Verkkomerkki oikeuttaa yhteen 30 m pitk\u00e4\u00e4n 3 m korkeaan verkkoon, jos verkko on pitempi ja korkeampi tarvitaan lis\u00e4merkit. Katiskamerkkej\u00e4 ilman rajoitusta osakkaille 2e\/kpl. Nuottalupa vakituisesti asuvalle osakkaille 20e.Kalastuslupia myyd\u00e4\u00e4n vain osakkaille ja kyl\u00e4ss\u00e4 vakituisesti asuville. Rantarys\u00e4\u00e4 ja pitk\u00e4siimaa saa pit\u00e4\u00e4 verkkomerkill\u00e4. Lue lis\u00e4\u00e4 &gt;\" \/>\n<meta property=\"og:url\" content=\"https:\/\/keiteleenkalatalousalue.fi\/kalaniemi\/luvat\/lupamaksut-ja-ohjeet\/\" \/>\n<meta property=\"og:site_name\" content=\"Kalaniemen osakaskunta\" \/>\n<meta property=\"article:modified_time\" content=\"2025-01-10T07:15:18+00:00\" \/>\n<meta name=\"twitter:card\" content=\"summary_large_image\" \/>\n<meta name=\"twitter:label1\" content=\"Arvioitu lukuaika\" \/>\n\t<meta name=\"twitter:data1\" content=\"1 minuutti\" \/>\n<script type=\"application\/ld+json\" class=\"yoast-schema-graph\">{\"@context\":\"https:\\\/\\\/schema.org\",\"@graph\":[{\"@type\":\"WebPage\",\"@id\":\"https:\\\/\\\/keiteleenkalatalousalue.fi\\\/kalaniemi\\\/luvat\\\/lupamaksut-ja-ohjeet\\\/\",\"url\":\"https:\\\/\\\/keiteleenkalatalousalue.fi\\\/kalaniemi\\\/luvat\\\/lupamaksut-ja-ohjeet\\\/\",\"name\":\"Lupamaksut ja ohjeet - Kalaniemen osakaskunta\",\"isPartOf\":{\"@id\":\"https:\\\/\\\/keiteleenkalatalousalue.fi\\\/kalaniemi\\\/#website\"},\"datePublished\":\"2020-10-29T09:39:36+00:00\",\"dateModified\":\"2025-01-10T07:15:18+00:00\",\"breadcrumb\":{\"@id\":\"https:\\\/\\\/keiteleenkalatalousalue.fi\\\/kalaniemi\\\/luvat\\\/lupamaksut-ja-ohjeet\\\/#breadcrumb\"},\"inLanguage\":\"fi\",\"potentialAction\":[{\"@type\":\"ReadAction\",\"target\":[\"https:\\\/\\\/keiteleenkalatalousalue.fi\\\/kalaniemi\\\/luvat\\\/lupamaksut-ja-ohjeet\\\/\"]}]},{\"@type\":\"BreadcrumbList\",\"@id\":\"https:\\\/\\\/keiteleenkalatalousalue.fi\\\/kalaniemi\\\/luvat\\\/lupamaksut-ja-ohjeet\\\/#breadcrumb\",\"itemListElement\":[{\"@type\":\"ListItem\",\"position\":1,\"name\":\"Home\",\"item\":\"https:\\\/\\\/keiteleenkalatalousalue.fi\\\/kalaniemi\\\/\"},{\"@type\":\"ListItem\",\"position\":2,\"name\":\"Yksityinen: Luvat\",\"item\":\"https:\\\/\\\/keiteleenkalatalousalue.fi\\\/kalaniemi\\\/?page_id=45\"},{\"@type\":\"ListItem\",\"position\":3,\"name\":\"Lupamaksut ja ohjeet\"}]},{\"@type\":\"WebSite\",\"@id\":\"https:\\\/\\\/keiteleenkalatalousalue.fi\\\/kalaniemi\\\/#website\",\"url\":\"https:\\\/\\\/keiteleenkalatalousalue.fi\\\/kalaniemi\\\/\",\"name\":\"Kalaniemen osakaskunta\",\"description\":\"\",\"potentialAction\":[{\"@type\":\"SearchAction\",\"target\":{\"@type\":\"EntryPoint\",\"urlTemplate\":\"https:\\\/\\\/keiteleenkalatalousalue.fi\\\/kalaniemi\\\/?s={search_term_string}\"},\"query-input\":{\"@type\":\"PropertyValueSpecification\",\"valueRequired\":true,\"valueName\":\"search_term_string\"}}],\"inLanguage\":\"fi\"}]}<\/script>\n<!-- \/ Yoast SEO plugin. -->","yoast_head_json":{"title":"Lupamaksut ja ohjeet - Kalaniemen osakaskunta","robots":{"index":"index","follow":"follow","max-snippet":"max-snippet:-1","max-image-preview":"max-image-preview:large","max-video-preview":"max-video-preview:-1"},"canonical":"https:\/\/keiteleenkalatalousalue.fi\/kalaniemi\/luvat\/lupamaksut-ja-ohjeet\/","og_locale":"fi_FI","og_type":"article","og_title":"Lupamaksut ja ohjeet - Kalaniemen osakaskunta","og_description":"Lupamaksut ja ohjeet Osakkaille ja osakaskunnan alueella vakituisesti asuville myyd\u00e4\u00e4n 10 verkkomerkki\u00e4 a\/6e\/ kpl Verkkomerkki oikeuttaa yhteen 30 m pitk\u00e4\u00e4n 3 m korkeaan verkkoon, jos verkko on pitempi ja korkeampi tarvitaan lis\u00e4merkit. Katiskamerkkej\u00e4 ilman rajoitusta osakkaille 2e\/kpl. Nuottalupa vakituisesti asuvalle osakkaille 20e.Kalastuslupia myyd\u00e4\u00e4n vain osakkaille ja kyl\u00e4ss\u00e4 vakituisesti asuville. Rantarys\u00e4\u00e4 ja pitk\u00e4siimaa saa pit\u00e4\u00e4 verkkomerkill\u00e4. Lue lis\u00e4\u00e4 >","og_url":"https:\/\/keiteleenkalatalousalue.fi\/kalaniemi\/luvat\/lupamaksut-ja-ohjeet\/","og_site_name":"Kalaniemen osakaskunta","article_modified_time":"2025-01-10T07:15:18+00:00","twitter_card":"summary_large_image","twitter_misc":{"Arvioitu lukuaika":"1 minuutti"},"schema":{"@context":"https:\/\/schema.org","@graph":[{"@type":"WebPage","@id":"https:\/\/keiteleenkalatalousalue.fi\/kalaniemi\/luvat\/lupamaksut-ja-ohjeet\/","url":"https:\/\/keiteleenkalatalousalue.fi\/kalaniemi\/luvat\/lupamaksut-ja-ohjeet\/","name":"Lupamaksut ja ohjeet - Kalaniemen osakaskunta","isPartOf":{"@id":"https:\/\/keiteleenkalatalousalue.fi\/kalaniemi\/#website"},"datePublished":"2020-10-29T09:39:36+00:00","dateModified":"2025-01-10T07:15:18+00:00","breadcrumb":{"@id":"https:\/\/keiteleenkalatalousalue.fi\/kalaniemi\/luvat\/lupamaksut-ja-ohjeet\/#breadcrumb"},"inLanguage":"fi","potentialAction":[{"@type":"ReadAction","target":["https:\/\/keiteleenkalatalousalue.fi\/kalaniemi\/luvat\/lupamaksut-ja-ohjeet\/"]}]},{"@type":"BreadcrumbList","@id":"https:\/\/keiteleenkalatalousalue.fi\/kalaniemi\/luvat\/lupamaksut-ja-ohjeet\/#breadcrumb","itemListElement":[{"@type":"ListItem","position":1,"name":"Home","item":"https:\/\/keiteleenkalatalousalue.fi\/kalaniemi\/"},{"@type":"ListItem","position":2,"name":"Yksityinen: Luvat","item":"https:\/\/keiteleenkalatalousalue.fi\/kalaniemi\/?page_id=45"},{"@type":"ListItem","position":3,"name":"Lupamaksut ja ohjeet"}]},{"@type":"WebSite","@id":"https:\/\/keiteleenkalatalousalue.fi\/kalaniemi\/#website","url":"https:\/\/keiteleenkalatalousalue.fi\/kalaniemi\/","name":"Kalaniemen osakaskunta","description":"","potentialAction":[{"@type":"SearchAction","target":{"@type":"EntryPoint","urlTemplate":"https:\/\/keiteleenkalatalousalue.fi\/kalaniemi\/?s={search_term_string}"},"query-input":{"@type":"PropertyValueSpecification","valueRequired":true,"valueName":"search_term_string"}}],"inLanguage":"fi"}]}},"_links":{"self":[{"href":"https:\/\/keiteleenkalatalousalue.fi\/kalaniemi\/wp-json\/wp\/v2\/pages\/86","targetHints":{"allow":["GET"]}}],"collection":[{"href":"https:\/\/keiteleenkalatalousalue.fi\/kalaniemi\/wp-json\/wp\/v2\/pages"}],"about":[{"href":"https:\/\/keiteleenkalatalousalue.fi\/kalaniemi\/wp-json\/wp\/v2\/types\/page"}],"author":[{"embeddable":true,"href":"https:\/\/keiteleenkalatalousalue.fi\/kalaniemi\/wp-json\/wp\/v2\/users\/1"}],"replies":[{"embeddable":true,"href":"https:\/\/keiteleenkalatalousalue.fi\/kalaniemi\/wp-json\/wp\/v2\/comments?post=86"}],"version-history":[{"count":5,"href":"https:\/\/keiteleenkalatalousalue.fi\/kalaniemi\/wp-json\/wp\/v2\/pages\/86\/revisions"}],"predecessor-version":[{"id":282,"href":"https:\/\/keiteleenkalatalousalue.fi\/kalaniemi\/wp-json\/wp\/v2\/pages\/86\/revisions\/282"}],"up":[{"embeddable":true,"href":"https:\/\/keiteleenkalatalousalue.fi\/kalaniemi\/wp-json\/wp\/v2\/pages\/45"}],"wp:attachment":[{"href":"https:\/\/keiteleenkalatalousalue.fi\/kalaniemi\/wp-json\/wp\/v2\/media?parent=86"}],"curies":[{"name":"wp","href":"https:\/\/api.w.org\/{rel}","templated":true}]}}