{"id":90,"date":"2020-10-29T11:42:18","date_gmt":"2020-10-29T09:42:18","guid":{"rendered":"http:\/\/89.166.51.80\/~pohjoispaij\/ahtola\/?page_id=90"},"modified":"2023-12-20T13:51:18","modified_gmt":"2023-12-20T11:51:18","slug":"luvanmyyjat-ja-lupakartta","status":"publish","type":"page","link":"https:\/\/keiteleenkalatalousalue.fi\/haapakyla\/luvat\/luvanmyyjat-ja-lupakartta\/","title":{"rendered":"Luvanmyyj\u00e4t ja lupakartta"},"content":{"rendered":"\n<h2 class=\"wp-block-heading\">Luvanmyyj\u00e4t<\/h2>\n\n\n\n<p>Osakaskunnan pyydysmerkkej\u00e4 myyv\u00e4t:<\/p>\n\n\n\n<ul class=\"wp-block-list\">\n<li>Sumiainen: Pentti H\u00e4yrinen, puh. 040 565 9145<\/li>\n\n\n\n<li>Suolahti:  Euronics Kellasta<\/li>\n\n\n\n<li><a href=\"http:\/\/www.kalakortti.com\">Kalakortti.com<\/a><\/li>\n<\/ul>\n\n\n\n<p>Vuoden 2016 alusta tehtiin lupamyyntisopimus Kalakortti.com kanssa. Lupamyynti toimii ymp\u00e4ri vuorokauden. Osoitteeseen p\u00e4\u00e4see klikkaamalla em. &#8221;Kalakortti.com&#8221; -teksti\u00e4, tai kirjoittamalla Kalakortti.com sivuston hakuun osakaskunnan nimi. <\/p>\n\n\n\n<p>Osakaskunta ei rajoita myyt\u00e4vien pyydysmerkkien m\u00e4\u00e4r\u00e4\u00e4. Varamerkkej\u00e4 voi siis halutessaan ostaa.<\/p>\n\n\n\n<p>Jokaisen kalastajan, tai pyyntikunnan on huolehdittava siit\u00e4, ett\u00e4 kerralla sallittujen verkkojen kokonaism\u00e4\u00e4r\u00e4\u00e4 ei ylitet\u00e4.<\/p>\n\n\n\n<p>Vesilinnun mets\u00e4styslupia myyd\u00e4\u00e4n hoitokunnan toimesta<\/p>\n\n\n\n<figure class=\"wp-block-image size-large\"><img loading=\"lazy\" decoding=\"async\" width=\"898\" height=\"550\" src=\"https:\/\/keiteleenkalatalousalue.fi\/haapakyla\/wp-content\/uploads\/sites\/4\/2021\/04\/Harkainsalmi-kevatauringossa_pieni.jpg\" alt=\"\" class=\"wp-image-267\" srcset=\"https:\/\/keiteleenkalatalousalue.fi\/haapakyla\/wp-content\/uploads\/sites\/4\/2021\/04\/Harkainsalmi-kevatauringossa_pieni.jpg 898w, https:\/\/keiteleenkalatalousalue.fi\/haapakyla\/wp-content\/uploads\/sites\/4\/2021\/04\/Harkainsalmi-kevatauringossa_pieni-300x184.jpg 300w, https:\/\/keiteleenkalatalousalue.fi\/haapakyla\/wp-content\/uploads\/sites\/4\/2021\/04\/Harkainsalmi-kevatauringossa_pieni-768x470.jpg 768w\" sizes=\"auto, (max-width: 898px) 100vw, 898px\" \/><\/figure>\n\n\n\n<h2 class=\"wp-block-heading\">Lupakartta<\/h2>\n","protected":false},"excerpt":{"rendered":"<p>Luvanmyyj\u00e4t Osakaskunnan pyydysmerkkej\u00e4 myyv\u00e4t: Vuoden 2016 alusta tehtiin lupamyyntisopimus Kalakortti.com kanssa. Lupamyynti toimii ymp\u00e4ri vuorokauden. Osoitteeseen p\u00e4\u00e4see klikkaamalla em. &#8221;Kalakortti.com&#8221; -teksti\u00e4, tai kirjoittamalla Kalakortti.com sivuston hakuun osakaskunnan nimi. Osakaskunta ei rajoita myyt\u00e4vien pyydysmerkkien m\u00e4\u00e4r\u00e4\u00e4. Varamerkkej\u00e4 voi siis halutessaan ostaa. Jokaisen kalastajan, tai pyyntikunnan on huolehdittava siit\u00e4, ett\u00e4 kerralla sallittujen verkkojen kokonaism\u00e4\u00e4r\u00e4\u00e4 ei ylitet\u00e4. Vesilinnun mets\u00e4styslupia<\/p>\n<p><a class=\"moretag\" href=\"https:\/\/keiteleenkalatalousalue.fi\/haapakyla\/luvat\/luvanmyyjat-ja-lupakartta\/\"> Lue lis\u00e4\u00e4 ><\/a><\/p>\n","protected":false},"author":1,"featured_media":0,"parent":45,"menu_order":0,"comment_status":"closed","ping_status":"closed","template":"basic-sivu.php","meta":{"_acf_changed":false,"footnotes":""},"class_list":["post-90","page","type-page","status-publish","hentry"],"acf":[],"yoast_head":"<!-- This site is optimized with the Yoast SEO plugin v27.4 - https:\/\/yoast.com\/product\/yoast-seo-wordpress\/ -->\n<title>Luvanmyyj\u00e4t ja lupakartta - Haapakyl\u00e4n osakaskunta<\/title>\n<meta name=\"robots\" content=\"index, follow, max-snippet:-1, max-image-preview:large, max-video-preview:-1\" \/>\n<link rel=\"canonical\" href=\"https:\/\/keiteleenkalatalousalue.fi\/haapakyla\/luvat\/luvanmyyjat-ja-lupakartta\/\" \/>\n<meta property=\"og:locale\" content=\"fi_FI\" \/>\n<meta property=\"og:type\" content=\"article\" \/>\n<meta property=\"og:title\" content=\"Luvanmyyj\u00e4t ja lupakartta - Haapakyl\u00e4n osakaskunta\" \/>\n<meta property=\"og:description\" content=\"Luvanmyyj\u00e4t Osakaskunnan pyydysmerkkej\u00e4 myyv\u00e4t: Vuoden 2016 alusta tehtiin lupamyyntisopimus Kalakortti.com kanssa. Lupamyynti toimii ymp\u00e4ri vuorokauden. Osoitteeseen p\u00e4\u00e4see klikkaamalla em. &#8221;Kalakortti.com&#8221; -teksti\u00e4, tai kirjoittamalla Kalakortti.com sivuston hakuun osakaskunnan nimi. Osakaskunta ei rajoita myyt\u00e4vien pyydysmerkkien m\u00e4\u00e4r\u00e4\u00e4. Varamerkkej\u00e4 voi siis halutessaan ostaa. Jokaisen kalastajan, tai pyyntikunnan on huolehdittava siit\u00e4, ett\u00e4 kerralla sallittujen verkkojen kokonaism\u00e4\u00e4r\u00e4\u00e4 ei ylitet\u00e4. Vesilinnun mets\u00e4styslupia Lue lis\u00e4\u00e4 &gt;\" \/>\n<meta property=\"og:url\" content=\"https:\/\/keiteleenkalatalousalue.fi\/haapakyla\/luvat\/luvanmyyjat-ja-lupakartta\/\" \/>\n<meta property=\"og:site_name\" content=\"Haapakyl\u00e4n osakaskunta\" \/>\n<meta property=\"article:modified_time\" content=\"2023-12-20T11:51:18+00:00\" \/>\n<meta property=\"og:image\" content=\"https:\/\/keiteleenkalatalousalue.fi\/haapakyla\/wp-content\/uploads\/sites\/4\/2021\/04\/Harkainsalmi-kevatauringossa_pieni.jpg\" \/>\n<meta name=\"twitter:card\" content=\"summary_large_image\" \/>\n<meta name=\"twitter:label1\" content=\"Arvioitu lukuaika\" \/>\n\t<meta name=\"twitter:data1\" content=\"1 minuutti\" \/>\n<script type=\"application\/ld+json\" class=\"yoast-schema-graph\">{\"@context\":\"https:\\\/\\\/schema.org\",\"@graph\":[{\"@type\":\"WebPage\",\"@id\":\"https:\\\/\\\/keiteleenkalatalousalue.fi\\\/haapakyla\\\/luvat\\\/luvanmyyjat-ja-lupakartta\\\/\",\"url\":\"https:\\\/\\\/keiteleenkalatalousalue.fi\\\/haapakyla\\\/luvat\\\/luvanmyyjat-ja-lupakartta\\\/\",\"name\":\"Luvanmyyj\u00e4t ja lupakartta - Haapakyl\u00e4n osakaskunta\",\"isPartOf\":{\"@id\":\"https:\\\/\\\/keiteleenkalatalousalue.fi\\\/haapakyla\\\/#website\"},\"primaryImageOfPage\":{\"@id\":\"https:\\\/\\\/keiteleenkalatalousalue.fi\\\/haapakyla\\\/luvat\\\/luvanmyyjat-ja-lupakartta\\\/#primaryimage\"},\"image\":{\"@id\":\"https:\\\/\\\/keiteleenkalatalousalue.fi\\\/haapakyla\\\/luvat\\\/luvanmyyjat-ja-lupakartta\\\/#primaryimage\"},\"thumbnailUrl\":\"https:\\\/\\\/keiteleenkalatalousalue.fi\\\/haapakyla\\\/wp-content\\\/uploads\\\/sites\\\/4\\\/2021\\\/04\\\/Harkainsalmi-kevatauringossa_pieni.jpg\",\"datePublished\":\"2020-10-29T09:42:18+00:00\",\"dateModified\":\"2023-12-20T11:51:18+00:00\",\"breadcrumb\":{\"@id\":\"https:\\\/\\\/keiteleenkalatalousalue.fi\\\/haapakyla\\\/luvat\\\/luvanmyyjat-ja-lupakartta\\\/#breadcrumb\"},\"inLanguage\":\"fi\",\"potentialAction\":[{\"@type\":\"ReadAction\",\"target\":[\"https:\\\/\\\/keiteleenkalatalousalue.fi\\\/haapakyla\\\/luvat\\\/luvanmyyjat-ja-lupakartta\\\/\"]}]},{\"@type\":\"ImageObject\",\"inLanguage\":\"fi\",\"@id\":\"https:\\\/\\\/keiteleenkalatalousalue.fi\\\/haapakyla\\\/luvat\\\/luvanmyyjat-ja-lupakartta\\\/#primaryimage\",\"url\":\"https:\\\/\\\/keiteleenkalatalousalue.fi\\\/haapakyla\\\/wp-content\\\/uploads\\\/sites\\\/4\\\/2021\\\/04\\\/Harkainsalmi-kevatauringossa_pieni.jpg\",\"contentUrl\":\"https:\\\/\\\/keiteleenkalatalousalue.fi\\\/haapakyla\\\/wp-content\\\/uploads\\\/sites\\\/4\\\/2021\\\/04\\\/Harkainsalmi-kevatauringossa_pieni.jpg\",\"width\":898,\"height\":550},{\"@type\":\"BreadcrumbList\",\"@id\":\"https:\\\/\\\/keiteleenkalatalousalue.fi\\\/haapakyla\\\/luvat\\\/luvanmyyjat-ja-lupakartta\\\/#breadcrumb\",\"itemListElement\":[{\"@type\":\"ListItem\",\"position\":1,\"name\":\"Home\",\"item\":\"https:\\\/\\\/keiteleenkalatalousalue.fi\\\/haapakyla\\\/\"},{\"@type\":\"ListItem\",\"position\":2,\"name\":\"Yksityinen: Luvat\",\"item\":\"https:\\\/\\\/keiteleenkalatalousalue.fi\\\/haapakyla\\\/?page_id=45\"},{\"@type\":\"ListItem\",\"position\":3,\"name\":\"Luvanmyyj\u00e4t ja lupakartta\"}]},{\"@type\":\"WebSite\",\"@id\":\"https:\\\/\\\/keiteleenkalatalousalue.fi\\\/haapakyla\\\/#website\",\"url\":\"https:\\\/\\\/keiteleenkalatalousalue.fi\\\/haapakyla\\\/\",\"name\":\"Haapakyl\u00e4n osakaskunta\",\"description\":\"\",\"potentialAction\":[{\"@type\":\"SearchAction\",\"target\":{\"@type\":\"EntryPoint\",\"urlTemplate\":\"https:\\\/\\\/keiteleenkalatalousalue.fi\\\/haapakyla\\\/?s={search_term_string}\"},\"query-input\":{\"@type\":\"PropertyValueSpecification\",\"valueRequired\":true,\"valueName\":\"search_term_string\"}}],\"inLanguage\":\"fi\"}]}<\/script>\n<!-- \/ Yoast SEO plugin. -->","yoast_head_json":{"title":"Luvanmyyj\u00e4t ja lupakartta - Haapakyl\u00e4n osakaskunta","robots":{"index":"index","follow":"follow","max-snippet":"max-snippet:-1","max-image-preview":"max-image-preview:large","max-video-preview":"max-video-preview:-1"},"canonical":"https:\/\/keiteleenkalatalousalue.fi\/haapakyla\/luvat\/luvanmyyjat-ja-lupakartta\/","og_locale":"fi_FI","og_type":"article","og_title":"Luvanmyyj\u00e4t ja lupakartta - Haapakyl\u00e4n osakaskunta","og_description":"Luvanmyyj\u00e4t Osakaskunnan pyydysmerkkej\u00e4 myyv\u00e4t: Vuoden 2016 alusta tehtiin lupamyyntisopimus Kalakortti.com kanssa. Lupamyynti toimii ymp\u00e4ri vuorokauden. Osoitteeseen p\u00e4\u00e4see klikkaamalla em. &#8221;Kalakortti.com&#8221; -teksti\u00e4, tai kirjoittamalla Kalakortti.com sivuston hakuun osakaskunnan nimi. Osakaskunta ei rajoita myyt\u00e4vien pyydysmerkkien m\u00e4\u00e4r\u00e4\u00e4. Varamerkkej\u00e4 voi siis halutessaan ostaa. Jokaisen kalastajan, tai pyyntikunnan on huolehdittava siit\u00e4, ett\u00e4 kerralla sallittujen verkkojen kokonaism\u00e4\u00e4r\u00e4\u00e4 ei ylitet\u00e4. Vesilinnun mets\u00e4styslupia Lue lis\u00e4\u00e4 >","og_url":"https:\/\/keiteleenkalatalousalue.fi\/haapakyla\/luvat\/luvanmyyjat-ja-lupakartta\/","og_site_name":"Haapakyl\u00e4n osakaskunta","article_modified_time":"2023-12-20T11:51:18+00:00","og_image":[{"url":"https:\/\/keiteleenkalatalousalue.fi\/haapakyla\/wp-content\/uploads\/sites\/4\/2021\/04\/Harkainsalmi-kevatauringossa_pieni.jpg","type":"","width":"","height":""}],"twitter_card":"summary_large_image","twitter_misc":{"Arvioitu lukuaika":"1 minuutti"},"schema":{"@context":"https:\/\/schema.org","@graph":[{"@type":"WebPage","@id":"https:\/\/keiteleenkalatalousalue.fi\/haapakyla\/luvat\/luvanmyyjat-ja-lupakartta\/","url":"https:\/\/keiteleenkalatalousalue.fi\/haapakyla\/luvat\/luvanmyyjat-ja-lupakartta\/","name":"Luvanmyyj\u00e4t ja lupakartta - Haapakyl\u00e4n osakaskunta","isPartOf":{"@id":"https:\/\/keiteleenkalatalousalue.fi\/haapakyla\/#website"},"primaryImageOfPage":{"@id":"https:\/\/keiteleenkalatalousalue.fi\/haapakyla\/luvat\/luvanmyyjat-ja-lupakartta\/#primaryimage"},"image":{"@id":"https:\/\/keiteleenkalatalousalue.fi\/haapakyla\/luvat\/luvanmyyjat-ja-lupakartta\/#primaryimage"},"thumbnailUrl":"https:\/\/keiteleenkalatalousalue.fi\/haapakyla\/wp-content\/uploads\/sites\/4\/2021\/04\/Harkainsalmi-kevatauringossa_pieni.jpg","datePublished":"2020-10-29T09:42:18+00:00","dateModified":"2023-12-20T11:51:18+00:00","breadcrumb":{"@id":"https:\/\/keiteleenkalatalousalue.fi\/haapakyla\/luvat\/luvanmyyjat-ja-lupakartta\/#breadcrumb"},"inLanguage":"fi","potentialAction":[{"@type":"ReadAction","target":["https:\/\/keiteleenkalatalousalue.fi\/haapakyla\/luvat\/luvanmyyjat-ja-lupakartta\/"]}]},{"@type":"ImageObject","inLanguage":"fi","@id":"https:\/\/keiteleenkalatalousalue.fi\/haapakyla\/luvat\/luvanmyyjat-ja-lupakartta\/#primaryimage","url":"https:\/\/keiteleenkalatalousalue.fi\/haapakyla\/wp-content\/uploads\/sites\/4\/2021\/04\/Harkainsalmi-kevatauringossa_pieni.jpg","contentUrl":"https:\/\/keiteleenkalatalousalue.fi\/haapakyla\/wp-content\/uploads\/sites\/4\/2021\/04\/Harkainsalmi-kevatauringossa_pieni.jpg","width":898,"height":550},{"@type":"BreadcrumbList","@id":"https:\/\/keiteleenkalatalousalue.fi\/haapakyla\/luvat\/luvanmyyjat-ja-lupakartta\/#breadcrumb","itemListElement":[{"@type":"ListItem","position":1,"name":"Home","item":"https:\/\/keiteleenkalatalousalue.fi\/haapakyla\/"},{"@type":"ListItem","position":2,"name":"Yksityinen: Luvat","item":"https:\/\/keiteleenkalatalousalue.fi\/haapakyla\/?page_id=45"},{"@type":"ListItem","position":3,"name":"Luvanmyyj\u00e4t ja lupakartta"}]},{"@type":"WebSite","@id":"https:\/\/keiteleenkalatalousalue.fi\/haapakyla\/#website","url":"https:\/\/keiteleenkalatalousalue.fi\/haapakyla\/","name":"Haapakyl\u00e4n osakaskunta","description":"","potentialAction":[{"@type":"SearchAction","target":{"@type":"EntryPoint","urlTemplate":"https:\/\/keiteleenkalatalousalue.fi\/haapakyla\/?s={search_term_string}"},"query-input":{"@type":"PropertyValueSpecification","valueRequired":true,"valueName":"search_term_string"}}],"inLanguage":"fi"}]}},"_links":{"self":[{"href":"https:\/\/keiteleenkalatalousalue.fi\/haapakyla\/wp-json\/wp\/v2\/pages\/90","targetHints":{"allow":["GET"]}}],"collection":[{"href":"https:\/\/keiteleenkalatalousalue.fi\/haapakyla\/wp-json\/wp\/v2\/pages"}],"about":[{"href":"https:\/\/keiteleenkalatalousalue.fi\/haapakyla\/wp-json\/wp\/v2\/types\/page"}],"author":[{"embeddable":true,"href":"https:\/\/keiteleenkalatalousalue.fi\/haapakyla\/wp-json\/wp\/v2\/users\/1"}],"replies":[{"embeddable":true,"href":"https:\/\/keiteleenkalatalousalue.fi\/haapakyla\/wp-json\/wp\/v2\/comments?post=90"}],"version-history":[{"count":3,"href":"https:\/\/keiteleenkalatalousalue.fi\/haapakyla\/wp-json\/wp\/v2\/pages\/90\/revisions"}],"predecessor-version":[{"id":311,"href":"https:\/\/keiteleenkalatalousalue.fi\/haapakyla\/wp-json\/wp\/v2\/pages\/90\/revisions\/311"}],"up":[{"embeddable":true,"href":"https:\/\/keiteleenkalatalousalue.fi\/haapakyla\/wp-json\/wp\/v2\/pages\/45"}],"wp:attachment":[{"href":"https:\/\/keiteleenkalatalousalue.fi\/haapakyla\/wp-json\/wp\/v2\/media?parent=90"}],"curies":[{"name":"wp","href":"https:\/\/api.w.org\/{rel}","templated":true}]}}