{"id":276,"date":"2021-04-27T11:13:41","date_gmt":"2021-04-27T08:13:41","guid":{"rendered":"http:\/\/89.166.51.80\/~keiteleen\/haapakyla\/?page_id=276"},"modified":"2021-06-21T13:58:29","modified_gmt":"2021-06-21T10:58:29","slug":"galleria","status":"publish","type":"page","link":"https:\/\/keiteleenkalatalousalue.fi\/haapakyla\/galleria\/","title":{"rendered":"Galleria"},"content":{"rendered":"\n<h2 class=\"wp-block-heading\">Galleria<\/h2>\n\n\n\n<p>Klikkaa pikkukuvaa avataksesi suuremman kuvan.<br>Saat suljettua kuvat Esc -painikkeella tai klikkaamalla miss\u00e4 tahansa kuva p\u00e4\u00e4ll\u00e4.<\/p>\n\n\n\n<p>4 images<\/p>\n\n\n\n<figure class=\"wp-block-image\"><a href=\"https:\/\/www.keiteleenkalatalousalue.fi\/ok\/haapakyla\/uploads\/images\/Gallery\/Auringonnousu_pieni.jpg\"><img decoding=\"async\" src=\"https:\/\/www.keiteleenkalatalousalue.fi\/ok\/haapakyla\/uploads\/images\/Gallery\/thumb_Auringonnousu_pieni.jpg\" alt=\"Auringonnousu_pieni.jpg\"\/><\/a><\/figure>\n\n\n\n<figure class=\"wp-block-image\"><a href=\"https:\/\/www.keiteleenkalatalousalue.fi\/ok\/haapakyla\/uploads\/images\/Gallery\/Karttuselka%20repeilee_pieni.jpg\"><img decoding=\"async\" src=\"https:\/\/www.keiteleenkalatalousalue.fi\/ok\/haapakyla\/uploads\/images\/Gallery\/thumb_Karttuselka%20repeilee_pieni.jpg\" alt=\"Karttuselka repeilee_pieni.jpg\"\/><\/a><\/figure>\n\n\n\n<figure class=\"wp-block-image\"><a href=\"https:\/\/www.keiteleenkalatalousalue.fi\/ok\/haapakyla\/uploads\/images\/Gallery\/Nierian%20istutus%202008_pieni.jpg\"><img decoding=\"async\" src=\"https:\/\/www.keiteleenkalatalousalue.fi\/ok\/haapakyla\/uploads\/images\/Gallery\/thumb_Nierian%20istutus%202008_pieni.jpg\" alt=\"Nierian istutus 2008_pieni.jpg\"\/><\/a><\/figure>\n\n\n\n<figure class=\"wp-block-image\"><a href=\"https:\/\/www.keiteleenkalatalousalue.fi\/ok\/haapakyla\/uploads\/images\/Gallery\/Rajaluoto_pieni.jpg\"><img decoding=\"async\" src=\"https:\/\/www.keiteleenkalatalousalue.fi\/ok\/haapakyla\/uploads\/images\/Gallery\/thumb_Rajaluoto_pieni.jpg\" alt=\"Rajaluoto_pieni.jpg\"\/><\/a><\/figure>\n","protected":false},"excerpt":{"rendered":"<p>Galleria Klikkaa pikkukuvaa avataksesi suuremman kuvan.Saat suljettua kuvat Esc -painikkeella tai klikkaamalla miss\u00e4 tahansa kuva p\u00e4\u00e4ll\u00e4. 4 images<\/p>\n","protected":false},"author":1,"featured_media":0,"parent":0,"menu_order":0,"comment_status":"closed","ping_status":"closed","template":"basic-sivu.php","meta":{"_acf_changed":false,"footnotes":""},"class_list":["post-276","page","type-page","status-publish","hentry"],"acf":[],"yoast_head":"<!-- This site is optimized with the Yoast SEO plugin v27.4 - https:\/\/yoast.com\/product\/yoast-seo-wordpress\/ -->\n<title>Galleria - Haapakyl\u00e4n osakaskunta<\/title>\n<meta name=\"robots\" content=\"index, follow, max-snippet:-1, max-image-preview:large, max-video-preview:-1\" \/>\n<link rel=\"canonical\" href=\"https:\/\/keiteleenkalatalousalue.fi\/haapakyla\/galleria\/\" \/>\n<meta property=\"og:locale\" content=\"fi_FI\" \/>\n<meta property=\"og:type\" content=\"article\" \/>\n<meta property=\"og:title\" content=\"Galleria - Haapakyl\u00e4n osakaskunta\" \/>\n<meta property=\"og:description\" content=\"Galleria Klikkaa pikkukuvaa avataksesi suuremman kuvan.Saat suljettua kuvat Esc -painikkeella tai klikkaamalla miss\u00e4 tahansa kuva p\u00e4\u00e4ll\u00e4. 4 images\" \/>\n<meta property=\"og:url\" content=\"https:\/\/keiteleenkalatalousalue.fi\/haapakyla\/galleria\/\" \/>\n<meta property=\"og:site_name\" content=\"Haapakyl\u00e4n osakaskunta\" \/>\n<meta property=\"article:modified_time\" content=\"2021-06-21T10:58:29+00:00\" \/>\n<meta property=\"og:image\" content=\"https:\/\/www.keiteleenkalatalousalue.fi\/ok\/haapakyla\/uploads\/images\/Gallery\/thumb_Auringonnousu_pieni.jpg\" \/>\n<meta name=\"twitter:card\" content=\"summary_large_image\" \/>\n<meta name=\"twitter:label1\" content=\"Arvioitu lukuaika\" \/>\n\t<meta name=\"twitter:data1\" content=\"1 minuutti\" \/>\n<script type=\"application\/ld+json\" class=\"yoast-schema-graph\">{\"@context\":\"https:\\\/\\\/schema.org\",\"@graph\":[{\"@type\":\"WebPage\",\"@id\":\"https:\\\/\\\/keiteleenkalatalousalue.fi\\\/haapakyla\\\/galleria\\\/\",\"url\":\"https:\\\/\\\/keiteleenkalatalousalue.fi\\\/haapakyla\\\/galleria\\\/\",\"name\":\"Galleria - Haapakyl\u00e4n osakaskunta\",\"isPartOf\":{\"@id\":\"https:\\\/\\\/keiteleenkalatalousalue.fi\\\/haapakyla\\\/#website\"},\"primaryImageOfPage\":{\"@id\":\"https:\\\/\\\/keiteleenkalatalousalue.fi\\\/haapakyla\\\/galleria\\\/#primaryimage\"},\"image\":{\"@id\":\"https:\\\/\\\/keiteleenkalatalousalue.fi\\\/haapakyla\\\/galleria\\\/#primaryimage\"},\"thumbnailUrl\":\"https:\\\/\\\/www.keiteleenkalatalousalue.fi\\\/ok\\\/haapakyla\\\/uploads\\\/images\\\/Gallery\\\/thumb_Auringonnousu_pieni.jpg\",\"datePublished\":\"2021-04-27T08:13:41+00:00\",\"dateModified\":\"2021-06-21T10:58:29+00:00\",\"breadcrumb\":{\"@id\":\"https:\\\/\\\/keiteleenkalatalousalue.fi\\\/haapakyla\\\/galleria\\\/#breadcrumb\"},\"inLanguage\":\"fi\",\"potentialAction\":[{\"@type\":\"ReadAction\",\"target\":[\"https:\\\/\\\/keiteleenkalatalousalue.fi\\\/haapakyla\\\/galleria\\\/\"]}]},{\"@type\":\"ImageObject\",\"inLanguage\":\"fi\",\"@id\":\"https:\\\/\\\/keiteleenkalatalousalue.fi\\\/haapakyla\\\/galleria\\\/#primaryimage\",\"url\":\"https:\\\/\\\/www.keiteleenkalatalousalue.fi\\\/ok\\\/haapakyla\\\/uploads\\\/images\\\/Gallery\\\/thumb_Auringonnousu_pieni.jpg\",\"contentUrl\":\"https:\\\/\\\/www.keiteleenkalatalousalue.fi\\\/ok\\\/haapakyla\\\/uploads\\\/images\\\/Gallery\\\/thumb_Auringonnousu_pieni.jpg\"},{\"@type\":\"BreadcrumbList\",\"@id\":\"https:\\\/\\\/keiteleenkalatalousalue.fi\\\/haapakyla\\\/galleria\\\/#breadcrumb\",\"itemListElement\":[{\"@type\":\"ListItem\",\"position\":1,\"name\":\"Home\",\"item\":\"https:\\\/\\\/keiteleenkalatalousalue.fi\\\/haapakyla\\\/\"},{\"@type\":\"ListItem\",\"position\":2,\"name\":\"Galleria\"}]},{\"@type\":\"WebSite\",\"@id\":\"https:\\\/\\\/keiteleenkalatalousalue.fi\\\/haapakyla\\\/#website\",\"url\":\"https:\\\/\\\/keiteleenkalatalousalue.fi\\\/haapakyla\\\/\",\"name\":\"Haapakyl\u00e4n osakaskunta\",\"description\":\"\",\"potentialAction\":[{\"@type\":\"SearchAction\",\"target\":{\"@type\":\"EntryPoint\",\"urlTemplate\":\"https:\\\/\\\/keiteleenkalatalousalue.fi\\\/haapakyla\\\/?s={search_term_string}\"},\"query-input\":{\"@type\":\"PropertyValueSpecification\",\"valueRequired\":true,\"valueName\":\"search_term_string\"}}],\"inLanguage\":\"fi\"}]}<\/script>\n<!-- \/ Yoast SEO plugin. -->","yoast_head_json":{"title":"Galleria - Haapakyl\u00e4n osakaskunta","robots":{"index":"index","follow":"follow","max-snippet":"max-snippet:-1","max-image-preview":"max-image-preview:large","max-video-preview":"max-video-preview:-1"},"canonical":"https:\/\/keiteleenkalatalousalue.fi\/haapakyla\/galleria\/","og_locale":"fi_FI","og_type":"article","og_title":"Galleria - Haapakyl\u00e4n osakaskunta","og_description":"Galleria Klikkaa pikkukuvaa avataksesi suuremman kuvan.Saat suljettua kuvat Esc -painikkeella tai klikkaamalla miss\u00e4 tahansa kuva p\u00e4\u00e4ll\u00e4. 4 images","og_url":"https:\/\/keiteleenkalatalousalue.fi\/haapakyla\/galleria\/","og_site_name":"Haapakyl\u00e4n osakaskunta","article_modified_time":"2021-06-21T10:58:29+00:00","og_image":[{"url":"https:\/\/www.keiteleenkalatalousalue.fi\/ok\/haapakyla\/uploads\/images\/Gallery\/thumb_Auringonnousu_pieni.jpg","type":"","width":"","height":""}],"twitter_card":"summary_large_image","twitter_misc":{"Arvioitu lukuaika":"1 minuutti"},"schema":{"@context":"https:\/\/schema.org","@graph":[{"@type":"WebPage","@id":"https:\/\/keiteleenkalatalousalue.fi\/haapakyla\/galleria\/","url":"https:\/\/keiteleenkalatalousalue.fi\/haapakyla\/galleria\/","name":"Galleria - Haapakyl\u00e4n osakaskunta","isPartOf":{"@id":"https:\/\/keiteleenkalatalousalue.fi\/haapakyla\/#website"},"primaryImageOfPage":{"@id":"https:\/\/keiteleenkalatalousalue.fi\/haapakyla\/galleria\/#primaryimage"},"image":{"@id":"https:\/\/keiteleenkalatalousalue.fi\/haapakyla\/galleria\/#primaryimage"},"thumbnailUrl":"https:\/\/www.keiteleenkalatalousalue.fi\/ok\/haapakyla\/uploads\/images\/Gallery\/thumb_Auringonnousu_pieni.jpg","datePublished":"2021-04-27T08:13:41+00:00","dateModified":"2021-06-21T10:58:29+00:00","breadcrumb":{"@id":"https:\/\/keiteleenkalatalousalue.fi\/haapakyla\/galleria\/#breadcrumb"},"inLanguage":"fi","potentialAction":[{"@type":"ReadAction","target":["https:\/\/keiteleenkalatalousalue.fi\/haapakyla\/galleria\/"]}]},{"@type":"ImageObject","inLanguage":"fi","@id":"https:\/\/keiteleenkalatalousalue.fi\/haapakyla\/galleria\/#primaryimage","url":"https:\/\/www.keiteleenkalatalousalue.fi\/ok\/haapakyla\/uploads\/images\/Gallery\/thumb_Auringonnousu_pieni.jpg","contentUrl":"https:\/\/www.keiteleenkalatalousalue.fi\/ok\/haapakyla\/uploads\/images\/Gallery\/thumb_Auringonnousu_pieni.jpg"},{"@type":"BreadcrumbList","@id":"https:\/\/keiteleenkalatalousalue.fi\/haapakyla\/galleria\/#breadcrumb","itemListElement":[{"@type":"ListItem","position":1,"name":"Home","item":"https:\/\/keiteleenkalatalousalue.fi\/haapakyla\/"},{"@type":"ListItem","position":2,"name":"Galleria"}]},{"@type":"WebSite","@id":"https:\/\/keiteleenkalatalousalue.fi\/haapakyla\/#website","url":"https:\/\/keiteleenkalatalousalue.fi\/haapakyla\/","name":"Haapakyl\u00e4n osakaskunta","description":"","potentialAction":[{"@type":"SearchAction","target":{"@type":"EntryPoint","urlTemplate":"https:\/\/keiteleenkalatalousalue.fi\/haapakyla\/?s={search_term_string}"},"query-input":{"@type":"PropertyValueSpecification","valueRequired":true,"valueName":"search_term_string"}}],"inLanguage":"fi"}]}},"_links":{"self":[{"href":"https:\/\/keiteleenkalatalousalue.fi\/haapakyla\/wp-json\/wp\/v2\/pages\/276","targetHints":{"allow":["GET"]}}],"collection":[{"href":"https:\/\/keiteleenkalatalousalue.fi\/haapakyla\/wp-json\/wp\/v2\/pages"}],"about":[{"href":"https:\/\/keiteleenkalatalousalue.fi\/haapakyla\/wp-json\/wp\/v2\/types\/page"}],"author":[{"embeddable":true,"href":"https:\/\/keiteleenkalatalousalue.fi\/haapakyla\/wp-json\/wp\/v2\/users\/1"}],"replies":[{"embeddable":true,"href":"https:\/\/keiteleenkalatalousalue.fi\/haapakyla\/wp-json\/wp\/v2\/comments?post=276"}],"version-history":[{"count":3,"href":"https:\/\/keiteleenkalatalousalue.fi\/haapakyla\/wp-json\/wp\/v2\/pages\/276\/revisions"}],"predecessor-version":[{"id":288,"href":"https:\/\/keiteleenkalatalousalue.fi\/haapakyla\/wp-json\/wp\/v2\/pages\/276\/revisions\/288"}],"wp:attachment":[{"href":"https:\/\/keiteleenkalatalousalue.fi\/haapakyla\/wp-json\/wp\/v2\/media?parent=276"}],"curies":[{"name":"wp","href":"https:\/\/api.w.org\/{rel}","templated":true}]}}