{"id":90,"date":"2020-10-29T11:42:18","date_gmt":"2020-10-29T09:42:18","guid":{"rendered":"http:\/\/89.166.51.80\/~pohjoispaij\/ahtola\/?page_id=90"},"modified":"2025-09-05T16:04:31","modified_gmt":"2025-09-05T13:04:31","slug":"luvanmyyjat-ja-lupakartta","status":"publish","type":"page","link":"https:\/\/keiteleenkalatalousalue.fi\/aanekoski\/luvat\/luvanmyyjat-ja-lupakartta\/","title":{"rendered":"Luvanmyyj\u00e4t ja lupakartta"},"content":{"rendered":"\n<h2 class=\"wp-block-heading\">Luvanmyyj\u00e4t<\/h2>\n\n\n\n<p>Kesport Niskanen<br>Kauppakatu 6, 44100 \u00c4\u00e4nekoski.&nbsp; Puh. 020 7189 800<\/p>\n\n\n\n<p>Seo M\u00e4mmensalmi<br>Ouluntie 468, 44150 \u00c4\u00e4nekoski. Puh. 014 585 566<\/p>\n\n\n\n<p><strong>Verkkomerkit, vesilinnustus, Naarakosken luvat<\/strong><\/p>\n\n\n\n<p><strong>Maksuv\u00e4lineeksi Naarakoskeen k\u00e4y my\u00f6s smartum-kulttuurisaldo Niskasella<\/strong><\/p>\n\n\n\n<p><strong>Verkosta suoraan:&nbsp;Ostaluvat.fi<\/strong><\/p>\n\n\n\n<figure class=\"wp-block-embed\"><div class=\"wp-block-embed__wrapper\">\nhttps:\/\/www.ostaluvat.fi\/lupa.tmpl?sivu_id=113&#038;id=184\n<\/div><\/figure>\n\n\n\n<h2 class=\"wp-block-heading has-large-font-size\"><strong>Lupakartta virtavesialueeseen<\/strong><\/h2>\n\n\n\n<figure class=\"wp-block-image size-large is-resized\"><img loading=\"lazy\" decoding=\"async\" width=\"1024\" height=\"661\" src=\"https:\/\/keiteleenkalatalousalue.fi\/aanekoski\/wp-content\/uploads\/sites\/2\/2023\/03\/Naarakoski_Kartta_2023-1024x661.png\" alt=\"\" class=\"wp-image-300\" style=\"width:838px;height:541px\" srcset=\"https:\/\/keiteleenkalatalousalue.fi\/aanekoski\/wp-content\/uploads\/sites\/2\/2023\/03\/Naarakoski_Kartta_2023-1024x661.png 1024w, https:\/\/keiteleenkalatalousalue.fi\/aanekoski\/wp-content\/uploads\/sites\/2\/2023\/03\/Naarakoski_Kartta_2023-300x194.png 300w, https:\/\/keiteleenkalatalousalue.fi\/aanekoski\/wp-content\/uploads\/sites\/2\/2023\/03\/Naarakoski_Kartta_2023-768x496.png 768w, https:\/\/keiteleenkalatalousalue.fi\/aanekoski\/wp-content\/uploads\/sites\/2\/2023\/03\/Naarakoski_Kartta_2023.png 1396w\" sizes=\"auto, (max-width: 1024px) 100vw, 1024px\" \/><\/figure>\n\n\n\n<p class=\"has-large-font-size\"><strong>Mets\u00e4styskartta<\/strong><\/p>\n\n\n\n<figure class=\"wp-block-image size-large\"><img loading=\"lazy\" decoding=\"async\" width=\"1024\" height=\"724\" src=\"https:\/\/keiteleenkalatalousalue.fi\/aanekoski\/wp-content\/uploads\/sites\/2\/2025\/09\/image-1024x724.png\" alt=\"\" class=\"wp-image-415\" srcset=\"https:\/\/keiteleenkalatalousalue.fi\/aanekoski\/wp-content\/uploads\/sites\/2\/2025\/09\/image-1024x724.png 1024w, https:\/\/keiteleenkalatalousalue.fi\/aanekoski\/wp-content\/uploads\/sites\/2\/2025\/09\/image-300x212.png 300w, https:\/\/keiteleenkalatalousalue.fi\/aanekoski\/wp-content\/uploads\/sites\/2\/2025\/09\/image-768x543.png 768w, https:\/\/keiteleenkalatalousalue.fi\/aanekoski\/wp-content\/uploads\/sites\/2\/2025\/09\/image.png 1330w\" sizes=\"auto, (max-width: 1024px) 100vw, 1024px\" \/><\/figure>\n","protected":false},"excerpt":{"rendered":"<p>Luvanmyyj\u00e4t Kesport NiskanenKauppakatu 6, 44100 \u00c4\u00e4nekoski.&nbsp; Puh. 020 7189 800 Seo M\u00e4mmensalmiOuluntie 468, 44150 \u00c4\u00e4nekoski. Puh. 014 585 566 Verkkomerkit, vesilinnustus, Naarakosken luvat Maksuv\u00e4lineeksi Naarakoskeen k\u00e4y my\u00f6s smartum-kulttuurisaldo Niskasella Verkosta suoraan:&nbsp;Ostaluvat.fi Lupakartta virtavesialueeseen Mets\u00e4styskartta<\/p>\n","protected":false},"author":1,"featured_media":0,"parent":45,"menu_order":0,"comment_status":"closed","ping_status":"closed","template":"basic-sivu.php","meta":{"_acf_changed":false,"footnotes":""},"class_list":["post-90","page","type-page","status-publish","hentry"],"acf":[],"yoast_head":"<!-- This site is optimized with the Yoast SEO plugin v27.1.1 - https:\/\/yoast.com\/product\/yoast-seo-wordpress\/ -->\n<title>Luvanmyyj\u00e4t ja lupakartta - \u00c4\u00e4nekosken osakaskunta<\/title>\n<meta name=\"robots\" content=\"index, follow, max-snippet:-1, max-image-preview:large, max-video-preview:-1\" \/>\n<link rel=\"canonical\" href=\"https:\/\/keiteleenkalatalousalue.fi\/aanekoski\/luvat\/luvanmyyjat-ja-lupakartta\/\" \/>\n<meta property=\"og:locale\" content=\"fi_FI\" \/>\n<meta property=\"og:type\" content=\"article\" \/>\n<meta property=\"og:title\" content=\"Luvanmyyj\u00e4t ja lupakartta - \u00c4\u00e4nekosken osakaskunta\" \/>\n<meta property=\"og:description\" content=\"Luvanmyyj\u00e4t Kesport NiskanenKauppakatu 6, 44100 \u00c4\u00e4nekoski.&nbsp; Puh. 020 7189 800 Seo M\u00e4mmensalmiOuluntie 468, 44150 \u00c4\u00e4nekoski. Puh. 014 585 566 Verkkomerkit, vesilinnustus, Naarakosken luvat Maksuv\u00e4lineeksi Naarakoskeen k\u00e4y my\u00f6s smartum-kulttuurisaldo Niskasella Verkosta suoraan:&nbsp;Ostaluvat.fi Lupakartta virtavesialueeseen Mets\u00e4styskartta\" \/>\n<meta property=\"og:url\" content=\"https:\/\/keiteleenkalatalousalue.fi\/aanekoski\/luvat\/luvanmyyjat-ja-lupakartta\/\" \/>\n<meta property=\"og:site_name\" content=\"\u00c4\u00e4nekosken osakaskunta\" \/>\n<meta property=\"article:modified_time\" content=\"2025-09-05T13:04:31+00:00\" \/>\n<meta property=\"og:image\" content=\"https:\/\/keiteleenkalatalousalue.fi\/aanekoski\/wp-content\/uploads\/sites\/2\/2023\/03\/Naarakoski_Kartta_2023.png\" \/>\n\t<meta property=\"og:image:width\" content=\"1396\" \/>\n\t<meta property=\"og:image:height\" content=\"901\" \/>\n\t<meta property=\"og:image:type\" content=\"image\/png\" \/>\n<meta name=\"twitter:card\" content=\"summary_large_image\" \/>\n<meta name=\"twitter:label1\" content=\"Arvioitu lukuaika\" \/>\n\t<meta name=\"twitter:data1\" content=\"1 minuutti\" \/>\n<script type=\"application\/ld+json\" class=\"yoast-schema-graph\">{\"@context\":\"https:\/\/schema.org\",\"@graph\":[{\"@type\":\"WebPage\",\"@id\":\"https:\/\/keiteleenkalatalousalue.fi\/aanekoski\/luvat\/luvanmyyjat-ja-lupakartta\/\",\"url\":\"https:\/\/keiteleenkalatalousalue.fi\/aanekoski\/luvat\/luvanmyyjat-ja-lupakartta\/\",\"name\":\"Luvanmyyj\u00e4t ja lupakartta - \u00c4\u00e4nekosken osakaskunta\",\"isPartOf\":{\"@id\":\"https:\/\/keiteleenkalatalousalue.fi\/aanekoski\/#website\"},\"primaryImageOfPage\":{\"@id\":\"https:\/\/keiteleenkalatalousalue.fi\/aanekoski\/luvat\/luvanmyyjat-ja-lupakartta\/#primaryimage\"},\"image\":{\"@id\":\"https:\/\/keiteleenkalatalousalue.fi\/aanekoski\/luvat\/luvanmyyjat-ja-lupakartta\/#primaryimage\"},\"thumbnailUrl\":\"https:\/\/keiteleenkalatalousalue.fi\/aanekoski\/wp-content\/uploads\/sites\/2\/2023\/03\/Naarakoski_Kartta_2023-1024x661.png\",\"datePublished\":\"2020-10-29T09:42:18+00:00\",\"dateModified\":\"2025-09-05T13:04:31+00:00\",\"breadcrumb\":{\"@id\":\"https:\/\/keiteleenkalatalousalue.fi\/aanekoski\/luvat\/luvanmyyjat-ja-lupakartta\/#breadcrumb\"},\"inLanguage\":\"fi\",\"potentialAction\":[{\"@type\":\"ReadAction\",\"target\":[\"https:\/\/keiteleenkalatalousalue.fi\/aanekoski\/luvat\/luvanmyyjat-ja-lupakartta\/\"]}]},{\"@type\":\"ImageObject\",\"inLanguage\":\"fi\",\"@id\":\"https:\/\/keiteleenkalatalousalue.fi\/aanekoski\/luvat\/luvanmyyjat-ja-lupakartta\/#primaryimage\",\"url\":\"https:\/\/keiteleenkalatalousalue.fi\/aanekoski\/wp-content\/uploads\/sites\/2\/2023\/03\/Naarakoski_Kartta_2023.png\",\"contentUrl\":\"https:\/\/keiteleenkalatalousalue.fi\/aanekoski\/wp-content\/uploads\/sites\/2\/2023\/03\/Naarakoski_Kartta_2023.png\",\"width\":1396,\"height\":901},{\"@type\":\"BreadcrumbList\",\"@id\":\"https:\/\/keiteleenkalatalousalue.fi\/aanekoski\/luvat\/luvanmyyjat-ja-lupakartta\/#breadcrumb\",\"itemListElement\":[{\"@type\":\"ListItem\",\"position\":1,\"name\":\"Home\",\"item\":\"https:\/\/keiteleenkalatalousalue.fi\/aanekoski\/\"},{\"@type\":\"ListItem\",\"position\":2,\"name\":\"Yksityinen: Luvat\",\"item\":\"https:\/\/keiteleenkalatalousalue.fi\/aanekoski\/?page_id=45\"},{\"@type\":\"ListItem\",\"position\":3,\"name\":\"Luvanmyyj\u00e4t ja lupakartta\"}]},{\"@type\":\"WebSite\",\"@id\":\"https:\/\/keiteleenkalatalousalue.fi\/aanekoski\/#website\",\"url\":\"https:\/\/keiteleenkalatalousalue.fi\/aanekoski\/\",\"name\":\"\u00c4\u00e4nekosken osakaskunta\",\"description\":\"\",\"potentialAction\":[{\"@type\":\"SearchAction\",\"target\":{\"@type\":\"EntryPoint\",\"urlTemplate\":\"https:\/\/keiteleenkalatalousalue.fi\/aanekoski\/?s={search_term_string}\"},\"query-input\":{\"@type\":\"PropertyValueSpecification\",\"valueRequired\":true,\"valueName\":\"search_term_string\"}}],\"inLanguage\":\"fi\"}]}<\/script>\n<!-- \/ Yoast SEO plugin. -->","yoast_head_json":{"title":"Luvanmyyj\u00e4t ja lupakartta - \u00c4\u00e4nekosken osakaskunta","robots":{"index":"index","follow":"follow","max-snippet":"max-snippet:-1","max-image-preview":"max-image-preview:large","max-video-preview":"max-video-preview:-1"},"canonical":"https:\/\/keiteleenkalatalousalue.fi\/aanekoski\/luvat\/luvanmyyjat-ja-lupakartta\/","og_locale":"fi_FI","og_type":"article","og_title":"Luvanmyyj\u00e4t ja lupakartta - \u00c4\u00e4nekosken osakaskunta","og_description":"Luvanmyyj\u00e4t Kesport NiskanenKauppakatu 6, 44100 \u00c4\u00e4nekoski.&nbsp; Puh. 020 7189 800 Seo M\u00e4mmensalmiOuluntie 468, 44150 \u00c4\u00e4nekoski. Puh. 014 585 566 Verkkomerkit, vesilinnustus, Naarakosken luvat Maksuv\u00e4lineeksi Naarakoskeen k\u00e4y my\u00f6s smartum-kulttuurisaldo Niskasella Verkosta suoraan:&nbsp;Ostaluvat.fi Lupakartta virtavesialueeseen Mets\u00e4styskartta","og_url":"https:\/\/keiteleenkalatalousalue.fi\/aanekoski\/luvat\/luvanmyyjat-ja-lupakartta\/","og_site_name":"\u00c4\u00e4nekosken osakaskunta","article_modified_time":"2025-09-05T13:04:31+00:00","og_image":[{"width":1396,"height":901,"url":"https:\/\/keiteleenkalatalousalue.fi\/aanekoski\/wp-content\/uploads\/sites\/2\/2023\/03\/Naarakoski_Kartta_2023.png","type":"image\/png"}],"twitter_card":"summary_large_image","twitter_misc":{"Arvioitu lukuaika":"1 minuutti"},"schema":{"@context":"https:\/\/schema.org","@graph":[{"@type":"WebPage","@id":"https:\/\/keiteleenkalatalousalue.fi\/aanekoski\/luvat\/luvanmyyjat-ja-lupakartta\/","url":"https:\/\/keiteleenkalatalousalue.fi\/aanekoski\/luvat\/luvanmyyjat-ja-lupakartta\/","name":"Luvanmyyj\u00e4t ja lupakartta - \u00c4\u00e4nekosken osakaskunta","isPartOf":{"@id":"https:\/\/keiteleenkalatalousalue.fi\/aanekoski\/#website"},"primaryImageOfPage":{"@id":"https:\/\/keiteleenkalatalousalue.fi\/aanekoski\/luvat\/luvanmyyjat-ja-lupakartta\/#primaryimage"},"image":{"@id":"https:\/\/keiteleenkalatalousalue.fi\/aanekoski\/luvat\/luvanmyyjat-ja-lupakartta\/#primaryimage"},"thumbnailUrl":"https:\/\/keiteleenkalatalousalue.fi\/aanekoski\/wp-content\/uploads\/sites\/2\/2023\/03\/Naarakoski_Kartta_2023-1024x661.png","datePublished":"2020-10-29T09:42:18+00:00","dateModified":"2025-09-05T13:04:31+00:00","breadcrumb":{"@id":"https:\/\/keiteleenkalatalousalue.fi\/aanekoski\/luvat\/luvanmyyjat-ja-lupakartta\/#breadcrumb"},"inLanguage":"fi","potentialAction":[{"@type":"ReadAction","target":["https:\/\/keiteleenkalatalousalue.fi\/aanekoski\/luvat\/luvanmyyjat-ja-lupakartta\/"]}]},{"@type":"ImageObject","inLanguage":"fi","@id":"https:\/\/keiteleenkalatalousalue.fi\/aanekoski\/luvat\/luvanmyyjat-ja-lupakartta\/#primaryimage","url":"https:\/\/keiteleenkalatalousalue.fi\/aanekoski\/wp-content\/uploads\/sites\/2\/2023\/03\/Naarakoski_Kartta_2023.png","contentUrl":"https:\/\/keiteleenkalatalousalue.fi\/aanekoski\/wp-content\/uploads\/sites\/2\/2023\/03\/Naarakoski_Kartta_2023.png","width":1396,"height":901},{"@type":"BreadcrumbList","@id":"https:\/\/keiteleenkalatalousalue.fi\/aanekoski\/luvat\/luvanmyyjat-ja-lupakartta\/#breadcrumb","itemListElement":[{"@type":"ListItem","position":1,"name":"Home","item":"https:\/\/keiteleenkalatalousalue.fi\/aanekoski\/"},{"@type":"ListItem","position":2,"name":"Yksityinen: Luvat","item":"https:\/\/keiteleenkalatalousalue.fi\/aanekoski\/?page_id=45"},{"@type":"ListItem","position":3,"name":"Luvanmyyj\u00e4t ja lupakartta"}]},{"@type":"WebSite","@id":"https:\/\/keiteleenkalatalousalue.fi\/aanekoski\/#website","url":"https:\/\/keiteleenkalatalousalue.fi\/aanekoski\/","name":"\u00c4\u00e4nekosken osakaskunta","description":"","potentialAction":[{"@type":"SearchAction","target":{"@type":"EntryPoint","urlTemplate":"https:\/\/keiteleenkalatalousalue.fi\/aanekoski\/?s={search_term_string}"},"query-input":{"@type":"PropertyValueSpecification","valueRequired":true,"valueName":"search_term_string"}}],"inLanguage":"fi"}]}},"_links":{"self":[{"href":"https:\/\/keiteleenkalatalousalue.fi\/aanekoski\/wp-json\/wp\/v2\/pages\/90","targetHints":{"allow":["GET"]}}],"collection":[{"href":"https:\/\/keiteleenkalatalousalue.fi\/aanekoski\/wp-json\/wp\/v2\/pages"}],"about":[{"href":"https:\/\/keiteleenkalatalousalue.fi\/aanekoski\/wp-json\/wp\/v2\/types\/page"}],"author":[{"embeddable":true,"href":"https:\/\/keiteleenkalatalousalue.fi\/aanekoski\/wp-json\/wp\/v2\/users\/1"}],"replies":[{"embeddable":true,"href":"https:\/\/keiteleenkalatalousalue.fi\/aanekoski\/wp-json\/wp\/v2\/comments?post=90"}],"version-history":[{"count":9,"href":"https:\/\/keiteleenkalatalousalue.fi\/aanekoski\/wp-json\/wp\/v2\/pages\/90\/revisions"}],"predecessor-version":[{"id":418,"href":"https:\/\/keiteleenkalatalousalue.fi\/aanekoski\/wp-json\/wp\/v2\/pages\/90\/revisions\/418"}],"up":[{"embeddable":true,"href":"https:\/\/keiteleenkalatalousalue.fi\/aanekoski\/wp-json\/wp\/v2\/pages\/45"}],"wp:attachment":[{"href":"https:\/\/keiteleenkalatalousalue.fi\/aanekoski\/wp-json\/wp\/v2\/media?parent=90"}],"curies":[{"name":"wp","href":"https:\/\/api.w.org\/{rel}","templated":true}]}}