{"id":86,"date":"2020-10-29T11:39:36","date_gmt":"2020-10-29T09:39:36","guid":{"rendered":"http:\/\/89.166.51.80\/~pohjoispaij\/ahtola\/?page_id=86"},"modified":"2026-02-20T13:17:02","modified_gmt":"2026-02-20T11:17:02","slug":"lupamaksut-ja-ohjeet","status":"publish","type":"page","link":"https:\/\/keiteleenkalatalousalue.fi\/aanekoski\/luvat\/lupamaksut-ja-ohjeet\/","title":{"rendered":"Lupamaksut ja ohjeet"},"content":{"rendered":"\n<h2 class=\"wp-block-heading\">Lupamaksut ja ohjeet<\/h2>\n\n\n\n<p>Kalanpyydykset&nbsp;on pidett\u00e4v\u00e4 merkittyin\u00e4 virallisen ohjeen mukaisesti; kes\u00e4ll\u00e4 verkon molemmissa p\u00e4iss\u00e4 n\u00e4kyv\u00e4 lippu&nbsp;ja pyydysmerkit. Talvella avannon reunassa&nbsp;keppi jossa on pyydysmerkit tai vanerilappu jossa on pyydysmerkkien numerot. Katiskoissa pit\u00e4\u00e4 olla merkki.<\/p>\n\n\n\n<p>Verkkojen minimi solmuv\u00e4li on talvella Kuhnamolla ja Keiteleell\u00e4 55 mm. Talviverkkoja saa olla Ahkiolahdessa vain yksi.<br>Rauhoitusalueet: Kissakosken ja Naarakosken alaosa virkistyskalastus-alueena erityisluvin. <br>Muut s\u00e4\u00e4nn\u00f6t: Kuhnamolla max 4 verkkoa per\u00e4tt\u00e4in (max 120 m). Keiteleell\u00e4 max 8 verkkoa per\u00e4tt\u00e4in. (max 240 m). Kapeikkopaikoissa v\u00e4hint\u00e4\u00e4n 2\/3 osaa on j\u00e4\u00e4t\u00e4v\u00e4 kulkureitille vapaata. Eli pyydykset saa ulottua enint\u00e4\u00e4n 1\/3 kapeikonleveydest\u00e4. <br>Kes\u00e4kuussa on&nbsp; solmuv\u00e4lilt\u00e4\u00e4n 31 \u2013 54 mm verkot kielletty istukkaiden turvaamiseksi Kuhnamossa \u00c4\u00e4nekosken Osakaskunnan alueella. <br>Ruokolahti on rauhoitettu kaikelta kalastukselta. Vintil\u00e4nlahdella saa kalastaa vain yhdell\u00e4 vavalla. Vintil\u00e4nlahti ei ole uisteluluvan aluetta. M\u00e4mmenkoski ja Ruunajoki my\u00f6s kalastuskieltoaluetta (taimenien lis\u00e4\u00e4ntymisaluetta.) Naarakoskessa kalastus erityisluvin.<\/p>\n\n\n\n<p>Ravustus sallitaan vesialueella.<\/p>\n\n\n\n<p>Mets\u00e4stys;&nbsp; Vesilintuja&nbsp; saa mets\u00e4st\u00e4\u00e4 Keiteleell\u00e4 Risusaaren pohjoispuolelta Ristiniemeen ulottuvan vy\u00f6hykkeen pohjoispuolella. Lis\u00e4ksi vesilintuja saa mets\u00e4st\u00e4\u00e4 Ruotinkyl\u00e4n mets\u00e4stysseuran alueella ja&nbsp; luvalla osalla lammista. Kuhnamolla vesilintujen mets\u00e4stys on kielletty. Lupamyyji\u00e4 ohjeistetaan muistuttamaan mets\u00e4st\u00e4ji\u00e4 etteiv\u00e4t ammu asutusta p\u00e4in ja muutoinkin asutukseen on oltava v\u00e4hint\u00e4\u00e4n 150 metri\u00e4 matkaa. Vesilintujen mets\u00e4stykseen tarvitaan vesilinnustuslupa 20 \u20ac.<\/p>\n\n\n\n<p>Uistelulupa on venekohtainen 5:lle vavalle 30 \u20ac osakaskunnan vesialueilla.<\/p>\n\n\n\n<p>Naara- ja kissakoskessa\u00a0sallitaan kalastus vain erityisluvin, joita myyd\u00e4\u00e4n 1.1 &#8211;\u00a031.8 ja 1.12 -31.12.2026 v\u00e4liselle ajalle Niskasen urheiluosastolta ja Netist\u00e4 ostaluvat.fi.\u00a0Alle 12-vuotiaat lapset saavat kalastaa aikuisen luvalla aikuisen kiinti\u00f6\u00f6n. Aikuisen on oltava samanaikaisesti lapsen kanssa kalassa.\u00a0Lupa-alue on merkattu maastoon opastein. Lupa oikeuttaa\u00a01 arvokalaan \/ vrk 6 tunnin luvalla ja 2 arvokalaan muilla luvilla. Kalakannan tulevaisuuden kannalta osakaskunnat p\u00e4\u00e4ttiv\u00e4t rauhoittaa kaikki taimen muodot ja harjuksen. Kirjolohella ei ole alamittaa. <strong>Kalastus sallittu vain v\u00e4k\u00e4sett\u00f6m\u00e4ll\u00e4 koukulla.<\/strong> Lis\u00e4ksi koskien alasuvannoista saa pyydyst\u00e4\u00e4 ruokakalaksi max. 2 mitallista kuhaa luvalla \/ vuorokaudessa.\u00a0Kalastajan on\u00a0palautettava s\u00e4hk\u00f6inen saalisilmoituslomake ostaluvat.fi lupien yhteydess\u00e4 olevan palautteen\u00a0saaliistaan.\u00a0Alueella on seisovilla pyydyksill\u00e4 (verkko, katiska) kalastus kielletty, samoin vesilintujen mets\u00e4stys. Kahluu kielletty 1.12. &#8211; 31.5. v\u00e4lisen\u00e4 aikana.<\/p>\n\n\n\n<p>Kalastuksen valvontaa suorittaa valvojakoulutuksen k\u00e4yneet&nbsp;henkil\u00f6t&nbsp;Osakaskunnan alueella sek\u00e4 Naarakoskessa.<\/p>\n\n\n\n<p>Lupamaksut kaudelle 2026<\/p>\n\n\n\n<p><strong>Verkko:<\/strong>&nbsp;8 \u20ac, maks. 8 merkki\u00e4 <br><strong>Katiska:<\/strong>&nbsp;4 \u20ac, maks. 5 merkki\u00e4<br><strong>Koukut:<\/strong>&nbsp;4 \u20ac, merkill\u00e4 saa pit\u00e4\u00e4 5 koukkua<br><strong>Rantarys\u00e4:<\/strong> 25 \u20ac<br><strong>Uistelu:<\/strong>&nbsp;30 \u20ac<br><strong>Vesilinnustus:<\/strong>&nbsp;20 \u20ac<\/p>\n\n\n\n<p>Naarakosken lupahinnat kaudelle 2025:<\/p>\n\n\n\n<p>Kausi 200 \u20ac<\/p>\n\n\n\n<p>24 h 28 \u20ac<\/p>\n\n\n\n<p>12 h&nbsp;24 \u20ac<\/p>\n\n\n\n<p>6 h 20 \u20ac<\/p>\n\n\n\n<p><\/p>\n","protected":false},"excerpt":{"rendered":"<p>Lupamaksut ja ohjeet Kalanpyydykset&nbsp;on pidett\u00e4v\u00e4 merkittyin\u00e4 virallisen ohjeen mukaisesti; kes\u00e4ll\u00e4 verkon molemmissa p\u00e4iss\u00e4 n\u00e4kyv\u00e4 lippu&nbsp;ja pyydysmerkit. Talvella avannon reunassa&nbsp;keppi jossa on pyydysmerkit tai vanerilappu jossa on pyydysmerkkien numerot. Katiskoissa pit\u00e4\u00e4 olla merkki. Verkkojen minimi solmuv\u00e4li on talvella Kuhnamolla ja Keiteleell\u00e4 55 mm. Talviverkkoja saa olla Ahkiolahdessa vain yksi.Rauhoitusalueet: Kissakosken ja Naarakosken alaosa virkistyskalastus-alueena erityisluvin. Muut<\/p>\n<p><a class=\"moretag\" href=\"https:\/\/keiteleenkalatalousalue.fi\/aanekoski\/luvat\/lupamaksut-ja-ohjeet\/\"> Lue lis\u00e4\u00e4 ><\/a><\/p>\n","protected":false},"author":1,"featured_media":0,"parent":45,"menu_order":0,"comment_status":"closed","ping_status":"closed","template":"basic-sivu.php","meta":{"_acf_changed":false,"footnotes":""},"class_list":["post-86","page","type-page","status-publish","hentry"],"acf":[],"yoast_head":"<!-- This site is optimized with the Yoast SEO plugin v27.1.1 - https:\/\/yoast.com\/product\/yoast-seo-wordpress\/ -->\n<title>Lupamaksut ja ohjeet - \u00c4\u00e4nekosken osakaskunta<\/title>\n<meta name=\"robots\" content=\"index, follow, max-snippet:-1, max-image-preview:large, max-video-preview:-1\" \/>\n<link rel=\"canonical\" href=\"https:\/\/keiteleenkalatalousalue.fi\/aanekoski\/luvat\/lupamaksut-ja-ohjeet\/\" \/>\n<meta property=\"og:locale\" content=\"fi_FI\" \/>\n<meta property=\"og:type\" content=\"article\" \/>\n<meta property=\"og:title\" content=\"Lupamaksut ja ohjeet - \u00c4\u00e4nekosken osakaskunta\" \/>\n<meta property=\"og:description\" content=\"Lupamaksut ja ohjeet Kalanpyydykset&nbsp;on pidett\u00e4v\u00e4 merkittyin\u00e4 virallisen ohjeen mukaisesti; kes\u00e4ll\u00e4 verkon molemmissa p\u00e4iss\u00e4 n\u00e4kyv\u00e4 lippu&nbsp;ja pyydysmerkit. Talvella avannon reunassa&nbsp;keppi jossa on pyydysmerkit tai vanerilappu jossa on pyydysmerkkien numerot. Katiskoissa pit\u00e4\u00e4 olla merkki. Verkkojen minimi solmuv\u00e4li on talvella Kuhnamolla ja Keiteleell\u00e4 55 mm. Talviverkkoja saa olla Ahkiolahdessa vain yksi.Rauhoitusalueet: Kissakosken ja Naarakosken alaosa virkistyskalastus-alueena erityisluvin. Muut Lue lis\u00e4\u00e4 &gt;\" \/>\n<meta property=\"og:url\" content=\"https:\/\/keiteleenkalatalousalue.fi\/aanekoski\/luvat\/lupamaksut-ja-ohjeet\/\" \/>\n<meta property=\"og:site_name\" content=\"\u00c4\u00e4nekosken osakaskunta\" \/>\n<meta property=\"article:modified_time\" content=\"2026-02-20T11:17:02+00:00\" \/>\n<meta name=\"twitter:card\" content=\"summary_large_image\" \/>\n<meta name=\"twitter:label1\" content=\"Arvioitu lukuaika\" \/>\n\t<meta name=\"twitter:data1\" content=\"3 minuuttia\" \/>\n<script type=\"application\/ld+json\" class=\"yoast-schema-graph\">{\"@context\":\"https:\/\/schema.org\",\"@graph\":[{\"@type\":\"WebPage\",\"@id\":\"https:\/\/keiteleenkalatalousalue.fi\/aanekoski\/luvat\/lupamaksut-ja-ohjeet\/\",\"url\":\"https:\/\/keiteleenkalatalousalue.fi\/aanekoski\/luvat\/lupamaksut-ja-ohjeet\/\",\"name\":\"Lupamaksut ja ohjeet - \u00c4\u00e4nekosken osakaskunta\",\"isPartOf\":{\"@id\":\"https:\/\/keiteleenkalatalousalue.fi\/aanekoski\/#website\"},\"datePublished\":\"2020-10-29T09:39:36+00:00\",\"dateModified\":\"2026-02-20T11:17:02+00:00\",\"breadcrumb\":{\"@id\":\"https:\/\/keiteleenkalatalousalue.fi\/aanekoski\/luvat\/lupamaksut-ja-ohjeet\/#breadcrumb\"},\"inLanguage\":\"fi\",\"potentialAction\":[{\"@type\":\"ReadAction\",\"target\":[\"https:\/\/keiteleenkalatalousalue.fi\/aanekoski\/luvat\/lupamaksut-ja-ohjeet\/\"]}]},{\"@type\":\"BreadcrumbList\",\"@id\":\"https:\/\/keiteleenkalatalousalue.fi\/aanekoski\/luvat\/lupamaksut-ja-ohjeet\/#breadcrumb\",\"itemListElement\":[{\"@type\":\"ListItem\",\"position\":1,\"name\":\"Home\",\"item\":\"https:\/\/keiteleenkalatalousalue.fi\/aanekoski\/\"},{\"@type\":\"ListItem\",\"position\":2,\"name\":\"Yksityinen: Luvat\",\"item\":\"https:\/\/keiteleenkalatalousalue.fi\/aanekoski\/?page_id=45\"},{\"@type\":\"ListItem\",\"position\":3,\"name\":\"Lupamaksut ja ohjeet\"}]},{\"@type\":\"WebSite\",\"@id\":\"https:\/\/keiteleenkalatalousalue.fi\/aanekoski\/#website\",\"url\":\"https:\/\/keiteleenkalatalousalue.fi\/aanekoski\/\",\"name\":\"\u00c4\u00e4nekosken osakaskunta\",\"description\":\"\",\"potentialAction\":[{\"@type\":\"SearchAction\",\"target\":{\"@type\":\"EntryPoint\",\"urlTemplate\":\"https:\/\/keiteleenkalatalousalue.fi\/aanekoski\/?s={search_term_string}\"},\"query-input\":{\"@type\":\"PropertyValueSpecification\",\"valueRequired\":true,\"valueName\":\"search_term_string\"}}],\"inLanguage\":\"fi\"}]}<\/script>\n<!-- \/ Yoast SEO plugin. -->","yoast_head_json":{"title":"Lupamaksut ja ohjeet - \u00c4\u00e4nekosken osakaskunta","robots":{"index":"index","follow":"follow","max-snippet":"max-snippet:-1","max-image-preview":"max-image-preview:large","max-video-preview":"max-video-preview:-1"},"canonical":"https:\/\/keiteleenkalatalousalue.fi\/aanekoski\/luvat\/lupamaksut-ja-ohjeet\/","og_locale":"fi_FI","og_type":"article","og_title":"Lupamaksut ja ohjeet - \u00c4\u00e4nekosken osakaskunta","og_description":"Lupamaksut ja ohjeet Kalanpyydykset&nbsp;on pidett\u00e4v\u00e4 merkittyin\u00e4 virallisen ohjeen mukaisesti; kes\u00e4ll\u00e4 verkon molemmissa p\u00e4iss\u00e4 n\u00e4kyv\u00e4 lippu&nbsp;ja pyydysmerkit. Talvella avannon reunassa&nbsp;keppi jossa on pyydysmerkit tai vanerilappu jossa on pyydysmerkkien numerot. Katiskoissa pit\u00e4\u00e4 olla merkki. Verkkojen minimi solmuv\u00e4li on talvella Kuhnamolla ja Keiteleell\u00e4 55 mm. Talviverkkoja saa olla Ahkiolahdessa vain yksi.Rauhoitusalueet: Kissakosken ja Naarakosken alaosa virkistyskalastus-alueena erityisluvin. Muut Lue lis\u00e4\u00e4 >","og_url":"https:\/\/keiteleenkalatalousalue.fi\/aanekoski\/luvat\/lupamaksut-ja-ohjeet\/","og_site_name":"\u00c4\u00e4nekosken osakaskunta","article_modified_time":"2026-02-20T11:17:02+00:00","twitter_card":"summary_large_image","twitter_misc":{"Arvioitu lukuaika":"3 minuuttia"},"schema":{"@context":"https:\/\/schema.org","@graph":[{"@type":"WebPage","@id":"https:\/\/keiteleenkalatalousalue.fi\/aanekoski\/luvat\/lupamaksut-ja-ohjeet\/","url":"https:\/\/keiteleenkalatalousalue.fi\/aanekoski\/luvat\/lupamaksut-ja-ohjeet\/","name":"Lupamaksut ja ohjeet - \u00c4\u00e4nekosken osakaskunta","isPartOf":{"@id":"https:\/\/keiteleenkalatalousalue.fi\/aanekoski\/#website"},"datePublished":"2020-10-29T09:39:36+00:00","dateModified":"2026-02-20T11:17:02+00:00","breadcrumb":{"@id":"https:\/\/keiteleenkalatalousalue.fi\/aanekoski\/luvat\/lupamaksut-ja-ohjeet\/#breadcrumb"},"inLanguage":"fi","potentialAction":[{"@type":"ReadAction","target":["https:\/\/keiteleenkalatalousalue.fi\/aanekoski\/luvat\/lupamaksut-ja-ohjeet\/"]}]},{"@type":"BreadcrumbList","@id":"https:\/\/keiteleenkalatalousalue.fi\/aanekoski\/luvat\/lupamaksut-ja-ohjeet\/#breadcrumb","itemListElement":[{"@type":"ListItem","position":1,"name":"Home","item":"https:\/\/keiteleenkalatalousalue.fi\/aanekoski\/"},{"@type":"ListItem","position":2,"name":"Yksityinen: Luvat","item":"https:\/\/keiteleenkalatalousalue.fi\/aanekoski\/?page_id=45"},{"@type":"ListItem","position":3,"name":"Lupamaksut ja ohjeet"}]},{"@type":"WebSite","@id":"https:\/\/keiteleenkalatalousalue.fi\/aanekoski\/#website","url":"https:\/\/keiteleenkalatalousalue.fi\/aanekoski\/","name":"\u00c4\u00e4nekosken osakaskunta","description":"","potentialAction":[{"@type":"SearchAction","target":{"@type":"EntryPoint","urlTemplate":"https:\/\/keiteleenkalatalousalue.fi\/aanekoski\/?s={search_term_string}"},"query-input":{"@type":"PropertyValueSpecification","valueRequired":true,"valueName":"search_term_string"}}],"inLanguage":"fi"}]}},"_links":{"self":[{"href":"https:\/\/keiteleenkalatalousalue.fi\/aanekoski\/wp-json\/wp\/v2\/pages\/86","targetHints":{"allow":["GET"]}}],"collection":[{"href":"https:\/\/keiteleenkalatalousalue.fi\/aanekoski\/wp-json\/wp\/v2\/pages"}],"about":[{"href":"https:\/\/keiteleenkalatalousalue.fi\/aanekoski\/wp-json\/wp\/v2\/types\/page"}],"author":[{"embeddable":true,"href":"https:\/\/keiteleenkalatalousalue.fi\/aanekoski\/wp-json\/wp\/v2\/users\/1"}],"replies":[{"embeddable":true,"href":"https:\/\/keiteleenkalatalousalue.fi\/aanekoski\/wp-json\/wp\/v2\/comments?post=86"}],"version-history":[{"count":11,"href":"https:\/\/keiteleenkalatalousalue.fi\/aanekoski\/wp-json\/wp\/v2\/pages\/86\/revisions"}],"predecessor-version":[{"id":431,"href":"https:\/\/keiteleenkalatalousalue.fi\/aanekoski\/wp-json\/wp\/v2\/pages\/86\/revisions\/431"}],"up":[{"embeddable":true,"href":"https:\/\/keiteleenkalatalousalue.fi\/aanekoski\/wp-json\/wp\/v2\/pages\/45"}],"wp:attachment":[{"href":"https:\/\/keiteleenkalatalousalue.fi\/aanekoski\/wp-json\/wp\/v2\/media?parent=86"}],"curies":[{"name":"wp","href":"https:\/\/api.w.org\/{rel}","templated":true}]}}