{"id":56,"date":"2020-10-29T10:03:00","date_gmt":"2020-10-29T08:03:00","guid":{"rendered":"http:\/\/89.166.51.80\/~pohjoispaij\/ahtola\/?page_id=56"},"modified":"2025-04-22T12:39:13","modified_gmt":"2025-04-22T09:39:13","slug":"saannot","status":"publish","type":"page","link":"https:\/\/keiteleenkalatalousalue.fi\/aanekoski\/hallinto\/saannot\/","title":{"rendered":"S\u00e4\u00e4nn\u00f6t"},"content":{"rendered":"\n<h2 class=\"wp-block-heading\">Osakaskunnan s\u00e4\u00e4nn\u00f6t<\/h2>\n\n\n\n<p><strong>\u00c4\u00e4nekosken Osakaskunta, kalastusohjeet vuodelle 2025<\/strong><\/p>\n\n\n\n<ol start=\"1\" class=\"wp-block-list\">\n<li><strong>Kalanpyydykset on pidett\u00e4v\u00e4 merkittyin\u00e4 virallisen ohjeen mukaisesti; kes\u00e4ll\u00e4 verkon molemmissa p\u00e4iss\u00e4 n\u00e4kyv\u00e4 lippu ja pyydysmerkit. Talvella avannon reunassa paalu jossa on pyydysmerkit tai vanerilappu jossa on pyydysmerkkien numerot. Katiskoissa pit\u00e4\u00e4 olla merkki.<\/strong> <br><strong>Pitk\u00e4siima merkataan 30 m:n v\u00e4lein n\u00e4kyv\u00e4ll\u00e4 polalla.<\/strong><\/li>\n<\/ol>\n\n\n\n<ol start=\"2\" class=\"wp-block-list\">\n<li><strong>Verkkojen minimi solmuv\u00e4li on talvella Kuhnamolla ja Keiteleell\u00e4 55 mm. Talviverkkoja saa olla Ahkiolahdessa vain yksi. Rauhoitusalueet: Kissakosken ja Naarakosken alaosa virkistyskalastus-alueena erityisluvin. Muut s\u00e4\u00e4nn\u00f6t: Kuhnamolla max 4 verkkoa per\u00e4tt\u00e4in (max 120 m). Keiteleell\u00e4 max 8 verkkoa per\u00e4tt\u00e4in. (max 240 m). Kapeikkopaikoissa v\u00e4hint\u00e4\u00e4n 2\/3 osaa on j\u00e4\u00e4t\u00e4v\u00e4 kulkureitille vapaata. Eli pyydykset saa ulottua enint\u00e4\u00e4n 1\/3 kapeikonleveydest\u00e4. Kes\u00e4kuussa on&nbsp; solmuv\u00e4lilt\u00e4\u00e4n 31 \u2013 54 mm verkot kielletty istukkaiden turvaamiseksi Kuhnamossa \u00c4\u00e4nekosken Osakaskunnan alueella. Ruokolahti on rauhoitettu kaikelta kalastukselta. Vintil\u00e4nlahdella saa kalastaa vain yhdell\u00e4 vavalla. Vintil\u00e4nlahti ei ole uisteluluvan aluetta. M\u00e4mmenkoski ja Ruunajoki my\u00f6s kalastuskieltoaluetta (taimenien lis\u00e4\u00e4ntymisaluetta.) Naarakoskessa kalastus erityisluvin. <a href=\"http:\/\/www.kalastusrajoitus.fi\">www.kalastusrajoitus.fi<\/a><\/strong><\/li>\n<\/ol>\n\n\n\n<ol start=\"3\" class=\"wp-block-list\">\n<li><strong>Ravustus sallitaan vesialueella.<\/strong><\/li>\n<\/ol>\n\n\n\n<ol start=\"4\" class=\"wp-block-list\">\n<li><strong>Mets\u00e4stys;&nbsp; Vesilintuja&nbsp; saa mets\u00e4st\u00e4\u00e4 Keiteleell\u00e4 Risusaaren pohjoispuolelta Ristiniemeen ulottuvan vy\u00f6hykkeen pohjoispuolella.<\/strong> <strong>Lis\u00e4ksi vesilintuja saa mets\u00e4st\u00e4\u00e4 Ruotinkyl\u00e4n mets\u00e4stysseuran alueella ja&nbsp; luvalla osalla lammista. Kuhnamolla vesilintujen mets\u00e4stys on kielletty. Lupamyyji\u00e4 ohjeistetaan muistuttamaan mets\u00e4st\u00e4ji\u00e4 etteiv\u00e4t ammu asutusta p\u00e4in ja muutoinkin asutukseen on oltava v\u00e4hint\u00e4\u00e4n 150 metri\u00e4 matkaa. Vesilintujen mets\u00e4stykseen tarvitaan vesilinnustuslupa<strong> 20 \u20ac.<\/strong><\/strong><\/li>\n<\/ol>\n\n\n\n<ol start=\"5\" class=\"wp-block-list\">\n<li><strong>Uistelulupa on venekohtainen 5:lle vavalle 30 \u20ac osakaskunnan vesialueilla.<\/strong><\/li>\n<\/ol>\n\n\n\n<ol start=\"6\" class=\"wp-block-list\">\n<li><strong>Naara- ja kissakoskella sallitaan kalastus vain erityisluvin, joita myyd\u00e4\u00e4n 1.1 \u2013 31.8 ja 1.12 &#8211; 31.12.2025 v\u00e4liselle ajalle Niskasen urheiluosastolta ja netiss\u00e4 ostalupa.fi. Lupa-alue on merkattu maastoon opastein. Alueella on seisovilla pyydyksill\u00e4 (verkko, katiska) kalastus kielletty, samoin vesilintujen mets\u00e4stys.<\/strong><\/li>\n<\/ol>\n\n\n\n<ol start=\"7\" class=\"wp-block-list\">\n<li><strong>Kalastuksen valvontaa suorittavat kalastuksenvalvojakoulutuksen k\u00e4yneet \u2013 ja ELY-keskuksen&nbsp; valtuuttamat henkil\u00f6t.<\/strong><\/li>\n<\/ol>\n\n\n\n<ol start=\"8\" class=\"wp-block-list\">\n<li><strong>Lupamaksut:<\/strong><br><br><strong>Verkko:<\/strong>\u00a08 \u20ac, maks. 8 merkki\u00e4 <br><br><strong>Katiska:<\/strong>\u00a04 \u20ac, maks. 5 merkki\u00e4<br><br><strong>Koukut:<\/strong>\u00a04 \u20ac, merkill\u00e4 saa pit\u00e4\u00e4 5 koukkua<br><br><strong>Rantarys\u00e4:<\/strong> 25 \u20ac<br><br><strong>Uistelu:<\/strong>\u00a030 \u20ac<br><br><strong>Vesilinnustus:<\/strong>\u00a020 \u20ac<\/li>\n<\/ol>\n\n\n\n<p class=\"has-text-align-left\"><\/p>\n\n\n\n<ol start=\"9\" class=\"wp-block-list\">\n<li><strong>Yhteystiedot:<\/strong><\/li>\n<\/ol>\n\n\n\n<p><strong>Osakaskunnan puheenjohtaja:&nbsp;&nbsp;&nbsp; Matti Rossi&nbsp;&nbsp;&nbsp;&nbsp;&nbsp;&nbsp;&nbsp;&nbsp;&nbsp;&nbsp;&nbsp;&nbsp;&nbsp;&nbsp;&nbsp;&nbsp;&nbsp;&nbsp;&nbsp;&nbsp;&nbsp;&nbsp;&nbsp; 050 5988936<\/strong><\/p>\n\n\n\n<p><strong>Osakaskunnan sihteeri: &nbsp;&nbsp;&nbsp;&nbsp;&nbsp;&nbsp;&nbsp;       &nbsp; Aki Lahtinen&nbsp;&nbsp;&nbsp;&nbsp;&nbsp;&nbsp;&nbsp;&nbsp;&nbsp;&nbsp;&nbsp;&nbsp;&nbsp;&nbsp;&nbsp;&nbsp;&nbsp;&nbsp;&nbsp;&nbsp; 050 5988939<\/strong><\/p>\n\n\n","protected":false},"excerpt":{"rendered":"<p>Osakaskunnan s\u00e4\u00e4nn\u00f6t \u00c4\u00e4nekosken Osakaskunta, kalastusohjeet vuodelle 2025 Osakaskunnan puheenjohtaja:&nbsp;&nbsp;&nbsp; Matti Rossi&nbsp;&nbsp;&nbsp;&nbsp;&nbsp;&nbsp;&nbsp;&nbsp;&nbsp;&nbsp;&nbsp;&nbsp;&nbsp;&nbsp;&nbsp;&nbsp;&nbsp;&nbsp;&nbsp;&nbsp;&nbsp;&nbsp;&nbsp; 050 5988936 Osakaskunnan sihteeri: &nbsp;&nbsp;&nbsp;&nbsp;&nbsp;&nbsp;&nbsp; &nbsp; Aki Lahtinen&nbsp;&nbsp;&nbsp;&nbsp;&nbsp;&nbsp;&nbsp;&nbsp;&nbsp;&nbsp;&nbsp;&nbsp;&nbsp;&nbsp;&nbsp;&nbsp;&nbsp;&nbsp;&nbsp;&nbsp; 050 5988939<\/p>\n","protected":false},"author":1,"featured_media":0,"parent":32,"menu_order":0,"comment_status":"closed","ping_status":"closed","template":"basic-sivu.php","meta":{"_acf_changed":false,"footnotes":""},"class_list":["post-56","page","type-page","status-publish","hentry"],"acf":[],"yoast_head":"<!-- This site is optimized with the Yoast SEO plugin v27.1.1 - https:\/\/yoast.com\/product\/yoast-seo-wordpress\/ -->\n<title>S\u00e4\u00e4nn\u00f6t - \u00c4\u00e4nekosken osakaskunta<\/title>\n<meta name=\"robots\" content=\"index, follow, max-snippet:-1, max-image-preview:large, max-video-preview:-1\" \/>\n<link rel=\"canonical\" href=\"https:\/\/keiteleenkalatalousalue.fi\/aanekoski\/hallinto\/saannot\/\" \/>\n<meta property=\"og:locale\" content=\"fi_FI\" \/>\n<meta property=\"og:type\" content=\"article\" \/>\n<meta property=\"og:title\" content=\"S\u00e4\u00e4nn\u00f6t - \u00c4\u00e4nekosken osakaskunta\" \/>\n<meta property=\"og:description\" content=\"Osakaskunnan s\u00e4\u00e4nn\u00f6t \u00c4\u00e4nekosken Osakaskunta, kalastusohjeet vuodelle 2025 Osakaskunnan puheenjohtaja:&nbsp;&nbsp;&nbsp; Matti Rossi&nbsp;&nbsp;&nbsp;&nbsp;&nbsp;&nbsp;&nbsp;&nbsp;&nbsp;&nbsp;&nbsp;&nbsp;&nbsp;&nbsp;&nbsp;&nbsp;&nbsp;&nbsp;&nbsp;&nbsp;&nbsp;&nbsp;&nbsp; 050 5988936 Osakaskunnan sihteeri: &nbsp;&nbsp;&nbsp;&nbsp;&nbsp;&nbsp;&nbsp; &nbsp; Aki Lahtinen&nbsp;&nbsp;&nbsp;&nbsp;&nbsp;&nbsp;&nbsp;&nbsp;&nbsp;&nbsp;&nbsp;&nbsp;&nbsp;&nbsp;&nbsp;&nbsp;&nbsp;&nbsp;&nbsp;&nbsp; 050 5988939\" \/>\n<meta property=\"og:url\" content=\"https:\/\/keiteleenkalatalousalue.fi\/aanekoski\/hallinto\/saannot\/\" \/>\n<meta property=\"og:site_name\" content=\"\u00c4\u00e4nekosken osakaskunta\" \/>\n<meta property=\"article:modified_time\" content=\"2025-04-22T09:39:13+00:00\" \/>\n<meta name=\"twitter:card\" content=\"summary_large_image\" \/>\n<meta name=\"twitter:label1\" content=\"Arvioitu lukuaika\" \/>\n\t<meta name=\"twitter:data1\" content=\"3 minuuttia\" \/>\n<script type=\"application\/ld+json\" class=\"yoast-schema-graph\">{\"@context\":\"https:\/\/schema.org\",\"@graph\":[{\"@type\":\"WebPage\",\"@id\":\"https:\/\/keiteleenkalatalousalue.fi\/aanekoski\/hallinto\/saannot\/\",\"url\":\"https:\/\/keiteleenkalatalousalue.fi\/aanekoski\/hallinto\/saannot\/\",\"name\":\"S\u00e4\u00e4nn\u00f6t - \u00c4\u00e4nekosken osakaskunta\",\"isPartOf\":{\"@id\":\"https:\/\/keiteleenkalatalousalue.fi\/aanekoski\/#website\"},\"datePublished\":\"2020-10-29T08:03:00+00:00\",\"dateModified\":\"2025-04-22T09:39:13+00:00\",\"breadcrumb\":{\"@id\":\"https:\/\/keiteleenkalatalousalue.fi\/aanekoski\/hallinto\/saannot\/#breadcrumb\"},\"inLanguage\":\"fi\",\"potentialAction\":[{\"@type\":\"ReadAction\",\"target\":[\"https:\/\/keiteleenkalatalousalue.fi\/aanekoski\/hallinto\/saannot\/\"]}]},{\"@type\":\"BreadcrumbList\",\"@id\":\"https:\/\/keiteleenkalatalousalue.fi\/aanekoski\/hallinto\/saannot\/#breadcrumb\",\"itemListElement\":[{\"@type\":\"ListItem\",\"position\":1,\"name\":\"Home\",\"item\":\"https:\/\/keiteleenkalatalousalue.fi\/aanekoski\/\"},{\"@type\":\"ListItem\",\"position\":2,\"name\":\"Yksityinen: Hallinto\",\"item\":\"https:\/\/keiteleenkalatalousalue.fi\/aanekoski\/?page_id=32\"},{\"@type\":\"ListItem\",\"position\":3,\"name\":\"S\u00e4\u00e4nn\u00f6t\"}]},{\"@type\":\"WebSite\",\"@id\":\"https:\/\/keiteleenkalatalousalue.fi\/aanekoski\/#website\",\"url\":\"https:\/\/keiteleenkalatalousalue.fi\/aanekoski\/\",\"name\":\"\u00c4\u00e4nekosken osakaskunta\",\"description\":\"\",\"potentialAction\":[{\"@type\":\"SearchAction\",\"target\":{\"@type\":\"EntryPoint\",\"urlTemplate\":\"https:\/\/keiteleenkalatalousalue.fi\/aanekoski\/?s={search_term_string}\"},\"query-input\":{\"@type\":\"PropertyValueSpecification\",\"valueRequired\":true,\"valueName\":\"search_term_string\"}}],\"inLanguage\":\"fi\"}]}<\/script>\n<!-- \/ Yoast SEO plugin. -->","yoast_head_json":{"title":"S\u00e4\u00e4nn\u00f6t - \u00c4\u00e4nekosken osakaskunta","robots":{"index":"index","follow":"follow","max-snippet":"max-snippet:-1","max-image-preview":"max-image-preview:large","max-video-preview":"max-video-preview:-1"},"canonical":"https:\/\/keiteleenkalatalousalue.fi\/aanekoski\/hallinto\/saannot\/","og_locale":"fi_FI","og_type":"article","og_title":"S\u00e4\u00e4nn\u00f6t - \u00c4\u00e4nekosken osakaskunta","og_description":"Osakaskunnan s\u00e4\u00e4nn\u00f6t \u00c4\u00e4nekosken Osakaskunta, kalastusohjeet vuodelle 2025 Osakaskunnan puheenjohtaja:&nbsp;&nbsp;&nbsp; Matti Rossi&nbsp;&nbsp;&nbsp;&nbsp;&nbsp;&nbsp;&nbsp;&nbsp;&nbsp;&nbsp;&nbsp;&nbsp;&nbsp;&nbsp;&nbsp;&nbsp;&nbsp;&nbsp;&nbsp;&nbsp;&nbsp;&nbsp;&nbsp; 050 5988936 Osakaskunnan sihteeri: &nbsp;&nbsp;&nbsp;&nbsp;&nbsp;&nbsp;&nbsp; &nbsp; Aki Lahtinen&nbsp;&nbsp;&nbsp;&nbsp;&nbsp;&nbsp;&nbsp;&nbsp;&nbsp;&nbsp;&nbsp;&nbsp;&nbsp;&nbsp;&nbsp;&nbsp;&nbsp;&nbsp;&nbsp;&nbsp; 050 5988939","og_url":"https:\/\/keiteleenkalatalousalue.fi\/aanekoski\/hallinto\/saannot\/","og_site_name":"\u00c4\u00e4nekosken osakaskunta","article_modified_time":"2025-04-22T09:39:13+00:00","twitter_card":"summary_large_image","twitter_misc":{"Arvioitu lukuaika":"3 minuuttia"},"schema":{"@context":"https:\/\/schema.org","@graph":[{"@type":"WebPage","@id":"https:\/\/keiteleenkalatalousalue.fi\/aanekoski\/hallinto\/saannot\/","url":"https:\/\/keiteleenkalatalousalue.fi\/aanekoski\/hallinto\/saannot\/","name":"S\u00e4\u00e4nn\u00f6t - \u00c4\u00e4nekosken osakaskunta","isPartOf":{"@id":"https:\/\/keiteleenkalatalousalue.fi\/aanekoski\/#website"},"datePublished":"2020-10-29T08:03:00+00:00","dateModified":"2025-04-22T09:39:13+00:00","breadcrumb":{"@id":"https:\/\/keiteleenkalatalousalue.fi\/aanekoski\/hallinto\/saannot\/#breadcrumb"},"inLanguage":"fi","potentialAction":[{"@type":"ReadAction","target":["https:\/\/keiteleenkalatalousalue.fi\/aanekoski\/hallinto\/saannot\/"]}]},{"@type":"BreadcrumbList","@id":"https:\/\/keiteleenkalatalousalue.fi\/aanekoski\/hallinto\/saannot\/#breadcrumb","itemListElement":[{"@type":"ListItem","position":1,"name":"Home","item":"https:\/\/keiteleenkalatalousalue.fi\/aanekoski\/"},{"@type":"ListItem","position":2,"name":"Yksityinen: Hallinto","item":"https:\/\/keiteleenkalatalousalue.fi\/aanekoski\/?page_id=32"},{"@type":"ListItem","position":3,"name":"S\u00e4\u00e4nn\u00f6t"}]},{"@type":"WebSite","@id":"https:\/\/keiteleenkalatalousalue.fi\/aanekoski\/#website","url":"https:\/\/keiteleenkalatalousalue.fi\/aanekoski\/","name":"\u00c4\u00e4nekosken osakaskunta","description":"","potentialAction":[{"@type":"SearchAction","target":{"@type":"EntryPoint","urlTemplate":"https:\/\/keiteleenkalatalousalue.fi\/aanekoski\/?s={search_term_string}"},"query-input":{"@type":"PropertyValueSpecification","valueRequired":true,"valueName":"search_term_string"}}],"inLanguage":"fi"}]}},"_links":{"self":[{"href":"https:\/\/keiteleenkalatalousalue.fi\/aanekoski\/wp-json\/wp\/v2\/pages\/56","targetHints":{"allow":["GET"]}}],"collection":[{"href":"https:\/\/keiteleenkalatalousalue.fi\/aanekoski\/wp-json\/wp\/v2\/pages"}],"about":[{"href":"https:\/\/keiteleenkalatalousalue.fi\/aanekoski\/wp-json\/wp\/v2\/types\/page"}],"author":[{"embeddable":true,"href":"https:\/\/keiteleenkalatalousalue.fi\/aanekoski\/wp-json\/wp\/v2\/users\/1"}],"replies":[{"embeddable":true,"href":"https:\/\/keiteleenkalatalousalue.fi\/aanekoski\/wp-json\/wp\/v2\/comments?post=56"}],"version-history":[{"count":22,"href":"https:\/\/keiteleenkalatalousalue.fi\/aanekoski\/wp-json\/wp\/v2\/pages\/56\/revisions"}],"predecessor-version":[{"id":393,"href":"https:\/\/keiteleenkalatalousalue.fi\/aanekoski\/wp-json\/wp\/v2\/pages\/56\/revisions\/393"}],"up":[{"embeddable":true,"href":"https:\/\/keiteleenkalatalousalue.fi\/aanekoski\/wp-json\/wp\/v2\/pages\/32"}],"wp:attachment":[{"href":"https:\/\/keiteleenkalatalousalue.fi\/aanekoski\/wp-json\/wp\/v2\/media?parent=56"}],"curies":[{"name":"wp","href":"https:\/\/api.w.org\/{rel}","templated":true}]}}