{"id":223,"date":"2020-10-22T07:32:51","date_gmt":"2020-10-22T07:32:51","guid":{"rendered":"http:\/\/89.166.51.80\/~pohjoispaij\/ahtola\/?page_id=2"},"modified":"2026-02-20T13:13:37","modified_gmt":"2026-02-20T11:13:37","slug":"etusivu","status":"publish","type":"page","link":"https:\/\/keiteleenkalatalousalue.fi\/aanekoski\/","title":{"rendered":"Etusivu"},"content":{"rendered":"\n<h2 class=\"wp-block-heading\">Tervetuloa \u00c4\u00e4nekosken osakaskuntaan<\/h2>\n\n\n\n<figure class=\"wp-block-gallery has-nested-images columns-default is-cropped wp-block-gallery-1 is-layout-flex wp-block-gallery-is-layout-flex\">\n<figure class=\"wp-block-image size-large\"><img loading=\"lazy\" decoding=\"async\" width=\"451\" height=\"338\" data-id=\"410\" src=\"https:\/\/keiteleenkalatalousalue.fi\/aanekoski\/wp-content\/uploads\/sites\/2\/2025\/05\/Kunnostettu-koski-1.jpg\" alt=\"\" class=\"wp-image-410\" srcset=\"https:\/\/keiteleenkalatalousalue.fi\/aanekoski\/wp-content\/uploads\/sites\/2\/2025\/05\/Kunnostettu-koski-1.jpg 451w, https:\/\/keiteleenkalatalousalue.fi\/aanekoski\/wp-content\/uploads\/sites\/2\/2025\/05\/Kunnostettu-koski-1-300x225.jpg 300w\" sizes=\"auto, (max-width: 451px) 100vw, 451px\" \/><\/figure>\n<\/figure>\n\n\n\n<p><strong>KOKOUKSET<\/strong><\/p>\n\n\n\n<p><strong>S\u00c4\u00c4NT\u00d6M\u00c4\u00c4R\u00c4INEN VUOSIKOKOUS<\/strong><br>Pidet\u00e4\u00e4n \u00c4\u00e4nekosken kaupungintalolla, hallintokatu 4, 44100 \u00c4\u00e4nekoski torstaina 12.3.2026 klo 18.00. Kokouksessa k\u00e4sitell\u00e4\u00e4n s\u00e4\u00e4nt\u00f6jen mukaan vuosikokoukselle kuuluvat asiat. Kokouksen p\u00f6yt\u00e4kirja on n\u00e4ht\u00e4vill\u00e4 s\u00e4\u00e4nn\u00f6iss\u00e4 m\u00e4\u00e4r\u00e4ttyn\u00e4 aikana Mets\u00e4 Groupin \u00c4\u00e4nekosken toimistolla, Kauppakatu 11.<br>Hoitokunta<\/p>\n\n\n\n<p><\/p>\n","protected":false},"excerpt":{"rendered":"<p>Tervetuloa \u00c4\u00e4nekosken osakaskuntaan KOKOUKSET S\u00c4\u00c4NT\u00d6M\u00c4\u00c4R\u00c4INEN VUOSIKOKOUSPidet\u00e4\u00e4n \u00c4\u00e4nekosken kaupungintalolla, hallintokatu 4, 44100 \u00c4\u00e4nekoski torstaina 12.3.2026 klo 18.00. Kokouksessa k\u00e4sitell\u00e4\u00e4n s\u00e4\u00e4nt\u00f6jen mukaan vuosikokoukselle kuuluvat asiat. Kokouksen p\u00f6yt\u00e4kirja on n\u00e4ht\u00e4vill\u00e4 s\u00e4\u00e4nn\u00f6iss\u00e4 m\u00e4\u00e4r\u00e4ttyn\u00e4 aikana Mets\u00e4 Groupin \u00c4\u00e4nekosken toimistolla, Kauppakatu 11.Hoitokunta<\/p>\n","protected":false},"author":1,"featured_media":0,"parent":0,"menu_order":0,"comment_status":"closed","ping_status":"open","template":"","meta":{"_acf_changed":false,"footnotes":""},"class_list":["post-223","page","type-page","status-publish","hentry"],"acf":[],"yoast_head":"<!-- This site is optimized with the Yoast SEO plugin v27.4 - https:\/\/yoast.com\/product\/yoast-seo-wordpress\/ -->\n<title>Etusivu - \u00c4\u00e4nekosken osakaskunta<\/title>\n<meta name=\"robots\" content=\"index, follow, max-snippet:-1, max-image-preview:large, max-video-preview:-1\" \/>\n<link rel=\"canonical\" href=\"https:\/\/keiteleenkalatalousalue.fi\/aanekoski\/\" \/>\n<meta property=\"og:locale\" content=\"fi_FI\" \/>\n<meta property=\"og:type\" content=\"article\" \/>\n<meta property=\"og:title\" content=\"Etusivu - \u00c4\u00e4nekosken osakaskunta\" \/>\n<meta property=\"og:description\" content=\"Tervetuloa \u00c4\u00e4nekosken osakaskuntaan KOKOUKSET S\u00c4\u00c4NT\u00d6M\u00c4\u00c4R\u00c4INEN VUOSIKOKOUSPidet\u00e4\u00e4n \u00c4\u00e4nekosken kaupungintalolla, hallintokatu 4, 44100 \u00c4\u00e4nekoski torstaina 12.3.2026 klo 18.00. Kokouksessa k\u00e4sitell\u00e4\u00e4n s\u00e4\u00e4nt\u00f6jen mukaan vuosikokoukselle kuuluvat asiat. Kokouksen p\u00f6yt\u00e4kirja on n\u00e4ht\u00e4vill\u00e4 s\u00e4\u00e4nn\u00f6iss\u00e4 m\u00e4\u00e4r\u00e4ttyn\u00e4 aikana Mets\u00e4 Groupin \u00c4\u00e4nekosken toimistolla, Kauppakatu 11.Hoitokunta\" \/>\n<meta property=\"og:url\" content=\"https:\/\/keiteleenkalatalousalue.fi\/aanekoski\/\" \/>\n<meta property=\"og:site_name\" content=\"\u00c4\u00e4nekosken osakaskunta\" \/>\n<meta property=\"article:modified_time\" content=\"2026-02-20T11:13:37+00:00\" \/>\n<meta property=\"og:image\" content=\"https:\/\/keiteleenkalatalousalue.fi\/aanekoski\/wp-content\/uploads\/sites\/2\/2025\/05\/Kunnostettu-koski-1.jpg\" \/>\n\t<meta property=\"og:image:width\" content=\"451\" \/>\n\t<meta property=\"og:image:height\" content=\"338\" \/>\n\t<meta property=\"og:image:type\" content=\"image\/jpeg\" \/>\n<meta name=\"twitter:card\" content=\"summary_large_image\" \/>\n<meta name=\"twitter:label1\" content=\"Arvioitu lukuaika\" \/>\n\t<meta name=\"twitter:data1\" content=\"1 minuutti\" \/>\n<script type=\"application\/ld+json\" class=\"yoast-schema-graph\">{\"@context\":\"https:\\\/\\\/schema.org\",\"@graph\":[{\"@type\":\"WebPage\",\"@id\":\"https:\\\/\\\/keiteleenkalatalousalue.fi\\\/aanekoski\\\/\",\"url\":\"https:\\\/\\\/keiteleenkalatalousalue.fi\\\/aanekoski\\\/\",\"name\":\"Etusivu - \u00c4\u00e4nekosken osakaskunta\",\"isPartOf\":{\"@id\":\"https:\\\/\\\/keiteleenkalatalousalue.fi\\\/aanekoski\\\/#website\"},\"primaryImageOfPage\":{\"@id\":\"https:\\\/\\\/keiteleenkalatalousalue.fi\\\/aanekoski\\\/#primaryimage\"},\"image\":{\"@id\":\"https:\\\/\\\/keiteleenkalatalousalue.fi\\\/aanekoski\\\/#primaryimage\"},\"thumbnailUrl\":\"https:\\\/\\\/keiteleenkalatalousalue.fi\\\/aanekoski\\\/wp-content\\\/uploads\\\/sites\\\/2\\\/2025\\\/05\\\/Kunnostettu-koski-1.jpg\",\"datePublished\":\"2020-10-22T07:32:51+00:00\",\"dateModified\":\"2026-02-20T11:13:37+00:00\",\"breadcrumb\":{\"@id\":\"https:\\\/\\\/keiteleenkalatalousalue.fi\\\/aanekoski\\\/#breadcrumb\"},\"inLanguage\":\"fi\",\"potentialAction\":[{\"@type\":\"ReadAction\",\"target\":[\"https:\\\/\\\/keiteleenkalatalousalue.fi\\\/aanekoski\\\/\"]}]},{\"@type\":\"ImageObject\",\"inLanguage\":\"fi\",\"@id\":\"https:\\\/\\\/keiteleenkalatalousalue.fi\\\/aanekoski\\\/#primaryimage\",\"url\":\"https:\\\/\\\/keiteleenkalatalousalue.fi\\\/aanekoski\\\/wp-content\\\/uploads\\\/sites\\\/2\\\/2025\\\/05\\\/Kunnostettu-koski-1.jpg\",\"contentUrl\":\"https:\\\/\\\/keiteleenkalatalousalue.fi\\\/aanekoski\\\/wp-content\\\/uploads\\\/sites\\\/2\\\/2025\\\/05\\\/Kunnostettu-koski-1.jpg\",\"width\":451,\"height\":338},{\"@type\":\"BreadcrumbList\",\"@id\":\"https:\\\/\\\/keiteleenkalatalousalue.fi\\\/aanekoski\\\/#breadcrumb\",\"itemListElement\":[{\"@type\":\"ListItem\",\"position\":1,\"name\":\"Home\",\"item\":\"https:\\\/\\\/keiteleenkalatalousalue.fi\\\/aanekoski\\\/\"},{\"@type\":\"ListItem\",\"position\":2,\"name\":\"Etusivu\"}]},{\"@type\":\"WebSite\",\"@id\":\"https:\\\/\\\/keiteleenkalatalousalue.fi\\\/aanekoski\\\/#website\",\"url\":\"https:\\\/\\\/keiteleenkalatalousalue.fi\\\/aanekoski\\\/\",\"name\":\"\u00c4\u00e4nekosken osakaskunta\",\"description\":\"\",\"potentialAction\":[{\"@type\":\"SearchAction\",\"target\":{\"@type\":\"EntryPoint\",\"urlTemplate\":\"https:\\\/\\\/keiteleenkalatalousalue.fi\\\/aanekoski\\\/?s={search_term_string}\"},\"query-input\":{\"@type\":\"PropertyValueSpecification\",\"valueRequired\":true,\"valueName\":\"search_term_string\"}}],\"inLanguage\":\"fi\"}]}<\/script>\n<!-- \/ Yoast SEO plugin. -->","yoast_head_json":{"title":"Etusivu - \u00c4\u00e4nekosken osakaskunta","robots":{"index":"index","follow":"follow","max-snippet":"max-snippet:-1","max-image-preview":"max-image-preview:large","max-video-preview":"max-video-preview:-1"},"canonical":"https:\/\/keiteleenkalatalousalue.fi\/aanekoski\/","og_locale":"fi_FI","og_type":"article","og_title":"Etusivu - \u00c4\u00e4nekosken osakaskunta","og_description":"Tervetuloa \u00c4\u00e4nekosken osakaskuntaan KOKOUKSET S\u00c4\u00c4NT\u00d6M\u00c4\u00c4R\u00c4INEN VUOSIKOKOUSPidet\u00e4\u00e4n \u00c4\u00e4nekosken kaupungintalolla, hallintokatu 4, 44100 \u00c4\u00e4nekoski torstaina 12.3.2026 klo 18.00. Kokouksessa k\u00e4sitell\u00e4\u00e4n s\u00e4\u00e4nt\u00f6jen mukaan vuosikokoukselle kuuluvat asiat. Kokouksen p\u00f6yt\u00e4kirja on n\u00e4ht\u00e4vill\u00e4 s\u00e4\u00e4nn\u00f6iss\u00e4 m\u00e4\u00e4r\u00e4ttyn\u00e4 aikana Mets\u00e4 Groupin \u00c4\u00e4nekosken toimistolla, Kauppakatu 11.Hoitokunta","og_url":"https:\/\/keiteleenkalatalousalue.fi\/aanekoski\/","og_site_name":"\u00c4\u00e4nekosken osakaskunta","article_modified_time":"2026-02-20T11:13:37+00:00","og_image":[{"width":451,"height":338,"url":"https:\/\/keiteleenkalatalousalue.fi\/aanekoski\/wp-content\/uploads\/sites\/2\/2025\/05\/Kunnostettu-koski-1.jpg","type":"image\/jpeg"}],"twitter_card":"summary_large_image","twitter_misc":{"Arvioitu lukuaika":"1 minuutti"},"schema":{"@context":"https:\/\/schema.org","@graph":[{"@type":"WebPage","@id":"https:\/\/keiteleenkalatalousalue.fi\/aanekoski\/","url":"https:\/\/keiteleenkalatalousalue.fi\/aanekoski\/","name":"Etusivu - \u00c4\u00e4nekosken osakaskunta","isPartOf":{"@id":"https:\/\/keiteleenkalatalousalue.fi\/aanekoski\/#website"},"primaryImageOfPage":{"@id":"https:\/\/keiteleenkalatalousalue.fi\/aanekoski\/#primaryimage"},"image":{"@id":"https:\/\/keiteleenkalatalousalue.fi\/aanekoski\/#primaryimage"},"thumbnailUrl":"https:\/\/keiteleenkalatalousalue.fi\/aanekoski\/wp-content\/uploads\/sites\/2\/2025\/05\/Kunnostettu-koski-1.jpg","datePublished":"2020-10-22T07:32:51+00:00","dateModified":"2026-02-20T11:13:37+00:00","breadcrumb":{"@id":"https:\/\/keiteleenkalatalousalue.fi\/aanekoski\/#breadcrumb"},"inLanguage":"fi","potentialAction":[{"@type":"ReadAction","target":["https:\/\/keiteleenkalatalousalue.fi\/aanekoski\/"]}]},{"@type":"ImageObject","inLanguage":"fi","@id":"https:\/\/keiteleenkalatalousalue.fi\/aanekoski\/#primaryimage","url":"https:\/\/keiteleenkalatalousalue.fi\/aanekoski\/wp-content\/uploads\/sites\/2\/2025\/05\/Kunnostettu-koski-1.jpg","contentUrl":"https:\/\/keiteleenkalatalousalue.fi\/aanekoski\/wp-content\/uploads\/sites\/2\/2025\/05\/Kunnostettu-koski-1.jpg","width":451,"height":338},{"@type":"BreadcrumbList","@id":"https:\/\/keiteleenkalatalousalue.fi\/aanekoski\/#breadcrumb","itemListElement":[{"@type":"ListItem","position":1,"name":"Home","item":"https:\/\/keiteleenkalatalousalue.fi\/aanekoski\/"},{"@type":"ListItem","position":2,"name":"Etusivu"}]},{"@type":"WebSite","@id":"https:\/\/keiteleenkalatalousalue.fi\/aanekoski\/#website","url":"https:\/\/keiteleenkalatalousalue.fi\/aanekoski\/","name":"\u00c4\u00e4nekosken osakaskunta","description":"","potentialAction":[{"@type":"SearchAction","target":{"@type":"EntryPoint","urlTemplate":"https:\/\/keiteleenkalatalousalue.fi\/aanekoski\/?s={search_term_string}"},"query-input":{"@type":"PropertyValueSpecification","valueRequired":true,"valueName":"search_term_string"}}],"inLanguage":"fi"}]}},"_links":{"self":[{"href":"https:\/\/keiteleenkalatalousalue.fi\/aanekoski\/wp-json\/wp\/v2\/pages\/223","targetHints":{"allow":["GET"]}}],"collection":[{"href":"https:\/\/keiteleenkalatalousalue.fi\/aanekoski\/wp-json\/wp\/v2\/pages"}],"about":[{"href":"https:\/\/keiteleenkalatalousalue.fi\/aanekoski\/wp-json\/wp\/v2\/types\/page"}],"author":[{"embeddable":true,"href":"https:\/\/keiteleenkalatalousalue.fi\/aanekoski\/wp-json\/wp\/v2\/users\/1"}],"replies":[{"embeddable":true,"href":"https:\/\/keiteleenkalatalousalue.fi\/aanekoski\/wp-json\/wp\/v2\/comments?post=223"}],"version-history":[{"count":6,"href":"https:\/\/keiteleenkalatalousalue.fi\/aanekoski\/wp-json\/wp\/v2\/pages\/223\/revisions"}],"predecessor-version":[{"id":429,"href":"https:\/\/keiteleenkalatalousalue.fi\/aanekoski\/wp-json\/wp\/v2\/pages\/223\/revisions\/429"}],"wp:attachment":[{"href":"https:\/\/keiteleenkalatalousalue.fi\/aanekoski\/wp-json\/wp\/v2\/media?parent=223"}],"curies":[{"name":"wp","href":"https:\/\/api.w.org\/{rel}","templated":true}]}}