{"id":158,"date":"2020-10-29T12:25:46","date_gmt":"2020-10-29T10:25:46","guid":{"rendered":"http:\/\/89.166.51.80\/~pohjoispaij\/ahtola\/?page_id=158"},"modified":"2024-07-06T14:16:04","modified_gmt":"2024-07-06T11:16:04","slug":"tapahtumat-2022","status":"publish","type":"page","link":"https:\/\/keiteleenkalatalousalue.fi\/aanekoski\/hallinto\/tapahtumat-2022\/","title":{"rendered":"Tapahtumat 2024"},"content":{"rendered":"\n<h2 class=\"wp-block-heading\">Kuhnamolla<\/h2>\n\n\n\n<p><strong>SUURIN AHVEN VENEKISA HEITTOTOURING-NISKANEN<\/strong><\/p>\n\n\n\n<p>Tule kisaamaan Kuhnamolle torstaina 4.7.2024 klo 17.00-20.30.<\/p>\n\n\n\n<p>L\u00e4ht\u00f6 Kuhnamon satamasta kello 17.00.<\/p>\n\n\n\n<p>Veneess\u00e4 saa olla max. nelj\u00e4 kalastajaa ja jokainen kalastaa yhdell\u00e4 vavalla.<\/p>\n\n\n\n<p>Venekunta saa tuoda vain yhden ahvenen punnitukseen.<\/p>\n\n\n\n<p>Viiden suurimman ahvenen saaneet venekunnat palkitaan.<\/p>\n\n\n\n<p>Osallistumismaksu ennakkoon ilmoittautuneilta 35\u20ac\/venekunta ja paikan p\u00e4\u00e4ll\u00e4 ilmoittautuneilta 50\u20ac\/venekunta.<\/p>\n\n\n\n<p>L\u00e4mpim\u00e4sti tervetuloa toivottaa,<\/p>\n\n\n\n<p>\u00c4\u00e4nekosken Osakaskunta ja Kesport Niskanen<\/p>\n\n\n\n<p><strong>PS. Ennakkoilmoittautumiset tekstiviestill\u00e4 1.7.2024 menness\u00e4. puh. 050-5988939<\/strong><\/p>\n\n\n\n<p class=\"has-large-font-size\">KALAKISAN VOITTAJAT<\/p>\n\n\n\n<figure class=\"wp-block-image size-large\"><img loading=\"lazy\" decoding=\"async\" width=\"1024\" height=\"768\" src=\"https:\/\/keiteleenkalatalousalue.fi\/aanekoski\/wp-content\/uploads\/sites\/2\/2024\/07\/Voittajat2024-1024x768.jpg\" alt=\"\" class=\"wp-image-325\" srcset=\"https:\/\/keiteleenkalatalousalue.fi\/aanekoski\/wp-content\/uploads\/sites\/2\/2024\/07\/Voittajat2024-1024x768.jpg 1024w, https:\/\/keiteleenkalatalousalue.fi\/aanekoski\/wp-content\/uploads\/sites\/2\/2024\/07\/Voittajat2024-300x225.jpg 300w, https:\/\/keiteleenkalatalousalue.fi\/aanekoski\/wp-content\/uploads\/sites\/2\/2024\/07\/Voittajat2024-768x576.jpg 768w, https:\/\/keiteleenkalatalousalue.fi\/aanekoski\/wp-content\/uploads\/sites\/2\/2024\/07\/Voittajat2024-1536x1152.jpg 1536w, https:\/\/keiteleenkalatalousalue.fi\/aanekoski\/wp-content\/uploads\/sites\/2\/2024\/07\/Voittajat2024-2048x1536.jpg 2048w\" sizes=\"auto, (max-width: 1024px) 100vw, 1024px\" \/><figcaption class=\"wp-element-caption\">Erno Sonninen, Anssi K\u00e4m\u00e4r\u00e4inen ja Joni Piilonen nappasivat Kuhnamosta isoimman ahvenen 0,531 kg.<\/figcaption><\/figure>\n","protected":false},"excerpt":{"rendered":"<p>Kuhnamolla SUURIN AHVEN VENEKISA HEITTOTOURING-NISKANEN Tule kisaamaan Kuhnamolle torstaina 4.7.2024 klo 17.00-20.30. L\u00e4ht\u00f6 Kuhnamon satamasta kello 17.00. Veneess\u00e4 saa olla max. nelj\u00e4 kalastajaa ja jokainen kalastaa yhdell\u00e4 vavalla. Venekunta saa tuoda vain yhden ahvenen punnitukseen. Viiden suurimman ahvenen saaneet venekunnat palkitaan. Osallistumismaksu ennakkoon ilmoittautuneilta 35\u20ac\/venekunta ja paikan p\u00e4\u00e4ll\u00e4 ilmoittautuneilta 50\u20ac\/venekunta. L\u00e4mpim\u00e4sti tervetuloa toivottaa, \u00c4\u00e4nekosken Osakaskunta<\/p>\n<p><a class=\"moretag\" href=\"https:\/\/keiteleenkalatalousalue.fi\/aanekoski\/hallinto\/tapahtumat-2022\/\"> Lue lis\u00e4\u00e4 ><\/a><\/p>\n","protected":false},"author":1,"featured_media":279,"parent":32,"menu_order":0,"comment_status":"closed","ping_status":"closed","template":"basic-sivu.php","meta":{"_acf_changed":false,"footnotes":""},"class_list":["post-158","page","type-page","status-publish","has-post-thumbnail","hentry"],"acf":[],"yoast_head":"<!-- This site is optimized with the Yoast SEO plugin v27.4 - https:\/\/yoast.com\/product\/yoast-seo-wordpress\/ -->\n<title>Tapahtumat 2024 - \u00c4\u00e4nekosken osakaskunta<\/title>\n<meta name=\"robots\" content=\"index, follow, max-snippet:-1, max-image-preview:large, max-video-preview:-1\" \/>\n<link rel=\"canonical\" href=\"https:\/\/keiteleenkalatalousalue.fi\/aanekoski\/hallinto\/tapahtumat-2022\/\" \/>\n<meta property=\"og:locale\" content=\"fi_FI\" \/>\n<meta property=\"og:type\" content=\"article\" \/>\n<meta property=\"og:title\" content=\"Tapahtumat 2024 - \u00c4\u00e4nekosken osakaskunta\" \/>\n<meta property=\"og:description\" content=\"Kuhnamolla SUURIN AHVEN VENEKISA HEITTOTOURING-NISKANEN Tule kisaamaan Kuhnamolle torstaina 4.7.2024 klo 17.00-20.30. L\u00e4ht\u00f6 Kuhnamon satamasta kello 17.00. Veneess\u00e4 saa olla max. nelj\u00e4 kalastajaa ja jokainen kalastaa yhdell\u00e4 vavalla. Venekunta saa tuoda vain yhden ahvenen punnitukseen. Viiden suurimman ahvenen saaneet venekunnat palkitaan. Osallistumismaksu ennakkoon ilmoittautuneilta 35\u20ac\/venekunta ja paikan p\u00e4\u00e4ll\u00e4 ilmoittautuneilta 50\u20ac\/venekunta. L\u00e4mpim\u00e4sti tervetuloa toivottaa, \u00c4\u00e4nekosken Osakaskunta Lue lis\u00e4\u00e4 &gt;\" \/>\n<meta property=\"og:url\" content=\"https:\/\/keiteleenkalatalousalue.fi\/aanekoski\/hallinto\/tapahtumat-2022\/\" \/>\n<meta property=\"og:site_name\" content=\"\u00c4\u00e4nekosken osakaskunta\" \/>\n<meta property=\"article:modified_time\" content=\"2024-07-06T11:16:04+00:00\" \/>\n<meta property=\"og:image\" content=\"https:\/\/keiteleenkalatalousalue.fi\/aanekoski\/wp-content\/uploads\/sites\/2\/2022\/06\/Ahven.jpeg\" \/>\n\t<meta property=\"og:image:width\" content=\"1500\" \/>\n\t<meta property=\"og:image:height\" content=\"2000\" \/>\n\t<meta property=\"og:image:type\" content=\"image\/jpeg\" \/>\n<meta name=\"twitter:card\" content=\"summary_large_image\" \/>\n<meta name=\"twitter:label1\" content=\"Arvioitu lukuaika\" \/>\n\t<meta name=\"twitter:data1\" content=\"1 minuutti\" \/>\n<script type=\"application\/ld+json\" class=\"yoast-schema-graph\">{\"@context\":\"https:\\\/\\\/schema.org\",\"@graph\":[{\"@type\":\"WebPage\",\"@id\":\"https:\\\/\\\/keiteleenkalatalousalue.fi\\\/aanekoski\\\/hallinto\\\/tapahtumat-2022\\\/\",\"url\":\"https:\\\/\\\/keiteleenkalatalousalue.fi\\\/aanekoski\\\/hallinto\\\/tapahtumat-2022\\\/\",\"name\":\"Tapahtumat 2024 - \u00c4\u00e4nekosken osakaskunta\",\"isPartOf\":{\"@id\":\"https:\\\/\\\/keiteleenkalatalousalue.fi\\\/aanekoski\\\/#website\"},\"primaryImageOfPage\":{\"@id\":\"https:\\\/\\\/keiteleenkalatalousalue.fi\\\/aanekoski\\\/hallinto\\\/tapahtumat-2022\\\/#primaryimage\"},\"image\":{\"@id\":\"https:\\\/\\\/keiteleenkalatalousalue.fi\\\/aanekoski\\\/hallinto\\\/tapahtumat-2022\\\/#primaryimage\"},\"thumbnailUrl\":\"https:\\\/\\\/keiteleenkalatalousalue.fi\\\/aanekoski\\\/wp-content\\\/uploads\\\/sites\\\/2\\\/2022\\\/06\\\/Ahven.jpeg\",\"datePublished\":\"2020-10-29T10:25:46+00:00\",\"dateModified\":\"2024-07-06T11:16:04+00:00\",\"breadcrumb\":{\"@id\":\"https:\\\/\\\/keiteleenkalatalousalue.fi\\\/aanekoski\\\/hallinto\\\/tapahtumat-2022\\\/#breadcrumb\"},\"inLanguage\":\"fi\",\"potentialAction\":[{\"@type\":\"ReadAction\",\"target\":[\"https:\\\/\\\/keiteleenkalatalousalue.fi\\\/aanekoski\\\/hallinto\\\/tapahtumat-2022\\\/\"]}]},{\"@type\":\"ImageObject\",\"inLanguage\":\"fi\",\"@id\":\"https:\\\/\\\/keiteleenkalatalousalue.fi\\\/aanekoski\\\/hallinto\\\/tapahtumat-2022\\\/#primaryimage\",\"url\":\"https:\\\/\\\/keiteleenkalatalousalue.fi\\\/aanekoski\\\/wp-content\\\/uploads\\\/sites\\\/2\\\/2022\\\/06\\\/Ahven.jpeg\",\"contentUrl\":\"https:\\\/\\\/keiteleenkalatalousalue.fi\\\/aanekoski\\\/wp-content\\\/uploads\\\/sites\\\/2\\\/2022\\\/06\\\/Ahven.jpeg\",\"width\":1500,\"height\":2000,\"caption\":\"Suurin Ahven voittaa\"},{\"@type\":\"BreadcrumbList\",\"@id\":\"https:\\\/\\\/keiteleenkalatalousalue.fi\\\/aanekoski\\\/hallinto\\\/tapahtumat-2022\\\/#breadcrumb\",\"itemListElement\":[{\"@type\":\"ListItem\",\"position\":1,\"name\":\"Home\",\"item\":\"https:\\\/\\\/keiteleenkalatalousalue.fi\\\/aanekoski\\\/\"},{\"@type\":\"ListItem\",\"position\":2,\"name\":\"Yksityinen: Hallinto\",\"item\":\"https:\\\/\\\/keiteleenkalatalousalue.fi\\\/aanekoski\\\/?page_id=32\"},{\"@type\":\"ListItem\",\"position\":3,\"name\":\"Tapahtumat 2024\"}]},{\"@type\":\"WebSite\",\"@id\":\"https:\\\/\\\/keiteleenkalatalousalue.fi\\\/aanekoski\\\/#website\",\"url\":\"https:\\\/\\\/keiteleenkalatalousalue.fi\\\/aanekoski\\\/\",\"name\":\"\u00c4\u00e4nekosken osakaskunta\",\"description\":\"\",\"potentialAction\":[{\"@type\":\"SearchAction\",\"target\":{\"@type\":\"EntryPoint\",\"urlTemplate\":\"https:\\\/\\\/keiteleenkalatalousalue.fi\\\/aanekoski\\\/?s={search_term_string}\"},\"query-input\":{\"@type\":\"PropertyValueSpecification\",\"valueRequired\":true,\"valueName\":\"search_term_string\"}}],\"inLanguage\":\"fi\"}]}<\/script>\n<!-- \/ Yoast SEO plugin. -->","yoast_head_json":{"title":"Tapahtumat 2024 - \u00c4\u00e4nekosken osakaskunta","robots":{"index":"index","follow":"follow","max-snippet":"max-snippet:-1","max-image-preview":"max-image-preview:large","max-video-preview":"max-video-preview:-1"},"canonical":"https:\/\/keiteleenkalatalousalue.fi\/aanekoski\/hallinto\/tapahtumat-2022\/","og_locale":"fi_FI","og_type":"article","og_title":"Tapahtumat 2024 - \u00c4\u00e4nekosken osakaskunta","og_description":"Kuhnamolla SUURIN AHVEN VENEKISA HEITTOTOURING-NISKANEN Tule kisaamaan Kuhnamolle torstaina 4.7.2024 klo 17.00-20.30. L\u00e4ht\u00f6 Kuhnamon satamasta kello 17.00. Veneess\u00e4 saa olla max. nelj\u00e4 kalastajaa ja jokainen kalastaa yhdell\u00e4 vavalla. Venekunta saa tuoda vain yhden ahvenen punnitukseen. Viiden suurimman ahvenen saaneet venekunnat palkitaan. Osallistumismaksu ennakkoon ilmoittautuneilta 35\u20ac\/venekunta ja paikan p\u00e4\u00e4ll\u00e4 ilmoittautuneilta 50\u20ac\/venekunta. L\u00e4mpim\u00e4sti tervetuloa toivottaa, \u00c4\u00e4nekosken Osakaskunta Lue lis\u00e4\u00e4 >","og_url":"https:\/\/keiteleenkalatalousalue.fi\/aanekoski\/hallinto\/tapahtumat-2022\/","og_site_name":"\u00c4\u00e4nekosken osakaskunta","article_modified_time":"2024-07-06T11:16:04+00:00","og_image":[{"width":1500,"height":2000,"url":"https:\/\/keiteleenkalatalousalue.fi\/aanekoski\/wp-content\/uploads\/sites\/2\/2022\/06\/Ahven.jpeg","type":"image\/jpeg"}],"twitter_card":"summary_large_image","twitter_misc":{"Arvioitu lukuaika":"1 minuutti"},"schema":{"@context":"https:\/\/schema.org","@graph":[{"@type":"WebPage","@id":"https:\/\/keiteleenkalatalousalue.fi\/aanekoski\/hallinto\/tapahtumat-2022\/","url":"https:\/\/keiteleenkalatalousalue.fi\/aanekoski\/hallinto\/tapahtumat-2022\/","name":"Tapahtumat 2024 - \u00c4\u00e4nekosken osakaskunta","isPartOf":{"@id":"https:\/\/keiteleenkalatalousalue.fi\/aanekoski\/#website"},"primaryImageOfPage":{"@id":"https:\/\/keiteleenkalatalousalue.fi\/aanekoski\/hallinto\/tapahtumat-2022\/#primaryimage"},"image":{"@id":"https:\/\/keiteleenkalatalousalue.fi\/aanekoski\/hallinto\/tapahtumat-2022\/#primaryimage"},"thumbnailUrl":"https:\/\/keiteleenkalatalousalue.fi\/aanekoski\/wp-content\/uploads\/sites\/2\/2022\/06\/Ahven.jpeg","datePublished":"2020-10-29T10:25:46+00:00","dateModified":"2024-07-06T11:16:04+00:00","breadcrumb":{"@id":"https:\/\/keiteleenkalatalousalue.fi\/aanekoski\/hallinto\/tapahtumat-2022\/#breadcrumb"},"inLanguage":"fi","potentialAction":[{"@type":"ReadAction","target":["https:\/\/keiteleenkalatalousalue.fi\/aanekoski\/hallinto\/tapahtumat-2022\/"]}]},{"@type":"ImageObject","inLanguage":"fi","@id":"https:\/\/keiteleenkalatalousalue.fi\/aanekoski\/hallinto\/tapahtumat-2022\/#primaryimage","url":"https:\/\/keiteleenkalatalousalue.fi\/aanekoski\/wp-content\/uploads\/sites\/2\/2022\/06\/Ahven.jpeg","contentUrl":"https:\/\/keiteleenkalatalousalue.fi\/aanekoski\/wp-content\/uploads\/sites\/2\/2022\/06\/Ahven.jpeg","width":1500,"height":2000,"caption":"Suurin Ahven voittaa"},{"@type":"BreadcrumbList","@id":"https:\/\/keiteleenkalatalousalue.fi\/aanekoski\/hallinto\/tapahtumat-2022\/#breadcrumb","itemListElement":[{"@type":"ListItem","position":1,"name":"Home","item":"https:\/\/keiteleenkalatalousalue.fi\/aanekoski\/"},{"@type":"ListItem","position":2,"name":"Yksityinen: Hallinto","item":"https:\/\/keiteleenkalatalousalue.fi\/aanekoski\/?page_id=32"},{"@type":"ListItem","position":3,"name":"Tapahtumat 2024"}]},{"@type":"WebSite","@id":"https:\/\/keiteleenkalatalousalue.fi\/aanekoski\/#website","url":"https:\/\/keiteleenkalatalousalue.fi\/aanekoski\/","name":"\u00c4\u00e4nekosken osakaskunta","description":"","potentialAction":[{"@type":"SearchAction","target":{"@type":"EntryPoint","urlTemplate":"https:\/\/keiteleenkalatalousalue.fi\/aanekoski\/?s={search_term_string}"},"query-input":{"@type":"PropertyValueSpecification","valueRequired":true,"valueName":"search_term_string"}}],"inLanguage":"fi"}]}},"_links":{"self":[{"href":"https:\/\/keiteleenkalatalousalue.fi\/aanekoski\/wp-json\/wp\/v2\/pages\/158","targetHints":{"allow":["GET"]}}],"collection":[{"href":"https:\/\/keiteleenkalatalousalue.fi\/aanekoski\/wp-json\/wp\/v2\/pages"}],"about":[{"href":"https:\/\/keiteleenkalatalousalue.fi\/aanekoski\/wp-json\/wp\/v2\/types\/page"}],"author":[{"embeddable":true,"href":"https:\/\/keiteleenkalatalousalue.fi\/aanekoski\/wp-json\/wp\/v2\/users\/1"}],"replies":[{"embeddable":true,"href":"https:\/\/keiteleenkalatalousalue.fi\/aanekoski\/wp-json\/wp\/v2\/comments?post=158"}],"version-history":[{"count":9,"href":"https:\/\/keiteleenkalatalousalue.fi\/aanekoski\/wp-json\/wp\/v2\/pages\/158\/revisions"}],"predecessor-version":[{"id":335,"href":"https:\/\/keiteleenkalatalousalue.fi\/aanekoski\/wp-json\/wp\/v2\/pages\/158\/revisions\/335"}],"up":[{"embeddable":true,"href":"https:\/\/keiteleenkalatalousalue.fi\/aanekoski\/wp-json\/wp\/v2\/pages\/32"}],"wp:featuredmedia":[{"embeddable":true,"href":"https:\/\/keiteleenkalatalousalue.fi\/aanekoski\/wp-json\/wp\/v2\/media\/279"}],"wp:attachment":[{"href":"https:\/\/keiteleenkalatalousalue.fi\/aanekoski\/wp-json\/wp\/v2\/media?parent=158"}],"curies":[{"name":"wp","href":"https:\/\/api.w.org\/{rel}","templated":true}]}}